{"id":944,"date":"2023-09-18T14:02:26","date_gmt":"2023-09-18T12:02:26","guid":{"rendered":"https:\/\/www.the-escape-room.de\/hildesheim\/?page_id=944"},"modified":"2024-02-21T12:45:48","modified_gmt":"2024-02-21T11:45:48","slug":"grand-hotel-rose-knochenhaueramtshaus","status":"publish","type":"page","link":"https:\/\/www.the-escape-room.de\/hildesheim\/grand-hotel-rose-knochenhaueramtshaus\/","title":{"rendered":"GRAND HOTEL ROSE &#8211; Knochenhaueramtshaus"},"content":{"rendered":"<section class=\"l-section wpb_row height_small with_img with_overlay with_shape\"><div class=\"l-section-img\" style=\"background-image: url(https:\/\/www.the-escape-room.de\/hildesheim\/wp-content\/uploads\/sites\/3\/2023\/09\/Knochenhaueramtshaus-The-Escape-Room-Painting.jpg);\" data-img-width=\"1920\" data-img-height=\"1080\"><\/div><div class=\"l-section-overlay\" style=\"background: rgba(29,29,29,0.70)\"><\/div><div class=\"l-section-shape type_tilt pos_bottom hor_flip\" style=\"color:#BF262A;height:5vh;\"><svg xmlns=\"http:\/\/www.w3.org\/2000\/svg\" viewBox=\"0 0 64 8\" preserveAspectRatio=\"none\" width=\"100%\" height=\"100%\">\r\n\t<path fill=\"currentColor\" d=\"M64 7.9 L64 10 L0 10 L0 0 Z\"\/>\r\n<\/svg><\/div><div class=\"l-section-h i-cf\"><div class=\"g-cols vc_row type_default valign_top\"><div class=\"vc_col-sm-12 wpb_column vc_column_container\"><div class=\"vc_column-inner\"><div class=\"wpb_wrapper\"><div class=\"w-separator size_large\"><\/div><div class=\"wpb_text_column us_custom_3843c00f\" ><div class=\"wpb_wrapper\"><h1 style=\"text-align: center;\">Im Herzen von Hildesheim im Kno\u00ad\u00adchen\u00ad\u00adhau\u00ad\u00ader\u00ad\u00adamts\u00ad\u00adhaus:<br \/>\n<span style=\"text-decoration: underline;\">DEUTSCHLANDS GR\u00d6\u00dfTER ESCAPE ROOM<\/span><\/h1>\n<\/div><\/div><div class=\"w-separator size_medium\"><\/div><div class=\"g-cols wpb_row  type_default valign_middle vc_inner\"><div class=\"vc_col-sm-12 wpb_column vc_column_container animate_afl\" style=\"animation-delay:1s\"><div class=\"vc_column-inner\"><div class=\"wpb_wrapper\"><div class=\"w-btn-wrapper width_auto align_center\"><a class=\"w-btn us-btn-style_6\" href=\"#grandhotelrose\"><span class=\"w-btn-label\">GRAND HOTEL ROSE<\/span><\/a><\/div><\/div><\/div><\/div><\/div><div class=\"w-separator size_medium\"><\/div><div class=\"g-cols wpb_row  type_default valign_middle vc_inner\"><div class=\"vc_col-sm-12 wpb_column vc_column_container animate_afr\" style=\"animation-delay:2s\"><div class=\"vc_column-inner\"><div class=\"wpb_wrapper\"><div class=\"wpb_text_column\" ><div class=\"wpb_wrapper\"><h4 style=\"text-align: center;\">seit\u00a0 Oktober 2023<\/h4>\n<\/div><\/div><\/div><\/div><\/div><\/div><div class=\"w-separator size_huge\"><\/div><\/div><\/div><\/div><\/div><\/div><\/section><section class=\"l-section wpb_row height_small\" id=\"grandhotelrose\"><div class=\"l-section-h i-cf\"><div class=\"g-cols vc_row type_default valign_top\"><div class=\"vc_col-sm-6 wpb_column vc_column_container\"><div class=\"vc_column-inner type_sticky\"><div class=\"wpb_wrapper\"><div class=\"g-cols wpb_row  type_default valign_top vc_inner\"><div class=\"vc_col-sm-12 wpb_column vc_column_container has-fill\"><div class=\"vc_column-inner us_custom_121cf340\"><div class=\"wpb_wrapper\"><div class=\"wpb_text_column\" ><div class=\"wpb_wrapper\"><h3>GRAND HOTEL ROSE<\/h3>\n<\/div><\/div><div class=\"w-separator size_medium\"><\/div><div class=\"wpb_text_column us_custom_af65c584\" ><div class=\"wpb_wrapper\"><p><span class=\"ui-provider axz aya ayb ayc ayd aye ayf ayg ayh ayi ayj ayk ayl aym ayn ayo ayp ayq ayr ays ayt ayu ayv ayw ayx ayy ayz aza azb azc azd aze azf azg azh\" dir=\"ltr\">In Hildesheim der 1950er Jahre gab es keine bessere Adresse als das Grand Hotel Rose. Es war ein namhaftes Aush\u00e4ngeschild, doch die glanzvollen Zeiten liegen schon lange zur\u00fcck.<\/span><\/p>\n<p><span class=\"ui-provider axz aya ayb ayc ayd aye ayf ayg ayh ayi ayj ayk ayl aym ayn ayo ayp ayq ayr ays ayt ayu ayv ayw ayx ayy ayz aza azb azc azd aze azf azg azh\" dir=\"ltr\"><br \/>\nDie heutige Theaterpremiere bringt wohl ein letztes Mal richtigen Glanz in das Hotel.<\/span><\/p>\n<p><span class=\"ui-provider axz aya ayb ayc ayd aye ayf ayg ayh ayi ayj ayk ayl aym ayn ayo ayp ayq ayr ays ayt ayu ayv ayw ayx ayy ayz aza azb azc azd aze azf azg azh\" dir=\"ltr\">Die gesamte Theaterprominenz wird heute zu Gast sein.<br \/>\nAuch ihr erhaltet eine Einladung f\u00fcr diesen Abend. Doch wer hat euch eingeladen? &#8211; Und warum?<\/span><\/p>\n<p><span class=\"ui-provider axz aya ayb ayc ayd aye ayf ayg ayh ayi ayj ayk ayl aym ayn ayo ayp ayq ayr ays ayt ayu ayv ayw ayx ayy ayz aza azb azc azd aze azf azg azh\" dir=\"ltr\"><br \/>\nBereits nach eurer Ankunft stellt ihr fest, dass hier nicht alles so ist, wie es scheint. Schnell wird klar, dass aus der Premierenfeier bitterer Ernst wird und ihr pl\u00f6tzlich mitten im Geschehen seid. K\u00f6nnt ihr den Fall l\u00f6sen?<\/span><\/p>\n<\/div><\/div><div class=\"w-separator size_medium\"><\/div><div class=\"wpb_text_column\" ><div class=\"wpb_wrapper\"><h4 style=\"text-align: center;\">GRAND OPENING 13.10.2023<\/h4>\n<p style=\"text-align: center;\">Seid einer der Ersten und sichert euch euren Termin!<\/p>\n<\/div><\/div><div class=\"w-separator size_small\"><\/div><div class=\"w-btn-wrapper width_auto align_center\"><a class=\"w-btn us-btn-style_2\" href=\"#buchen\"><span class=\"w-btn-label\">Wunschtermin ausw\u00e4hlen<\/span><\/a><\/div><div class=\"w-separator size_medium\"><\/div><\/div><\/div><\/div><\/div><\/div><\/div><\/div><div class=\"vc_col-sm-6 wpb_column vc_column_container\"><div class=\"vc_column-inner\"><div class=\"wpb_wrapper\"><div class=\"w-image us_custom_9cf479d2 align_center\"><div class=\"w-image-h\"><img width=\"600\" height=\"600\" src=\"https:\/\/www.the-escape-room.de\/hildesheim\/wp-content\/uploads\/sites\/3\/2023\/09\/Cover-Grand-Hotel-Rose-quadratisch-600x600.jpg\" class=\"attachment-us_600_600_crop size-us_600_600_crop\" alt=\"\" loading=\"lazy\" srcset=\"https:\/\/www.the-escape-room.de\/hildesheim\/wp-content\/uploads\/sites\/3\/2023\/09\/Cover-Grand-Hotel-Rose-quadratisch-600x600.jpg 600w, https:\/\/www.the-escape-room.de\/hildesheim\/wp-content\/uploads\/sites\/3\/2023\/09\/Cover-Grand-Hotel-Rose-quadratisch-300x300.jpg 300w, https:\/\/www.the-escape-room.de\/hildesheim\/wp-content\/uploads\/sites\/3\/2023\/09\/Cover-Grand-Hotel-Rose-quadratisch-1024x1024.jpg 1024w, https:\/\/www.the-escape-room.de\/hildesheim\/wp-content\/uploads\/sites\/3\/2023\/09\/Cover-Grand-Hotel-Rose-quadratisch-150x150.jpg 150w, https:\/\/www.the-escape-room.de\/hildesheim\/wp-content\/uploads\/sites\/3\/2023\/09\/Cover-Grand-Hotel-Rose-quadratisch-350x350.jpg 350w, https:\/\/www.the-escape-room.de\/hildesheim\/wp-content\/uploads\/sites\/3\/2023\/09\/Cover-Grand-Hotel-Rose-quadratisch-768x768.jpg 768w, https:\/\/www.the-escape-room.de\/hildesheim\/wp-content\/uploads\/sites\/3\/2023\/09\/Cover-Grand-Hotel-Rose-quadratisch.jpg 1080w\" sizes=\"(max-width: 600px) 100vw, 600px\" \/><\/div><\/div><div class=\"w-separator size_small\"><\/div><div class=\"g-cols wpb_row  type_default valign_top vc_inner\"><div class=\"vc_col-sm-6 wpb_column vc_column_container\"><div class=\"vc_column-inner\"><div class=\"wpb_wrapper\"><div class=\"w-iconbox us_custom_47fdaa6b iconpos_top style_default color_contrast align_center no_text\"><div class=\"w-iconbox-icon\"><i class=\"fas fa-arrows\"><\/i><\/div><div class=\"w-iconbox-meta\"><h4 class=\"w-iconbox-title\">auf \u00fcber 350qm\u00b2<\/h4><\/div><\/div><div class=\"w-separator size_small\"><\/div><div class=\"w-iconbox us_custom_47fdaa6b iconpos_top style_default color_contrast align_center no_text\"><div class=\"w-iconbox-icon\"><i class=\"fas fa-clock\"><\/i><\/div><div class=\"w-iconbox-meta\"><h4 class=\"w-iconbox-title\">60 Min<\/h4><\/div><\/div><\/div><\/div><\/div><div class=\"vc_col-sm-6 wpb_column vc_column_container\"><div class=\"vc_column-inner\"><div class=\"wpb_wrapper\"><div class=\"w-iconbox us_custom_63dd31af iconpos_top style_default color_contrast align_center no_text\"><div class=\"w-iconbox-icon\"><i class=\"fas fa-door-open\"><\/i><\/div><div class=\"w-iconbox-meta\"><h4 class=\"w-iconbox-title\">mehrere R\u00e4ume<\/h4><\/div><\/div><div class=\"w-separator size_small\"><\/div><div class=\"w-iconbox us_custom_47fdaa6b iconpos_top style_default color_contrast align_center no_text\"><div class=\"w-iconbox-icon\"><i class=\"fas fa-users\"><\/i><\/div><div class=\"w-iconbox-meta\"><h4 class=\"w-iconbox-title\">2 &#8211; 6 Personen<\/h4><\/div><\/div><\/div><\/div><\/div><\/div><div class=\"w-separator size_small\"><\/div><div class=\"w-iconbox us_custom_63dd31af iconpos_top style_default color_contrast align_center no_text\"><div class=\"w-iconbox-icon\"><i class=\"fas fa-ticket\"><\/i><\/div><div class=\"w-iconbox-meta\"><h4 class=\"w-iconbox-title\">150 \u20ac pauschal<\/h4><\/div><\/div><\/div><\/div><\/div><\/div><\/div><\/section><!-- Row Backgrounds --><div class=\"upb_color\" data-bg-override=\"0\" data-bg-color=\"#bf262a\" data-fadeout=\"\" data-fadeout-percentage=\"30\" data-parallax-content=\"\" data-parallax-content-sense=\"30\" data-row-effect-mobile-disable=\"true\" data-img-parallax-mobile-disable=\"true\" data-rtl=\"false\"  data-custom-vc-row=\"\"  data-vc=\"6.4.1\"  data-is_old_vc=\"\"  data-theme-support=\"\"   data-overlay=\"false\" data-overlay-color=\"\" data-overlay-pattern=\"\" data-overlay-pattern-opacity=\"\" data-overlay-pattern-size=\"\"    ><\/div><section class=\"l-section wpb_row height_small\"><div class=\"l-section-h i-cf\"><div class=\"g-cols vc_row type_default valign_middle\"><div class=\"vc_col-sm-12 wpb_column vc_column_container\" id=\"links\"><div class=\"vc_column-inner\"><div class=\"wpb_wrapper\"><section class=\"l-section wpb_row us_custom_cd5804b8 height_small has_border_radius\"><div class=\"l-section-h i-cf\"><div class=\"g-cols vc_row type_default valign_middle\"><div class=\"vc_col-sm-12 wpb_column vc_column_container\" id=\"links\"><div class=\"vc_column-inner us_custom_9cf479d2\"><div class=\"wpb_wrapper\"><div class=\"g-cols wpb_row  us_custom_0dae3e10 type_default valign_middle vc_inner has_border_radius\"><div class=\"vc_col-sm-8 wpb_column vc_column_container\"><div class=\"vc_column-inner\"><div class=\"wpb_wrapper\"><div class=\"wpb_text_column\" ><div class=\"wpb_wrapper\"><h4 style=\"text-align: center;\">Erst eifrig R\u00e4tseln, dann amtlich Speisen?<\/h4>\n<h4 style=\"text-align: center;\">Hier geht es zu unserem gastronomischen Partner<br \/>\nim Knochenhauer Amtshaus<\/h4>\n<\/div><\/div><\/div><\/div><\/div><div class=\"vc_col-sm-4 wpb_column vc_column_container\"><div class=\"vc_column-inner\"><div class=\"wpb_wrapper\"><div class=\"w-image align_center\"><a target=\"_blank\" href=\"https:\/\/ka7-restaurant.de\/\" rel=\"noopener\" aria-label=\"Link\" class=\"w-image-h\"><img width=\"250\" height=\"215\" src=\"https:\/\/www.the-escape-room.de\/hildesheim\/wp-content\/uploads\/sites\/3\/2023\/10\/KA7-logo-weiss-e1698408362502.png\" class=\"attachment-full size-full\" alt=\"\" loading=\"lazy\" \/><\/a><\/div><\/div><\/div><\/div><\/div><\/div><\/div><\/div><\/div><\/div><\/section><!-- Row Backgrounds --><div class=\"upb_color\" data-bg-override=\"0\" data-bg-color=\"#bf262a\" data-fadeout=\"\" data-fadeout-percentage=\"30\" data-parallax-content=\"\" data-parallax-content-sense=\"30\" data-row-effect-mobile-disable=\"true\" data-img-parallax-mobile-disable=\"true\" data-rtl=\"false\"  data-custom-vc-row=\"\"  data-vc=\"6.4.1\"  data-is_old_vc=\"\"  data-theme-support=\"\"   data-overlay=\"false\" data-overlay-color=\"\" data-overlay-pattern=\"\" data-overlay-pattern-opacity=\"\" data-overlay-pattern-size=\"\"    ><\/div>\n<\/div><\/div><\/div><\/div><\/div><\/section><!-- Row Backgrounds --><div class=\"upb_color\" data-bg-override=\"0\" data-bg-color=\"#bf262a\" data-fadeout=\"\" data-fadeout-percentage=\"30\" data-parallax-content=\"\" data-parallax-content-sense=\"30\" data-row-effect-mobile-disable=\"true\" data-img-parallax-mobile-disable=\"true\" data-rtl=\"false\"  data-custom-vc-row=\"\"  data-vc=\"6.4.1\"  data-is_old_vc=\"\"  data-theme-support=\"\"   data-overlay=\"false\" data-overlay-color=\"\" data-overlay-pattern=\"\" data-overlay-pattern-opacity=\"\" data-overlay-pattern-size=\"\"    ><\/div><section class=\"l-section wpb_row us_custom_4fb9e5a3 height_small\"><div class=\"l-section-h i-cf\"><div class=\"g-cols vc_row type_default valign_middle\"><div class=\"vc_col-sm-12 wpb_column vc_column_container has-fill\"><div class=\"vc_column-inner us_custom_76fd7d0a\"><div class=\"wpb_wrapper\"><div class=\"g-cols wpb_row  type_default valign_middle vc_inner\"><div class=\"vc_col-sm-4 wpb_column vc_column_container\"><div class=\"vc_column-inner\"><div class=\"wpb_wrapper\"><div class=\"w-image align_center\"><div class=\"w-image-h\"><img width=\"300\" height=\"300\" src=\"https:\/\/www.the-escape-room.de\/hildesheim\/wp-content\/uploads\/sites\/3\/2023\/07\/LOGO-Beat-Your-Team-300x300.png\" class=\"attachment-medium size-medium\" alt=\"\" loading=\"lazy\" srcset=\"https:\/\/www.the-escape-room.de\/hildesheim\/wp-content\/uploads\/sites\/3\/2023\/07\/LOGO-Beat-Your-Team-300x300.png 300w, https:\/\/www.the-escape-room.de\/hildesheim\/wp-content\/uploads\/sites\/3\/2023\/07\/LOGO-Beat-Your-Team-150x150.png 150w, https:\/\/www.the-escape-room.de\/hildesheim\/wp-content\/uploads\/sites\/3\/2023\/07\/LOGO-Beat-Your-Team-350x350.png 350w, https:\/\/www.the-escape-room.de\/hildesheim\/wp-content\/uploads\/sites\/3\/2023\/07\/LOGO-Beat-Your-Team-600x600.png 600w, https:\/\/www.the-escape-room.de\/hildesheim\/wp-content\/uploads\/sites\/3\/2023\/07\/LOGO-Beat-Your-Team-768x768.png 768w, https:\/\/www.the-escape-room.de\/hildesheim\/wp-content\/uploads\/sites\/3\/2023\/07\/LOGO-Beat-Your-Team.png 1000w\" sizes=\"(max-width: 300px) 100vw, 300px\" \/><\/div><\/div><\/div><\/div><\/div><div class=\"vc_col-sm-8 wpb_column vc_column_container\"><div class=\"vc_column-inner\"><div class=\"wpb_wrapper\"><div class=\"w-separator size_small\"><\/div><div class=\"wpb_text_column\" ><div class=\"wpb_wrapper\"><h4 style=\"text-align: center;\">Kennst du schon Beat-Your-Team?<\/h4>\n<\/div><\/div><div class=\"w-separator size_medium\"><\/div><div class=\"wpb_text_column\" ><div class=\"wpb_wrapper\"><p style=\"text-align: center;\"><strong>BEAT YOUR TEAM ist das ultimative Game-Show-Event f\u00fcr Menschen, die mit viel Spa\u00df neue Herausforderungen suchen.<\/strong><\/p>\n<p style=\"text-align: center;\"><strong>In 10 spannenden Spielen tretet ihr in einem zweier Team gegeneinander an.<\/strong><\/p>\n<p style=\"text-align: center;\"><strong><span style=\"text-decoration: underline;\">Ebenfalls im Knochenhaueramtshaus!<\/span><\/strong><\/p>\n<\/div><\/div><div class=\"w-separator size_medium\"><\/div><div class=\"w-btn-wrapper width_auto align_center\"><a class=\"w-btn us-btn-style_3\" target=\"_blank\" href=\"https:\/\/beat-your-team.de\/hildesheim\/\" rel=\"noopener\"><span class=\"w-btn-label\">erfahre mehr<\/span><\/a><\/div><div class=\"w-separator size_small\"><\/div><\/div><\/div><\/div><\/div><\/div><\/div><\/div><\/div><\/div><\/section><section class=\"l-section wpb_row height_small\" id=\"buchen\"><div class=\"l-section-h i-cf\"><div class=\"g-cols vc_row type_default valign_top\"><div class=\"vc_col-sm-12 wpb_column vc_column_container\"><div class=\"vc_column-inner\"><div class=\"wpb_wrapper\"><div class=\"wpb_text_column\" ><div class=\"wpb_wrapper\"><h4 style=\"text-align: center;\">Buche hier dein Erlebnis<\/h4>\n<\/div><\/div><div class=\"w-separator size_small\"><\/div>[vc_raw_js]JTNDc2NyaXB0JTIwc3JjJTNEJTIyaHR0cHMlM0ElMkYlMkZjZG4ucXVpbmJvb2suY29tJTJGc2hvcC5qcyUyMiUyMGRhdGEtc2hvcGlkJTNEJTIyOGM5N2RiZWVlM2IwZDQwY2VkN2Y1MTRiOTlhOTNkOTMlMjIlM0UlM0MlMkZzY3JpcHQlM0U=[\/vc_raw_js]<\/div><\/div><\/div><\/div><\/div><\/section>\n","protected":false},"excerpt":{"rendered":"Im Herzen von Hildesheim im Kno\u00ad\u00adchen\u00ad\u00adhau\u00ad\u00ader\u00ad\u00adamts\u00ad\u00adhaus: DEUTSCHLANDS GR\u00d6\u00dfTER ESCAPE ROOM GRAND HOTEL ROSEseit\u00a0 Oktober 2023 GRAND HOTEL ROSE In Hildesheim der 1950er Jahre gab es keine bessere Adresse als das Grand Hotel Rose. Es war ein namhaftes Aush\u00e4ngeschild, doch die glanzvollen Zeiten liegen schon lange zur\u00fcck. Die heutige Theaterpremiere bringt wohl ein letztes Mal richtigen...","protected":false},"author":1,"featured_media":0,"parent":0,"menu_order":0,"comment_status":"closed","ping_status":"closed","template":"","meta":[],"yoast_head":"<!-- This site is optimized with the Yoast SEO plugin v15.0 - https:\/\/yoast.com\/wordpress\/plugins\/seo\/ -->\n<title>GRAND HOTEL ROSE - Knochenhaueramtshaus - THE ESCAPE ROOM | Hildesheim<\/title>\n<meta name=\"robots\" content=\"index, follow, max-snippet:-1, max-image-preview:large, max-video-preview:-1\" \/>\n<link rel=\"canonical\" href=\"https:\/\/www.the-escape-room.de\/hildesheim\/grand-hotel-rose-knochenhaueramtshaus\/\" \/>\n<meta property=\"og:locale\" content=\"de_DE\" \/>\n<meta property=\"og:type\" content=\"article\" \/>\n<meta property=\"og:title\" content=\"GRAND HOTEL ROSE - Knochenhaueramtshaus - THE ESCAPE ROOM | Hildesheim\" \/>\n<meta property=\"og:url\" content=\"https:\/\/www.the-escape-room.de\/hildesheim\/grand-hotel-rose-knochenhaueramtshaus\/\" \/>\n<meta property=\"og:site_name\" content=\"THE ESCAPE ROOM | Hildesheim\" \/>\n<meta property=\"article:modified_time\" content=\"2024-02-21T11:45:48+00:00\" \/>\n<meta name=\"twitter:card\" content=\"summary_large_image\" \/>\n<script type=\"application\/ld+json\" class=\"yoast-schema-graph\">{\"@context\":\"https:\/\/schema.org\",\"@graph\":[{\"@type\":\"WebSite\",\"@id\":\"https:\/\/www.the-escape-room.de\/hildesheim\/#website\",\"url\":\"https:\/\/www.the-escape-room.de\/hildesheim\/\",\"name\":\"THE ESCAPE ROOM | Hildesheim\",\"description\":\"Das Spiel gegen die Zeit! \\u2705 Authentische R\\u00e4ume mit viel \\u2665 zum Detail. Das besondere Abenteuer f\\u00fcr Freund*innen, Familie und Kolleg*innen in Hildesheim. \\u00dcber 100 positive Bewertungen sprechen f\\u00fcr sich!\",\"potentialAction\":[{\"@type\":\"SearchAction\",\"target\":\"https:\/\/www.the-escape-room.de\/hildesheim\/?s={search_term_string}\",\"query-input\":\"required name=search_term_string\"}],\"inLanguage\":\"de\"},{\"@type\":\"WebPage\",\"@id\":\"https:\/\/www.the-escape-room.de\/hildesheim\/grand-hotel-rose-knochenhaueramtshaus\/#webpage\",\"url\":\"https:\/\/www.the-escape-room.de\/hildesheim\/grand-hotel-rose-knochenhaueramtshaus\/\",\"name\":\"GRAND HOTEL ROSE - Knochenhaueramtshaus - THE ESCAPE ROOM | Hildesheim\",\"isPartOf\":{\"@id\":\"https:\/\/www.the-escape-room.de\/hildesheim\/#website\"},\"datePublished\":\"2023-09-18T12:02:26+00:00\",\"dateModified\":\"2024-02-21T11:45:48+00:00\",\"inLanguage\":\"de\",\"potentialAction\":[{\"@type\":\"ReadAction\",\"target\":[\"https:\/\/www.the-escape-room.de\/hildesheim\/grand-hotel-rose-knochenhaueramtshaus\/\"]}]}]}<\/script>\n<!-- \/ Yoast SEO plugin. -->","_links":{"self":[{"href":"https:\/\/www.the-escape-room.de\/hildesheim\/wp-json\/wp\/v2\/pages\/944"}],"collection":[{"href":"https:\/\/www.the-escape-room.de\/hildesheim\/wp-json\/wp\/v2\/pages"}],"about":[{"href":"https:\/\/www.the-escape-room.de\/hildesheim\/wp-json\/wp\/v2\/types\/page"}],"author":[{"embeddable":true,"href":"https:\/\/www.the-escape-room.de\/hildesheim\/wp-json\/wp\/v2\/users\/1"}],"replies":[{"embeddable":true,"href":"https:\/\/www.the-escape-room.de\/hildesheim\/wp-json\/wp\/v2\/comments?post=944"}],"version-history":[{"count":10,"href":"https:\/\/www.the-escape-room.de\/hildesheim\/wp-json\/wp\/v2\/pages\/944\/revisions"}],"predecessor-version":[{"id":1182,"href":"https:\/\/www.the-escape-room.de\/hildesheim\/wp-json\/wp\/v2\/pages\/944\/revisions\/1182"}],"wp:attachment":[{"href":"https:\/\/www.the-escape-room.de\/hildesheim\/wp-json\/wp\/v2\/media?parent=944"}],"curies":[{"name":"wp","href":"https:\/\/api.w.org\/{rel}","templated":true}]}}