{"id":61,"date":"2017-11-20T14:30:18","date_gmt":"2017-11-20T13:30:18","guid":{"rendered":"https:\/\/www.the-escape-room.de\/hildesheim\/?page_id=61"},"modified":"2022-12-13T11:58:31","modified_gmt":"2022-12-13T10:58:31","slug":"agb","status":"publish","type":"page","link":"https:\/\/www.the-escape-room.de\/hildesheim\/agb\/","title":{"rendered":"AGB"},"content":{"rendered":"<section class=\"l-section wpb_row height_small\"><div class=\"l-section-h i-cf\"><div class=\"g-cols vc_row type_default valign_top\"><div class=\"vc_col-sm-12 wpb_column vc_column_container\"><div class=\"vc_column-inner\"><div class=\"wpb_wrapper\"><div class=\"wpb_text_column\" ><div class=\"wpb_wrapper\"><h1 class=\"p1\"><span class=\"s1\">Allgemeine Gesch\u00e4ftsbedingungen (AGB)<\/span><\/h1>\n<p><b>Geltungsbereich und Anbieter<\/b><\/p>\n<p><span style=\"font-weight: 400;\">Diese Allgemeinen Gesch\u00e4ftsbedingungen gelten f\u00fcr den Betrieb:<\/span><\/p>\n<p>The Escape Room Hildesheim<br \/>\nInh. Florian Braune e.K.<\/p>\n<p><span style=\"font-weight: 400;\">Speicherstra\u00dfe 9 <\/span><\/p>\n<p><span style=\"font-weight: 400;\">31134 Hildesheim<\/span><\/p>\n<h3 class=\"p2\"><\/h3>\n<p><span style=\"font-weight: 400;\">Im Folgenden \u201cThe Escape Room\u201d genannt.<\/span><\/p>\n<h3 class=\"p2\"><\/h3>\n<p><b>Allgemeines<\/b><\/p>\n<p><span style=\"font-weight: 400;\">The Escape Room ist nicht f\u00fcr Personen mit einer Nervenerkrankung geeignet. Menschen mit k\u00f6rperlichen Beeintr\u00e4chtigungen ist das Spielen nur in Begleitung eines Betreuers oder Familienangeh\u00f6rigen gestattet. F\u00fcr Kinder unter 10 Jahren wird der Besuch nicht empfohlen und liegt im Ermessen der Eltern bzw. der Erziehungsberechtigten. Kinder bis 14 Jahre d\u00fcrfen sich nur in Begleitung eines Erwachsenen aufhalten. In allen Spielr\u00e4umen herrscht Alkoholkonsum-, Drogenkonsum- und Rauchverbot. Zus\u00e4tzlich ist das Spielen unter Alkohol- oder Drogeneinfluss untersagt. Mutwillig verursachte Sch\u00e4den an dem Eigentum von The Escape Room sind zu erstatten. The Escape Room beh\u00e4lt sich das Recht vor, den Zutritt f\u00fcr Unbefugte zu untersagen. Die Kombination von Tickets mit anderen Angeboten, einer Aktion oder einem Gutschein, sowie das Austauschen gegen Bargeld, ist ausgeschlossen. Die bei The Escape Room erworbenen Tickets sind nur in dessen Gesch\u00e4ftsr\u00e4umen einl\u00f6sbar. Die Spielr\u00e4ume und ihre Elemente k\u00f6nnen aus technischen, betrieblichen oder anderen Gr\u00fcnden durch The Escape Room ohne vorherige Benachrichtigung ge\u00e4ndert, geschlossen oder entfernt werden. Eine R\u00fcckerstattung des Ticketpreises findet in solchen F\u00e4llen nicht statt.<\/span><\/p>\n<h3 class=\"p2\"><\/h3>\n<ol>\n<li><b> Buchungsbedingungen<\/b><\/li>\n<\/ol>\n<p><span style=\"font-weight: 400;\">Vor der Buchung muss der Gruppenverantwortliche von allen auf der Buchung aufgef\u00fchrten Personen bevollm\u00e4chtigt worden sein, eine Buchung zu t\u00e4tigen. Bei Gruppenmitgliedern unter 18 Jahren obliegt die Vollmacht bei deren Eltern oder Erziehungsberechtigten. F\u00fcr die Tilgung der Zahlungen tr\u00e4gt der Gruppenverantwortliche die Verantwortung, welcher zum Zeitpunkt der Buchung ein Mindestalter von 18 Jahren haben muss. Alle Buchungen m\u00fcssen online mindestens 24 Stunden vor Beginn eines Termins \u00fcber unsere Website www.the-escape-room.de erfolgen. In Ausnahmef\u00e4llen k\u00f6nnen Termine telefonisch oder per Email auch kurzfristig vor dem Termin vergeben werden. F\u00fcr das Zustandekommen eines solchen Termins \u00fcbernimmt The Escape Room keine Verantwortung.<\/span><\/p>\n<h3 class=\"p2\"><\/h3>\n<p><span style=\"font-weight: 400;\">Am Ende des Buchungsvorganges m\u00fcssen Sie best\u00e4tigen, dass Sie unsere Allgemeinen Gesch\u00e4ftsbedingungen gelesen haben und sie akzeptieren. Durch diese Best\u00e4tigung wird die Buchung g\u00fcltig und mittels Buchungsnummer best\u00e4tigt. Zur Einsicht erhalten Sie eine Best\u00e4tigung per E-Mail an die E-Mail-Adresse, die Sie zum Buchungszeitpunkt angegeben haben. In Ausnahmef\u00e4llen kann Sie unsere E-Mail aufgrund eines Spam-Filters Ihres Kontos nicht erreichen. \u00dcberpr\u00fcfen Sie bitte Ihre Buchungsbest\u00e4tigung unmittelbar nach dem Erhalt. Falls Sie keine Best\u00e4tigung per E-Mail erhalten haben, nehmen Sie sofort Kontakt mit uns auf; auch bei falschen oder unvollst\u00e4ndigen Informationen auf der Best\u00e4tigung. Eine \u00c4nderung zu einem sp\u00e4teren Zeitpunkt ist eventuell nicht m\u00f6glich.<\/span><\/p>\n<h3 class=\"p2\"><\/h3>\n<ol start=\"2\">\n<li><b> Zahlungsbedingungen<\/b><\/li>\n<\/ol>\n<p>Zu den Zahlungsm\u00f6glichkeiten z\u00e4hlen Zahlung per EC- oder Kreditkarte und per Rechnung. Eine Barzahlung ist bei uns nicht m\u00f6glich. Bei Nichterscheinen des gebuchten Termins oder zu sp\u00e4ter Stornierung wird der volle Betrag in Rechnung gestellt. Ein gebuchter Raum kann bis 48 Stunden vor Spielbeginn storniert werden. Alle Preise sind Endpreise und enthalten die gesetzliche Umsatzsteuer.<\/p>\n<h3 class=\"p2\"><\/h3>\n<ol start=\"3\">\n<li><b> Einl\u00f6sen eines Gutscheines<\/b><\/li>\n<\/ol>\n<p><span style=\"font-weight: 400;\">Ein Gutschein berechtigt dessen Inhaber, diesen bei The Escape Room einzul\u00f6sen. Dabei ist der auf dem Gutschein angegebene Zeitraum einzuhalten. Bei Begleichung der Rechnung wird der Gutscheinwert von dem Rechnungsbetrag subtrahiert. Verbleibt ein Restguthaben auf dem Gutschein, kann dieses erneut verwendet werden. Eine R\u00fcckerstattung des Gutscheinbetrags oder eine Barauszahlung ist ausgeschlossen. Sofern nicht ausdr\u00fccklich anders angegeben, gelten f\u00fcr Gutscheine folgende Regelungen:<\/span><\/p>\n<p><span style=\"font-weight: 400;\">Der Gutschein kann nur einmal eingel\u00f6st werden, ist ausschlie\u00dflich im angegebenen The Escape Room g\u00fcltig und ist \u00fcbertragbar. Bei Verlust oder Diebstahl des Gutscheins oder der Gutscheinnummer, ist The Escape Room nicht verantwortlich. Bei Bestellung des Gutscheins versichert der Besteller, dass alle angegebenen Daten, wie Name, Adresse oder Zahlungsinfo wahrheitsgem\u00e4\u00df sind. Wird versucht, den Gutschein entgegen dieser Bedingungen einzul\u00f6sen, kann ihn The Escape Room f\u00fcr ung\u00fcltig erkl\u00e4ren. Der Gutschein kann nicht zu einem bestimmten Zeitpunkt eingel\u00f6st werden, es sei denn, es wurde ausdr\u00fccklich ein bestimmter Termin in dem Gutschein festgehalten.<\/span><\/p>\n<h3 class=\"p2\"><\/h3>\n<ol start=\"4\">\n<li><b> Vertragsbedingungen<\/b><\/li>\n<\/ol>\n<p><span style=\"font-weight: 400;\">Mit Abschluss der Buchung und Zuweisung der Buchungsnummer entsteht zwischen Ihnen und The Escape Room ein verbindlicher Vertrag.<\/span><\/p>\n<h3 class=\"p2\"><\/h3>\n<ol start=\"5\">\n<li><b> Ticketpreise<\/b><\/li>\n<\/ol>\n<p><span style=\"font-weight: 400;\">Tickets werden stets zu sehr guten Preisen angeboten. Saisonale Spezialangebote oder gewisse Umst\u00e4nde k\u00f6nnen dabei die Preise erh\u00f6hen oder senken. Bei der Buchung Ihrer Tickets, wird Ihnen der angegebene Preis best\u00e4tigt. Falls ein Fehler w\u00e4hrend der Buchung unterl\u00e4uft, behalten wir uns das Recht vor, diesen bei Erkenntnis zu korrigieren und ggf. die erworbenen und best\u00e4tigten Preise abzu\u00e4ndern. Alle Preise beziehen sich auf Vorausbuchungen und beinhalten die gesetzliche Umsatzsteuer. Der Gesamtpreis wird Ihnen beim Buchungsvorgang angezeigt und muss beim Abschluss best\u00e4tigt werden.<\/span><\/p>\n<h3 class=\"p2\"><\/h3>\n<ol start=\"6\">\n<li><b> \u00c4nderungen Ihrerseits<\/b><\/li>\n<\/ol>\n<p><span style=\"font-weight: 400;\">Nach Zuweisung der Buchungsnummer ist eine \u00c4nderung oder \u00dcbertragung Ihrer Buchung ausgeschlossen.<\/span><\/p>\n<h3 class=\"p2\"><\/h3>\n<ol start=\"7\">\n<li><b> R\u00fccktrittsbedingungen des Kunden (Stornierungen Ihrerseits)<\/b><\/li>\n<\/ol>\n<p><span style=\"font-weight: 400;\">Laut \u00a7 312b BGB liegt beim Verkauf von Eintrittskarten f\u00fcr eine Musical-, Theater- Konzert-, Sport-, oder sonstige Freizeitveranstaltung kein Fernabsatzvertrag vor. Somit steht dem Kunden kein Widerrufsrecht sowie kein R\u00fcckgaberecht gegen\u00fcber The Escape Room zu. Der Kunde verpflichtet sich bei der Bestellung der Eintrittskarten, die entstandenen Kosten vor Ort zu begleichen. Eine Stornierung ist bis sp\u00e4testens 48 Stunden vor Beginn des Termins m\u00f6glich. Beachten Sie, dass The Escape Room aufgrund der speziellen Vorbereitung der R\u00e4ume keine Ausnahmen machen kann. In Einzelf\u00e4llen sind wir bem\u00fcht, eine kurzfristige Stornierung zu erm\u00f6glichen. Nehmen Sie in diesem Fall bitte umgehend Kontakt zu uns auf.<\/span><\/p>\n<h3 class=\"p2\"><\/h3>\n<ol start=\"8\">\n<li><b> \u00c4nderungen und Stornierungen unsererseits<\/b><\/li>\n<\/ol>\n<p><span style=\"font-weight: 400;\">Wir behalten uns das Recht vor, gelegentlich \u00c4nderungen oder Stornierungen bei einer bereits best\u00e4tigten Buchung vorzunehmen. Dabei m\u00fcssen Fehler oder andere Details korrigiert werden. In solchen F\u00e4llen informieren wir Sie selbstverst\u00e4ndlich so bald wie m\u00f6glich und bieten Ihnen eine der folgenden M\u00f6glichkeiten an:<\/span><\/p>\n<ol>\n<li><span style=\"font-weight: 400;\">a) Sie akzeptieren die vorgenommenen \u00c4nderungen.<\/span><\/li>\n<li><span style=\"font-weight: 400;\">b) Wir bieten Ihnen ein alternatives Ticket an, welches Sie erwerben k\u00f6nnen. Ist das Ersatzticket g\u00fcnstiger als Ihr Originalticket, wird Ihnen der Differenzbetrag erstattet. Ist das Ersatzticket teurer als Ihr Originalticket, verf\u00e4llt der Differenzbetrag.<\/span><\/li>\n<li><span style=\"font-weight: 400;\">c) Sie stornieren die Buchung oder akzeptieren eine Stornierung unsererseits. Falls. Sie bereits ein Ticket k\u00e4uflich erworben haben, wird Ihnen der Kaufbetrag in voller H\u00f6he r\u00fcckerstattet.<\/span><\/li>\n<\/ol>\n<p><span style=\"font-weight: 400;\">Bitte beachten Sie, dass die aufgelisteten M\u00f6glichkeiten in a) \u2013 c) nur f\u00fcr erhebliche \u00c4nderungen sowie Stornierungen unsererseits beschr\u00e4nkt sind. The Escape Room kann bedauerlicherweise nicht f\u00fcr entstandene Ausgaben, Kosten oder Verluste aufkommen, die Ihnen aufgrund einer \u00c4nderung oder Stornierung entstanden sind.<\/span><\/p>\n<h3 class=\"p2\"><\/h3>\n<ol start=\"9\">\n<li><b> H\u00f6here Gewalt<\/b><\/li>\n<\/ol>\n<p><span style=\"font-weight: 400;\">Der Begriff \u201eh\u00f6here Gewalt\u201c bezieht sich auf ein Ereignis, welches The Escape Room trotz aller erforderlichen Ma\u00dfnahmen und Sorgfalt nicht vorhersehen oder abwenden kann. Zu solchen Ereignissen z\u00e4hlen beispielsweise Kriege, Unruhen, B\u00fcrgerkriege, terroristische Aktivit\u00e4ten oder unmittelbare Gefahr durch terroristische Aktivit\u00e4ten, Arbeitsstreitigkeiten, nat\u00fcrliche oder nukleare Katastrophen, bedrohliche Wetterbedingungen, Brand und alle gleichwertigen Ereignisse, die sich unserer Kontrolle entziehen.<\/span><\/p>\n<p><span style=\"font-weight: 400;\">The Escape Room \u00fcbernimmt bedauerlicherweise bei Ereignissen h\u00f6herer Gewalt keine Haftung. Dazu z\u00e4hlt auch, dass The Escape Room keine Entsch\u00e4digungen zahlen kann, wenn durch den Einfluss h\u00f6herer Gewalt eine Leistung nicht erbracht wird oder die sofortige Erbringung nicht m\u00f6glich ist oder Sie einen anderen Schaden oder Verlust erleiden.<\/span><\/p>\n<h3 class=\"p2\"><\/h3>\n<ol start=\"10\">\n<li><b> \u00a0Unsere Haftung Ihnen gegen\u00fcber<\/b><\/li>\n<\/ol>\n<p><span style=\"font-weight: 400;\">(1) Die Buchung der Tickets ist Teil unseres Vertrages. The Escape Room verpflichtet sich, das Arrangement vereinbarungsgem\u00e4\u00df und mit den entsprechenden Kenntnissen zu erbringen, auszuf\u00fchren oder zur Verf\u00fcgung zu stellen. The Escape Room h\u00e4lt sich dabei an die Sorgfaltspflicht.<\/span><\/p>\n<p><span style=\"font-weight: 400;\">Wir \u00fcbernehmen demnach die Haftung, wenn es sich ihrerseits um einen Todesfall handelt oder Sie von Verletzungen betroffen sind. Bei Vers\u00e4umnissen der vertraglichen Arrangements unsererseits bzw. unseres Mitarbeiters, Vertreters oder Lieferanten liegt es in Ihrer Verantwortlichkeit, zu beweisen, dass die Sorgfalt und Kenntnis von The Escape Room nicht erbracht oder nur mangelhaft erf\u00fcllt wurden, wenn Sie uns gegen\u00fcber Anspr\u00fcche stellen m\u00f6chten. The Escape Room \u00fcbernimmt nur dann die Verantwortung f\u00fcr jegliche Vers\u00e4umnisse, wenn die verantwortlichen Mitarbeiter, Vertreter oder Lieferanten sich zu diesem Zeitpunkt in einem Besch\u00e4ftigungsverh\u00e4ltnis mit The Escape Room befanden.<\/span><\/p>\n<h3 class=\"p2\"><\/h3>\n<p><span style=\"font-weight: 400;\">(2) Wir \u00fcbernehmen keine Verantwortung f\u00fcr Verletzungen jeder Art, Todesf\u00e4lle, Verluste (zum Beispiel nicht empfundenes Vergn\u00fcgen), Sch\u00e4den, Ausgaben, Kosten oder andere Summen bzw. Anspr\u00fcche jeglicher Art, die auf Folgendes zur\u00fcckzuf\u00fchren sind: die Handlung(en) und\/oder Unterlassung(en) der betroffenen Person(en) oder eines Mitglieds (Mitgliedern) Ihrer Gruppe oder die Handlung(en) und\/oder Unterlassung(en) einer dritten Partei, die nicht mit der Bereitstellung Ihres Urlaubs in Verbindung steht und welche nicht vorhersehbar oder nicht vermeidbar waren oder\u201a h\u00f6here Gewalt\u2019, wie unter Absatz 9 beschrieben.<\/span><\/p>\n<h3 class=\"p2\"><\/h3>\n<p><span style=\"font-weight: 400;\">(3) The Escape Room \u00fcbernimmt keine Verantwortung f\u00fcr jegliche Dienstleistungen, die nicht in unserem Vertrag gelistet sind. The E+scape Room verpflichtet sich nicht zur Bereitstellung von zus\u00e4tzlichen Leistungen oder Einrichtungen, die ein anderer Anbieter Ihnen zusichert. Sofern diese nicht auf unserer Website beworben werden, erhalten die Leistungen oder Einrichtungen keine G\u00fcltigkeit.<\/span><\/p>\n<h3 class=\"p2\"><\/h3>\n<p><span style=\"font-weight: 400;\">(4) Als Grundlage f\u00fcr die Bereitstellung und Erbringung der Dienstleistungen dient der Vertrag, in dem die Zusicherungen stehen. Bei Unklarheiten wird dieser zur Entscheidung herangezogen, ob die betroffenen Dienstleistungen ordnungsgem\u00e4\u00df zur Verf\u00fcgung gestellt wurden.<\/span><\/p>\n<h3 class=\"p2\"><\/h3>\n<p><span style=\"font-weight: 400;\">(5) In folgenden F\u00e4llen \u00fcbernimmt The Escape Room keine Haftung f\u00fcr jegliche Sch\u00e4den, Verluste, Ausgaben oder einen anderen Betrag (Betr\u00e4ge):<\/span><\/p>\n<ol>\n<li><span style=\"font-weight: 400;\">a) Wenn Sch\u00e4den, Verluste, Ausgaben oder ein anderer Betrag (Betr\u00e4ge), die durch Informationen, die Sie bei der Buchung bekanntgaben und unsererseits noch nicht akzeptiert wurden, zustande kommen. <\/span><\/li>\n<li><span style=\"font-weight: 400;\">b) Wenn Sch\u00e4den, Verluste, Ausgaben oder ein anderer Betrag (Betr\u00e4ge) zustande kommen, die nicht auf eine Vertragsverl\u00e4ngerung oder eine andere Schuld unsererseits zur\u00fcckzuf\u00fchren sind. <\/span><\/li>\n<\/ol>\n<p><span style=\"font-weight: 400;\">Dar\u00fcber hinaus \u00fcbernimmt The Escape Room keine Haftung f\u00fcr jegliche Gesch\u00e4ftsverluste.<\/span><\/p>\n<h3 class=\"p2\"><\/h3>\n<p><span style=\"font-weight: 400;\">(6) Im Falle einer \u00fcbertragenen Rechtsdurchsetzung durch The Escape Room oder unsere Versicherungsgesellschaften, erkl\u00e4ren Sie sich Bereit, vollst\u00e4ndig mit uns und unseren Versicherungsgesellschaften zu kooperieren und zu uns zu unterst\u00fctzen. Sowohl bei Anspr\u00fcchen als auch Beschwerden Ihrerseits, m\u00fcssen Sie The Escape Room gem\u00e4\u00df Klausel 11 (Beschwerden und Probleme) informieren. In diesem Fall m\u00fcssen Sie uns und unseren Versicherungsgesellschaften jegliche Rechte \u00fcbertragen, die Sie gegen\u00fcber dem Anbieter oder einer anderen Partei haben, der\/die f\u00fcr ihren Anspruch oder Beschwerde verantwortlich ist. Bei Personen unter 18 Jahren muss dies ein Elternteil oder Erziehungsberechtigter tun.<\/span><\/p>\n<h3 class=\"p2\"><\/h3>\n<ol start=\"11\">\n<li><b> \u00a0Beschwerden und Probleme<\/b><\/li>\n<\/ol>\n<p><span style=\"font-weight: 400;\">Sollten beim Besuch in The Escape Room Probleme auftreten und\/ oder Sie m\u00f6chten eine Beschwerde abgeben, verpflichten Sie sich, den Anbieter sofort dar\u00fcber zu informieren. Bei m\u00fcndlichen Beschwerden m\u00fcssen diese zeitnah in schriftlicher Form nachgeholt werden. Probleme oder Beschwerden k\u00f6nnen erst dann von The Escape Room behandelt werden, sobald wir dar\u00fcber informiert wurden. Um dies zu gew\u00e4hrleisten, m\u00fcssen Sie sich innerhalb von 28 Tagen nach Besuch der Attraktion an uns wenden. Beachten Sie, Ihre Buchungsnummer sowie genaue Angaben zu Ihrer Beschwerde, anzugeben.<\/span><\/p>\n<p><span style=\"font-weight: 400;\">Wenn Sie den Anspruch nicht gem\u00e4\u00df dieser Klausel geltend machen, \u00fcbernimmt The Escape Room keine Haftung bei Beschwerden und Problemen, bei denen weder ein Todesfall, noch eine Verletzung oder Erkrankung aufgetreten ist.<\/span><\/p>\n<h3 class=\"p2\"><\/h3>\n<ol start=\"12\">\n<li><b> \u00a0Datenschutzbedingungen<\/b><\/li>\n<\/ol>\n<p><span style=\"font-weight: 400;\">W\u00e4hrend des Spiels werden Sie durch Mitarbeiter von The Room Escape aus Sicherheitsgr\u00fcnden mittels Videokameras und Mikrofonen beobachtet. Es erfolgt jedoch keine Aufnahme. Bei Best\u00e4tigung der Buchung willigen Sie dieser Bedingung ein. Das Betriebsgeheimnis\/ Spielgeheimnis ist zu wahren. Es d\u00fcrfen keine Informationen \u00fcber R\u00e4tsel oder Spielinhalte an Dritte weitergegeben werden.<\/span><\/p>\n<h3 class=\"p2\"><\/h3>\n<ol start=\"13\">\n<li><b> \u00a0Ihre Verantwortlichkeiten<\/b><\/li>\n<\/ol>\n<p><span style=\"font-weight: 400;\">The Escape Room setzt voraus, dass alle Personen die einer Buchung unterliegen, sich bei Anreise eines guten Gesundheitszustandes erfreuen und in der Lage sind, den physischen Anforderungen eines Spiels gerecht zu werden. Der Gruppenverantwortliche, also der, der die Buchung get\u00e4tigt hat, hat die Verantwortung, dass sich alle Mitglieder der Gruppe vor der Abreise in Besitz der erforderlichen Reise- und Gesundheitsdokumente befinden. The Escape Room \u00fcbernimmt keine Haftung oder damit verbundene Kosten, wenn Ihnen der Zutritt zum Transportmittel oder der Einlass in das Land der Gesch\u00e4ftsr\u00e4ume untersagt wird, falls Sie nicht in Besitz der korrekten Dokumente sind.<\/span><\/p>\n<h3 class=\"p2\"><\/h3>\n<ol start=\"14\">\n<li><b> \u00a0Spezielle Anliegen und medizinische Probleme<\/b><\/li>\n<\/ol>\n<p><span style=\"font-weight: 400;\">Spezielle Anliegen sowie medizinische Probleme m\u00fcssen zum Zeitpunkt der Buchung bekannt gegeben werden. Nehmen Sie in diesem Fall vorab telefonisch Kontakt zu The Escape Room auf, um die M\u00f6glichkeiten zu evaluieren. Wir bem\u00fchen uns, jeglichem Anliegen gerecht zu werden. Kann ein Anliegen nicht entsprochen werden, gilt dies nicht als Vertragsverletzung unsererseits. Die Best\u00e4tigung \u00fcber ein Vermerk sowie das Anf\u00fchren auf Ihrer Rechnung oder einem anderen Dokument des speziellen Anliegens gilt nicht als Garant, dass dem Anliegen entsprochen wird. Spezielle Anliegen, die nicht ausdr\u00fccklich best\u00e4tigt wurden, unterliegen alle der Verf\u00fcgbarkeit.<\/span><\/p>\n<h3 class=\"p2\"><\/h3>\n<ol start=\"15\">\n<li><b> \u00a0Anreise<\/b><\/li>\n<\/ol>\n<p><span style=\"font-weight: 400;\">Vor der Anreise ist darauf zu achten, dass Sie \u00fcber die Wegbeschreibung mit einer aktuellen Landkarte zum gew\u00fcnschten The Escape Room Standort verf\u00fcgen. Informationen zur Anreise finden Sie jeweils auf Ihren E-Mail-Gutscheinen, sowie eine ausf\u00fchrliche Wegbeschreibung unter der Kategorie \u201eKontakt\u201c auf unserer Website <\/span><a href=\"http:\/\/www.the-escape-room.de\"><span style=\"font-weight: 400;\">www.the-escape-room.de<\/span><\/a><span style=\"font-weight: 400;\">.<\/span><\/p>\n<h3 class=\"p2\"><\/h3>\n<ol start=\"16\">\n<li><b> \u00a0Parken<\/b><\/li>\n<\/ol>\n<p><span style=\"font-weight: 400;\">Informieren Sie sich bitte \u00fcber Parkm\u00f6glichkeiten. Das Parken erfolgt immer auf Risiko des Fahrzeugeigent\u00fcmers.<\/span><\/p>\n<h3 class=\"p2\"><\/h3>\n<ol start=\"17\">\n<li><b> P\u00fcnktlichkeit<\/b><\/li>\n<\/ol>\n<p><span style=\"font-weight: 400;\">Planen Sie ein, 15 Minuten vor dem gebuchten Spiel zu erscheinen. Beachten Sie, eventuelle Versp\u00e4tungen aufgrund von Verkehr oder anderen Faktoren mit einzuplanen. P\u00fcnktlichkeit ist Voraussetzung, um allen Spielern einen reibungslosen und p\u00fcnktlichen Spielablauf zu gew\u00e4hrleisten, da die R\u00e4ume f\u00fcr jede Buchung speziell vorbereitet und geblockt werden. Bei Versp\u00e4tungen, die nicht durch The Escape Room zu vertreten sind, erhebt The Escape Room Anspruch, die Spielzeit zu verk\u00fcrzen. Bei erheblichen Versp\u00e4tungen kann eine Absage des Termins die Folge sein. In dem Fall erlischt das Ticket und es besteht kein Anspruch auf Erstattung.<\/span><\/p>\n<\/div><\/div><\/div><\/div><\/div><\/div><\/div><\/section>\n","protected":false},"excerpt":{"rendered":"Allgemeine Gesch\u00e4ftsbedingungen (AGB) Geltungsbereich und Anbieter Diese Allgemeinen Gesch\u00e4ftsbedingungen gelten f\u00fcr den Betrieb: The Escape Room Hildesheim Inh. Florian Braune e.K. Speicherstra\u00dfe 9 31134 Hildesheim Im Folgenden \u201cThe Escape Room\u201d genannt. Allgemeines The Escape Room ist nicht f\u00fcr Personen mit einer Nervenerkrankung geeignet. Menschen mit k\u00f6rperlichen Beeintr\u00e4chtigungen ist das Spielen nur in Begleitung eines Betreuers...","protected":false},"author":1,"featured_media":0,"parent":0,"menu_order":0,"comment_status":"closed","ping_status":"closed","template":"","meta":[],"yoast_head":"<!-- This site is optimized with the Yoast SEO plugin v15.0 - https:\/\/yoast.com\/wordpress\/plugins\/seo\/ -->\n<title>AGB - THE ESCAPE ROOM | Hildesheim<\/title>\n<meta name=\"robots\" content=\"index, follow, max-snippet:-1, max-image-preview:large, max-video-preview:-1\" \/>\n<link rel=\"canonical\" href=\"https:\/\/www.the-escape-room.de\/hildesheim\/agb\/\" \/>\n<meta property=\"og:locale\" content=\"de_DE\" \/>\n<meta property=\"og:type\" content=\"article\" \/>\n<meta property=\"og:title\" content=\"AGB - THE ESCAPE ROOM | Hildesheim\" \/>\n<meta property=\"og:url\" content=\"https:\/\/www.the-escape-room.de\/hildesheim\/agb\/\" \/>\n<meta property=\"og:site_name\" content=\"THE ESCAPE ROOM | Hildesheim\" \/>\n<meta property=\"article:modified_time\" content=\"2022-12-13T10:58:31+00:00\" \/>\n<meta name=\"twitter:card\" content=\"summary_large_image\" \/>\n<script type=\"application\/ld+json\" class=\"yoast-schema-graph\">{\"@context\":\"https:\/\/schema.org\",\"@graph\":[{\"@type\":\"WebSite\",\"@id\":\"https:\/\/www.the-escape-room.de\/hildesheim\/#website\",\"url\":\"https:\/\/www.the-escape-room.de\/hildesheim\/\",\"name\":\"THE ESCAPE ROOM | Hildesheim\",\"description\":\"Das Spiel gegen die Zeit! \\u2705 Authentische R\\u00e4ume mit viel \\u2665 zum Detail. Das besondere Abenteuer f\\u00fcr Freund*innen, Familie und Kolleg*innen in Hildesheim. \\u00dcber 100 positive Bewertungen sprechen f\\u00fcr sich!\",\"potentialAction\":[{\"@type\":\"SearchAction\",\"target\":\"https:\/\/www.the-escape-room.de\/hildesheim\/?s={search_term_string}\",\"query-input\":\"required name=search_term_string\"}],\"inLanguage\":\"de\"},{\"@type\":\"WebPage\",\"@id\":\"https:\/\/www.the-escape-room.de\/hildesheim\/agb\/#webpage\",\"url\":\"https:\/\/www.the-escape-room.de\/hildesheim\/agb\/\",\"name\":\"AGB - THE ESCAPE ROOM | Hildesheim\",\"isPartOf\":{\"@id\":\"https:\/\/www.the-escape-room.de\/hildesheim\/#website\"},\"datePublished\":\"2017-11-20T13:30:18+00:00\",\"dateModified\":\"2022-12-13T10:58:31+00:00\",\"inLanguage\":\"de\",\"potentialAction\":[{\"@type\":\"ReadAction\",\"target\":[\"https:\/\/www.the-escape-room.de\/hildesheim\/agb\/\"]}]}]}<\/script>\n<!-- \/ Yoast SEO plugin. -->","_links":{"self":[{"href":"https:\/\/www.the-escape-room.de\/hildesheim\/wp-json\/wp\/v2\/pages\/61"}],"collection":[{"href":"https:\/\/www.the-escape-room.de\/hildesheim\/wp-json\/wp\/v2\/pages"}],"about":[{"href":"https:\/\/www.the-escape-room.de\/hildesheim\/wp-json\/wp\/v2\/types\/page"}],"author":[{"embeddable":true,"href":"https:\/\/www.the-escape-room.de\/hildesheim\/wp-json\/wp\/v2\/users\/1"}],"replies":[{"embeddable":true,"href":"https:\/\/www.the-escape-room.de\/hildesheim\/wp-json\/wp\/v2\/comments?post=61"}],"version-history":[{"count":7,"href":"https:\/\/www.the-escape-room.de\/hildesheim\/wp-json\/wp\/v2\/pages\/61\/revisions"}],"predecessor-version":[{"id":870,"href":"https:\/\/www.the-escape-room.de\/hildesheim\/wp-json\/wp\/v2\/pages\/61\/revisions\/870"}],"wp:attachment":[{"href":"https:\/\/www.the-escape-room.de\/hildesheim\/wp-json\/wp\/v2\/media?parent=61"}],"curies":[{"name":"wp","href":"https:\/\/api.w.org\/{rel}","templated":true}]}}