{"id":415,"date":"2019-05-23T17:19:59","date_gmt":"2019-05-23T15:19:59","guid":{"rendered":"https:\/\/www.the-escape-room.de\/hildesheim\/?page_id=415"},"modified":"2025-09-17T15:14:41","modified_gmt":"2025-09-17T13:14:41","slug":"betriebsfeier-weihnachtsfeier","status":"publish","type":"page","link":"https:\/\/www.the-escape-room.de\/hildesheim\/betriebsfeier-weihnachtsfeier\/","title":{"rendered":"Weihnachtsfeier 2025 im Escape Room"},"content":{"rendered":"<section class=\"l-section wpb_row height_small\"><div class=\"l-section-h i-cf\"><div class=\"g-cols vc_row type_default valign_top\"><div class=\"vc_col-sm-8 wpb_column vc_column_container\"><div class=\"vc_column-inner\"><div class=\"wpb_wrapper\"><div class=\"wpb_text_column\" ><div class=\"wpb_wrapper\"><h1 style=\"text-align: left;\">Firmen-Weihnachtsfeier 2025 im Escape Room Hildesheim<\/h1>\n<p style=\"text-align: left;\">Alle Jahre wieder gilt es, mit den Mitarbeiter*innen und Kolleg*innen eine besondere Weihnachtsfeier zu organisieren, die Euch die Strapazen der letzten zw\u00f6lf Monate vergessen l\u00e4sst, Euch f\u00fcr die kommenden Aufgaben neu motiviert und als Einheit enger zusammenr\u00fccken l\u00e4sst.<\/p>\n<h3 style=\"text-align: left;\">Aber jedes Jahr steht ihr wieder vor der gleichen Frage: was k\u00f6nnen wir uns dieses Jahr zum Fest der Liebe Gutes tun?<\/h3>\n<p style=\"text-align: left;\">Der Escape Room in Hildesheim bietet Euch eine spannende M\u00f6glichkeit!<\/p>\n<p style=\"text-align: left;\">Bei den Herausforderungen und R\u00e4tseln unserer R\u00e4ume steht der Teamgedanke immer an erster Stelle. Denn um einen Raum zu meistern, braucht es:<\/p>\n<\/div><\/div><div class=\"g-cols wpb_row  type_default valign_middle vc_inner\"><div class=\"vc_col-sm-6 wpb_column vc_column_container\"><div class=\"vc_column-inner us_custom_5b1892f8\"><div class=\"wpb_wrapper\"><div class=\"flip-box-wrap\" style=\"\"><div class=\"flip-box ifb-custom-height  horizontal_flip_left flip-box-custom-height flip-ifb-custom-height\"  style=\"\"  data-min-height='250px'><div class=\"ifb-flip-box\" id=\"flip-box-wrap-1121\"><div class=\"ifb-face ifb-front \" style=\"color:#ffffff;background:#bf262a; border-width: 0px;border-style: solid; border-color:#a4a4a4;\">\r\n\t\t\t\t\t\t\t<div class=\"ifb-flip-box-section ifb-flip-box-section-vertical-middle\">\r\n\t\t\t\t\t\t\t<div class=\"flip-box-icon\"><div class=\"ult-just-icon-wrapper  \"><div class=\"align-icon\" style=\"text-align:center;\">\n<div class=\"aio-icon circle \"  style=\"color:#bf262a;background:#ffffff;font-size:32px;display:inline-block;\">\n\t<i class=\"Defaults-group users\"><\/i>\n<\/div><\/div><\/div><\/div><h3 class=\"ult-responsive flipbox_heading\"  data-ultimate-target='#flip-box-wrap-1121 .ult-responsive.flipbox_heading'  data-responsive-json-new='{\"font-size\":\"\",\"line-height\":\"\"}'  style=\"color:#ffffff; \">1. Zusammenarbeit im Team<\/h3><\/div><\/div><!-- END .front -->\r\n\t\t\t\t\t\t<div class=\"ifb-face ifb-back\" style=\"color:#ffffff;background:#bf262a; border-width: 0px;border-style: solid; border-color:#a4a4a4;\">\r\n\t\t\t\t\t\t\t<div class=\"ifb-flip-box-section ifb-flip-box-section-vertical-middle\"><div class=\"ifb-flip-box-section-content ult-responsive\"  data-ultimate-target='#flip-box-wrap-1121 .ifb-flip-box-section-content.ult-responsive'  data-responsive-json-new='{\"font-size\":\"\",\"line-height\":\"\"}'  style=\"color:#333333;color:#ffffff;\"><p>Nur gemeinsam k\u00f6nnen die R\u00e4tsel gel\u00f6st werden. Es ist wichtig, sich untereinander zu koordinieren und abzustimmen. Damit das gelingt braucht man eine\u2026<\/p><\/div><\/div><\/div><!-- END .back --><\/div> <!-- ifb-flip-box --><\/div> <!-- flip-box --><\/div><!-- End icon block --><\/div><\/div><\/div><div class=\"vc_col-sm-6 wpb_column vc_column_container\"><div class=\"vc_column-inner\"><div class=\"wpb_wrapper\"><div class=\"flip-box-wrap\" style=\"\"><div class=\"flip-box ifb-custom-height  horizontal_flip_right flip-box-custom-height flip-ifb-custom-height\"  style=\"\"  data-min-height='250px'><div class=\"ifb-flip-box\" id=\"flip-box-wrap-6471\"><div class=\"ifb-face ifb-front \" style=\"color:#ffffff;background:#bf262a; border-width: 0px;border-style: solid; border-color:#a4a4a4;\">\r\n\t\t\t\t\t\t\t<div class=\"ifb-flip-box-section ifb-flip-box-section-vertical-middle\">\r\n\t\t\t\t\t\t\t<div class=\"flip-box-icon\"><div class=\"ult-just-icon-wrapper  \"><div class=\"align-icon\" style=\"text-align:center;\">\n<div class=\"aio-icon circle \"  style=\"color:#bf262a;background:#ffffff;font-size:32px;display:inline-block;\">\n\t<i class=\"Defaults-bullhorn\"><\/i>\n<\/div><\/div><\/div><\/div><h3 class=\"ult-responsive flipbox_heading\"  data-ultimate-target='#flip-box-wrap-6471 .ult-responsive.flipbox_heading'  data-responsive-json-new='{\"font-size\":\"\",\"line-height\":\"\"}'  style=\"color:#ffffff; \">2. Effiziente Kommunikation<\/h3><\/div><\/div><!-- END .front -->\r\n\t\t\t\t\t\t<div class=\"ifb-face ifb-back\" style=\"color:#ffffff;background:#bf262a; border-width: 0px;border-style: solid; border-color:#a4a4a4;\">\r\n\t\t\t\t\t\t\t<div class=\"ifb-flip-box-section ifb-flip-box-section-vertical-middle\"><div class=\"ifb-flip-box-section-content ult-responsive\"  data-ultimate-target='#flip-box-wrap-6471 .ifb-flip-box-section-content.ult-responsive'  data-responsive-json-new='{\"font-size\":\"\",\"line-height\":\"\"}'  style=\"color:#333333;color:#ffffff;\"><p>Eure Gruppe hat nur 60 Minuten Zeit, um alle R\u00e4tsel zu l\u00f6sen. Die Verteilung von Aufgaben sowie die Absprache in der Gruppe sollte gezielt und effizient erfolgen. Das Einbringen der pers\u00f6nlichen St\u00e4rken f\u00fchrt zum gemeinsamen Erfolg. Zu diesen z\u00e4hlen:<\/p><\/div><\/div><\/div><!-- END .back --><\/div> <!-- ifb-flip-box --><\/div> <!-- flip-box --><\/div><!-- End icon block --><\/div><\/div><\/div><\/div><div class=\"g-cols wpb_row  type_default valign_middle vc_inner\"><div class=\"vc_col-sm-12 wpb_column vc_column_container\"><div class=\"vc_column-inner us_custom_5b1892f8\"><div class=\"wpb_wrapper\"><div class=\"flip-box-wrap\" style=\"\"><div class=\"flip-box ifb-custom-height  vertical_flip_bottom flip-box-custom-height flip-ifb-custom-height\"  style=\"\"  data-min-height='250px'><div class=\"ifb-flip-box\" id=\"flip-box-wrap-3986\"><div class=\"ifb-face ifb-front \" style=\"color:#ffffff;background:#bf262a; border-width: 0px;border-style: solid; border-color:#a4a4a4;\">\r\n\t\t\t\t\t\t\t<div class=\"ifb-flip-box-section ifb-flip-box-section-vertical-middle\">\r\n\t\t\t\t\t\t\t<div class=\"flip-box-icon\"><div class=\"ult-just-icon-wrapper  \"><div class=\"align-icon\" style=\"text-align:center;\">\n<div class=\"aio-icon circle \"  style=\"color:#bf262a;background:#ffffff;font-size:32px;display:inline-block;\">\n\t<i class=\"Defaults-lightbulb-o\"><\/i>\n<\/div><\/div><\/div><\/div><h3 class=\"ult-responsive flipbox_heading\"  data-ultimate-target='#flip-box-wrap-3986 .ult-responsive.flipbox_heading'  data-responsive-json-new='{\"font-size\":\"\",\"line-height\":\"\"}'  style=\"color:#ffffff; \">3. Logik, Geschicklichkeit, Kreativit\u00e4t<\/h3><\/div><\/div><!-- END .front -->\r\n\t\t\t\t\t\t<div class=\"ifb-face ifb-back\" style=\"color:#ffffff;background:#bf262a; border-width: 0px;border-style: solid; border-color:#a4a4a4;\">\r\n\t\t\t\t\t\t\t<div class=\"ifb-flip-box-section ifb-flip-box-section-vertical-middle\"><div class=\"ifb-flip-box-section-content ult-responsive\"  data-ultimate-target='#flip-box-wrap-3986 .ifb-flip-box-section-content.ult-responsive'  data-responsive-json-new='{\"font-size\":\"\",\"line-height\":\"\"}'  style=\"color:#333333;color:#ffffff;\"><p>Jeder Mensch ist anders. Jeder Mensch denkt anders, jeder Mensch l\u00f6st Probleme auf eine eigene Art und Weise. Nur, wenn die verschiedenen F\u00e4higkeiten der Spieler*innen mittels guter Kommunikation und Zusammenarbeit optimal eingesetzt werden, wird das Team erfolgreich sein!<\/p><\/div><\/div><\/div><!-- END .back --><\/div> <!-- ifb-flip-box --><\/div> <!-- flip-box --><\/div><!-- End icon block --><\/div><\/div><\/div><\/div><div class=\"wpb_text_column\" ><div class=\"wpb_wrapper\"><h4>Wollt ihr Euch gemeinsam mit Eurem Team dieser Herausforderung stellen?<\/h4>\n<p>Wir bieten in Hildesheim Firmenfeier f\u00fcr 2 bis 30 Personen an. Gerne kannst Du die Buchung einfach \u00fcber unsere Homepage durchf\u00fchren oder uns vorab kontaktieren. Wir helfen Dir bei der Auswahl der richtigen R\u00e4ume f\u00fcr Euer unvergessliche Firmenfeier.<\/p>\n<\/div><\/div><div class=\"w-btn-wrapper width_auto align_center\"><a class=\"w-btn us-btn-style_1 us_custom_84f5aaec\" href=\"https:\/\/www.the-escape-room.de\/hildesheim\/raeume-preise\/\"><span class=\"w-btn-label\">entdecke unsere Spielr\u00e4ume<\/span><\/a><\/div><div class=\"g-cols wpb_row  us_custom_0f8f44b7 type_default valign_middle vc_inner\"><div class=\"vc_col-sm-4 wpb_column vc_column_container has-fill\"><div class=\"vc_column-inner us_custom_e1755395\"><div class=\"wpb_wrapper\"><div class=\"aio-icon-component  vc_custom_1606297450787   style_1\"><div id=\"Info-box-wrap-5730\" class=\"aio-icon-box left-icon\" style=\"\"  ><div class=\"aio-icon-left\"><div class=\"ult-just-icon-wrapper  \"><div class=\"align-icon\" style=\"text-align:center;\">\n<div class=\"aio-icon none \" data-animation=\"fadeInRight\" data-animation-delay=\"03\" style=\"color:#ffffff;font-size:50px;display:inline-block;\">\n\t<i class=\"Defaults-phone\"><\/i>\n<\/div><\/div><\/div><\/div><div class=\"aio-ibd-block\"><div class=\"aio-icon-header\" ><h3 class=\"aio-icon-title ult-responsive\"  data-ultimate-target='#Info-box-wrap-5730 .aio-icon-title'  data-responsive-json-new='{\"font-size\":\"\",\"line-height\":\"\"}'  style=\"\">05121 \/ 6069785\u202c<\/h3><\/div> <!-- header --><\/div> <!-- aio-ibd-block --><\/div> <!-- aio-icon-box --><\/div> <!-- aio-icon-component --><\/div><\/div><\/div><div class=\"vc_col-sm-4 wpb_column vc_column_container has-fill\"><div class=\"vc_column-inner us_custom_1a3632f4\"><div class=\"wpb_wrapper\"><div class=\"w-btn-wrapper width_auto align_center\"><a class=\"w-btn us-btn-style_5 us_custom_80a192e9\" href=\"https:\/\/www.the-escape-room.de\/hildesheim\/raeume-preise\/\"><span class=\"w-btn-label\">R\u00e4ume buchen<\/span><\/a><\/div><\/div><\/div><\/div><div class=\"vc_col-sm-4 wpb_column vc_column_container has-fill\"><div class=\"vc_column-inner us_custom_8f33e493\"><div class=\"wpb_wrapper\"><div class=\"aio-icon-component  vc_custom_1536833918665   style_1\"><div id=\"Info-box-wrap-4331\" class=\"aio-icon-box left-icon\" style=\"\"  ><div class=\"aio-icon-left\"><div class=\"ult-just-icon-wrapper  \"><div class=\"align-icon\" style=\"text-align:center;\">\n<div class=\"aio-icon none \" data-animation=\"fadeInRight\" data-animation-delay=\"03\" style=\"color:#ffffff;font-size:50px;display:inline-block;\">\n\t<i class=\"Defaults-envelope-o\"><\/i>\n<\/div><\/div><\/div><\/div><div class=\"aio-ibd-block\"><div class=\"aio-icon-header\" ><h3 class=\"aio-icon-title ult-responsive\"  data-ultimate-target='#Info-box-wrap-4331 .aio-icon-title'  data-responsive-json-new='{\"font-size\":\"\",\"line-height\":\"\"}'  style=\"\">hildesheim@the-escape-room.de<\/h3><\/div> <!-- header --><\/div> <!-- aio-ibd-block --><\/div> <!-- aio-icon-box --><\/div> <!-- aio-icon-component --><\/div><\/div><\/div><\/div><div class=\"g-cols wpb_row  us_custom_d2199d32 type_default valign_top vc_inner\"><div class=\"vc_col-sm-12 wpb_column vc_column_container\"><div class=\"vc_column-inner\"><div class=\"wpb_wrapper\"><div class=\"wpb_text_column\" ><div class=\"wpb_wrapper\"><h4>Du m\u00f6chtest ein Angebot, hast noch Fragen oder w\u00fcnschst einen R\u00fcckruf?<\/h4>\n<\/div><\/div><\/div><\/div><\/div><\/div><div role=\"form\" class=\"wpcf7\" id=\"wpcf7-f152-o1\" lang=\"de-DE\" dir=\"ltr\">\n<div class=\"screen-reader-response\" role=\"alert\" aria-live=\"polite\"><\/div>\n<form action=\"\/hildesheim\/wp-json\/wp\/v2\/pages\/415#wpcf7-f152-o1\" method=\"post\" class=\"wpcf7-form init\" novalidate=\"novalidate\">\n<div style=\"display: none;\">\n<input type=\"hidden\" name=\"_wpcf7\" value=\"152\" \/>\n<input type=\"hidden\" name=\"_wpcf7_version\" value=\"5.2.2\" \/>\n<input type=\"hidden\" name=\"_wpcf7_locale\" value=\"de_DE\" \/>\n<input type=\"hidden\" name=\"_wpcf7_unit_tag\" value=\"wpcf7-f152-o1\" \/>\n<input type=\"hidden\" name=\"_wpcf7_container_post\" value=\"0\" \/>\n<input type=\"hidden\" name=\"_wpcf7_posted_data_hash\" value=\"\" \/>\n<\/div>\n<div class=\"vc_col-sm-6 k-form\"><span class=\"wpcf7-form-control-wrap vorname\"><input type=\"text\" name=\"vorname\" value=\"\" size=\"40\" class=\"wpcf7-form-control wpcf7-text wpcf7-validates-as-required\" aria-required=\"true\" aria-invalid=\"false\" placeholder=\"Vorname*\" \/><\/span><\/div>\n<div class=\"vc_col-sm-6 k-form\"><span class=\"wpcf7-form-control-wrap nachname\"><input type=\"text\" name=\"nachname\" value=\"\" size=\"40\" class=\"wpcf7-form-control wpcf7-text wpcf7-validates-as-required\" aria-required=\"true\" aria-invalid=\"false\" placeholder=\"Nachname*\" \/><\/span><\/div>\n<div><span class=\"wpcf7-form-control-wrap your-email\"><input type=\"email\" name=\"your-email\" value=\"\" size=\"40\" class=\"wpcf7-form-control wpcf7-text wpcf7-email wpcf7-validates-as-required wpcf7-validates-as-email\" aria-required=\"true\" aria-invalid=\"false\" placeholder=\"Mail*\" \/><\/span><\/div>\n<div><span class=\"wpcf7-form-control-wrap telefon\"><input type=\"tel\" name=\"telefon\" value=\"\" size=\"40\" class=\"wpcf7-form-control wpcf7-text wpcf7-tel wpcf7-validates-as-required wpcf7-validates-as-tel\" aria-required=\"true\" aria-invalid=\"false\" placeholder=\"Telefon*\" \/><\/span><\/div>\n<div><span class=\"wpcf7-form-control-wrap event\"><input type=\"text\" name=\"event\" value=\"\" size=\"40\" class=\"wpcf7-form-control wpcf7-text\" aria-invalid=\"false\" placeholder=\"F\u00fcr welches Event interessierst du dich?\" \/><\/span><\/div>\n<div><span class=\"wpcf7-form-control-wrap your-message\"><textarea name=\"your-message\" cols=\"40\" rows=\"4\" class=\"wpcf7-form-control wpcf7-textarea wpcf7-validates-as-required\" aria-required=\"true\" aria-invalid=\"false\" placeholder=\"Nachricht*\"><\/textarea><\/span><\/div>\n<div style=\"margin-top:10px\"><span class=\"wpcf7-form-control-wrap your-consent\"><span class=\"wpcf7-form-control wpcf7-acceptance\"><span class=\"wpcf7-list-item\"><label><input type=\"checkbox\" name=\"your-consent\" value=\"1\" aria-invalid=\"false\" \/><span class=\"wpcf7-list-item-label\">Ich habe die <a href=\"https:\/\/www.the-escape-room.de\/hildesheim\/datenschutzerklaerung\/\" target=\"_blank\">Datenschutzerkl\u00e4rung<\/a> zur Kenntnis genommen. Ich stimme zu, dass meine Angaben zur Kontaktaufnahme und f\u00fcr R\u00fcckfragen gespeichert werden.<\/span><\/label><\/span><\/span><\/span><\/div>\n<div style=\"text-align: center;color:#ffffff; margin:10px;\"><input type=\"submit\" value=\"Nachricht senden\" class=\"wpcf7-form-control wpcf7-submit\" \/><\/div>\n<div class=\"wpcf7-response-output\" role=\"alert\" aria-hidden=\"true\"><\/div><\/form><\/div><\/div><\/div><\/div><div class=\"vc_col-sm-4 wpb_column vc_column_container has-fill\"><div class=\"vc_column-inner us_custom_1a3632f4\"><div class=\"wpb_wrapper\"><div class=\"wpb_text_column\" ><div class=\"wpb_wrapper\"><h2 style=\"text-align: center;\">Wir versprechen:<\/h2>\n<h2 style=\"text-align: center;\">So spannend war Eure Weihnachtsfeier noch nie!<\/h2>\n<\/div><\/div><div class=\"w-separator size_medium with_line width_50 thick_1 style_solid color_border align_center\"><div class=\"w-separator-h\"><\/div><\/div><div class=\"aio-icon-component    style_1\"><div id=\"Info-box-wrap-9438\" class=\"aio-icon-box top-icon\" style=\"\"  ><div class=\"aio-icon-top\"><div class=\"ult-just-icon-wrapper  \"><div class=\"align-icon\" style=\"text-align:center;\">\n<div class=\"aio-icon none \" data-animation=\"fadeInRight\" data-animation-delay=\"03\" style=\"color:#ffffff;font-size:50px;display:inline-block;\">\n\t<i class=\"Defaults-group users\"><\/i>\n<\/div><\/div><\/div><\/div><div class=\"aio-icon-header\" ><h3 class=\"aio-icon-title ult-responsive\"  data-ultimate-target='#Info-box-wrap-9438 .aio-icon-title'  data-responsive-json-new='{\"font-size\":\"\",\"line-height\":\"\"}'  style=\"\">INDIVIDUELLE SPIELVARIANTEN<\/h3><\/div> <!-- header --><div class=\"aio-icon-description ult-responsive\"  data-ultimate-target='#Info-box-wrap-9438 .aio-icon-description'  data-responsive-json-new='{\"font-size\":\"\",\"line-height\":\"\"}'  style=\"\">F\u00fcr 2 bis 30 Personen<\/div> <!-- description --><\/div> <!-- aio-icon-box --><\/div> <!-- aio-icon-component --><div class=\"w-separator size_medium with_line width_50 thick_1 style_solid color_border align_center\"><div class=\"w-separator-h\"><\/div><\/div><div class=\"aio-icon-component    style_1\"><div id=\"Info-box-wrap-9050\" class=\"aio-icon-box top-icon\" style=\"\"  ><div class=\"aio-icon-top\"><div class=\"ult-just-icon-wrapper  \"><div class=\"align-icon\" style=\"text-align:center;\">\n<div class=\"aio-icon none \" data-animation=\"fadeInRight\" data-animation-delay=\"03\" style=\"color:#ffffff;font-size:50px;display:inline-block;\">\n\t<i class=\"Defaults-info\"><\/i>\n<\/div><\/div><\/div><\/div><div class=\"aio-icon-header\" ><h3 class=\"aio-icon-title ult-responsive\"  data-ultimate-target='#Info-box-wrap-9050 .aio-icon-title'  data-responsive-json-new='{\"font-size\":\"\",\"line-height\":\"\"}'  style=\"\">WEITERE INFORMATIONEN<\/h3><\/div> <!-- header --><div class=\"aio-icon-description ult-responsive\"  data-ultimate-target='#Info-box-wrap-9050 .aio-icon-description'  data-responsive-json-new='{\"font-size\":\"\",\"line-height\":\"\"}'  style=\"\">\n<p>Du willst mehr \u00fcber das Escape Game erfahren?<\/p>\n<\/div> <!-- description --><\/div> <!-- aio-icon-box --><\/div> <!-- aio-icon-component --><div class=\"w-btn-wrapper width_auto align_center\"><a class=\"w-btn us-btn-style_5 us_custom_80a192e9\" href=\"https:\/\/www.the-escape-room.de\/hildesheim\/\"><span class=\"w-btn-label\">Klicke hier!<\/span><\/a><\/div><div class=\"w-separator size_medium with_line width_50 thick_1 style_solid color_border align_center\"><div class=\"w-separator-h\"><\/div><\/div><div class=\"aio-icon-component    style_1\"><div id=\"Info-box-wrap-9766\" class=\"aio-icon-box top-icon\" style=\"\"  ><div class=\"aio-icon-top\"><div class=\"ult-just-icon-wrapper  \"><div class=\"align-icon\" style=\"text-align:center;\">\n<div class=\"aio-icon none \" data-animation=\"fadeInRight\" data-animation-delay=\"03\" style=\"color:#ffffff;font-size:50px;display:inline-block;\">\n\t<i class=\"Defaults-heartbeat\"><\/i>\n<\/div><\/div><\/div><\/div><div class=\"aio-icon-header\" ><h3 class=\"aio-icon-title ult-responsive\"  data-ultimate-target='#Info-box-wrap-9766 .aio-icon-title'  data-responsive-json-new='{\"font-size\":\"\",\"line-height\":\"\"}'  style=\"\">5 VERSCHIEDENE SZENARIEN<\/h3><\/div> <!-- header --><div class=\"aio-icon-description ult-responsive\"  data-ultimate-target='#Info-box-wrap-9766 .aio-icon-description'  data-responsive-json-new='{\"font-size\":\"\",\"line-height\":\"\"}'  style=\"\">Lassen das Herz jedes Spielers und jeder Spielerin h\u00f6her schlagen!<\/div> <!-- description --><\/div> <!-- aio-icon-box --><\/div> <!-- aio-icon-component --><div class=\"w-separator size_medium with_line width_50 thick_1 style_solid color_border align_center\"><div class=\"w-separator-h\"><\/div><\/div><div class=\"aio-icon-component    style_1\"><div id=\"Info-box-wrap-8291\" class=\"aio-icon-box top-icon\" style=\"\"  ><div class=\"aio-icon-top\"><div class=\"ult-just-icon-wrapper  \"><div class=\"align-icon\" style=\"text-align:center;\">\n<div class=\"aio-icon none \" data-animation=\"fadeInRight\" data-animation-delay=\"03\" style=\"color:#ffffff;font-size:50px;display:inline-block;\">\n\t<i class=\"Defaults-birthday-cake\"><\/i>\n<\/div><\/div><\/div><\/div><div class=\"aio-icon-header\" ><h3 class=\"aio-icon-title ult-responsive\"  data-ultimate-target='#Info-box-wrap-8291 .aio-icon-title'  data-responsive-json-new='{\"font-size\":\"\",\"line-height\":\"\"}'  style=\"\">F\u00dcR JEDES ALTER GEEIGNET<\/h3><\/div> <!-- header --><div class=\"aio-icon-description ult-responsive\"  data-ultimate-target='#Info-box-wrap-8291 .aio-icon-description'  data-responsive-json-new='{\"font-size\":\"\",\"line-height\":\"\"}'  style=\"\">von 14 &#8211; 99 Jahren<\/div> <!-- description --><\/div> <!-- aio-icon-box --><\/div> <!-- aio-icon-component --><\/div><\/div><\/div><\/div><\/div><\/section>\n","protected":false},"excerpt":{"rendered":"Firmen-Weihnachtsfeier 2025 im Escape Room Hildesheim Alle Jahre wieder gilt es, mit den Mitarbeiter*innen und Kolleg*innen eine besondere Weihnachtsfeier zu organisieren, die Euch die Strapazen der letzten zw\u00f6lf Monate vergessen l\u00e4sst, Euch f\u00fcr die kommenden Aufgaben neu motiviert und als Einheit enger zusammenr\u00fccken l\u00e4sst. Aber jedes Jahr steht ihr wieder vor der gleichen Frage: was...","protected":false},"author":1,"featured_media":0,"parent":0,"menu_order":0,"comment_status":"closed","ping_status":"closed","template":"","meta":[],"yoast_head":"<!-- This site is optimized with the Yoast SEO plugin v15.0 - https:\/\/yoast.com\/wordpress\/plugins\/seo\/ -->\n<title>Weihnachtsfeier 2025 im Escape Room - THE ESCAPE ROOM | Hildesheim<\/title>\n<meta name=\"description\" content=\"Auf der Suche nach einer spannenden Weihnachtsfeier? \u2705 Wir bieten Euch eine spannende Herausforderung und authentische R\u00e4ume mit viel \u2665 zum Detail.\" \/>\n<meta name=\"robots\" content=\"index, follow, max-snippet:-1, max-image-preview:large, max-video-preview:-1\" \/>\n<link rel=\"canonical\" href=\"https:\/\/www.the-escape-room.de\/hildesheim\/betriebsfeier-weihnachtsfeier\/\" \/>\n<meta property=\"og:locale\" content=\"de_DE\" \/>\n<meta property=\"og:type\" content=\"article\" \/>\n<meta property=\"og:title\" content=\"Weihnachtsfeier 2025 im Escape Room - THE ESCAPE ROOM | Hildesheim\" \/>\n<meta property=\"og:description\" content=\"Auf der Suche nach einer spannenden Weihnachtsfeier? \u2705 Wir bieten Euch eine spannende Herausforderung und authentische R\u00e4ume mit viel \u2665 zum Detail.\" \/>\n<meta property=\"og:url\" content=\"https:\/\/www.the-escape-room.de\/hildesheim\/betriebsfeier-weihnachtsfeier\/\" \/>\n<meta property=\"og:site_name\" content=\"THE ESCAPE ROOM | Hildesheim\" \/>\n<meta property=\"article:modified_time\" content=\"2025-09-17T13:14:41+00:00\" \/>\n<meta name=\"twitter:card\" content=\"summary_large_image\" \/>\n<script type=\"application\/ld+json\" class=\"yoast-schema-graph\">{\"@context\":\"https:\/\/schema.org\",\"@graph\":[{\"@type\":\"WebSite\",\"@id\":\"https:\/\/www.the-escape-room.de\/hildesheim\/#website\",\"url\":\"https:\/\/www.the-escape-room.de\/hildesheim\/\",\"name\":\"THE ESCAPE ROOM | Hildesheim\",\"description\":\"Das Spiel gegen die Zeit! \\u2705 Authentische R\\u00e4ume mit viel \\u2665 zum Detail. Das besondere Abenteuer f\\u00fcr Freund*innen, Familie und Kolleg*innen in Hildesheim. \\u00dcber 100 positive Bewertungen sprechen f\\u00fcr sich!\",\"potentialAction\":[{\"@type\":\"SearchAction\",\"target\":\"https:\/\/www.the-escape-room.de\/hildesheim\/?s={search_term_string}\",\"query-input\":\"required name=search_term_string\"}],\"inLanguage\":\"de\"},{\"@type\":\"WebPage\",\"@id\":\"https:\/\/www.the-escape-room.de\/hildesheim\/betriebsfeier-weihnachtsfeier\/#webpage\",\"url\":\"https:\/\/www.the-escape-room.de\/hildesheim\/betriebsfeier-weihnachtsfeier\/\",\"name\":\"Weihnachtsfeier 2025 im Escape Room - THE ESCAPE ROOM | Hildesheim\",\"isPartOf\":{\"@id\":\"https:\/\/www.the-escape-room.de\/hildesheim\/#website\"},\"datePublished\":\"2019-05-23T15:19:59+00:00\",\"dateModified\":\"2025-09-17T13:14:41+00:00\",\"description\":\"Auf der Suche nach einer spannenden Weihnachtsfeier? \\u2705 Wir bieten Euch eine spannende Herausforderung und authentische R\\u00e4ume mit viel \\u2665 zum Detail.\",\"inLanguage\":\"de\",\"potentialAction\":[{\"@type\":\"ReadAction\",\"target\":[\"https:\/\/www.the-escape-room.de\/hildesheim\/betriebsfeier-weihnachtsfeier\/\"]}]}]}<\/script>\n<!-- \/ Yoast SEO plugin. -->","_links":{"self":[{"href":"https:\/\/www.the-escape-room.de\/hildesheim\/wp-json\/wp\/v2\/pages\/415"}],"collection":[{"href":"https:\/\/www.the-escape-room.de\/hildesheim\/wp-json\/wp\/v2\/pages"}],"about":[{"href":"https:\/\/www.the-escape-room.de\/hildesheim\/wp-json\/wp\/v2\/types\/page"}],"author":[{"embeddable":true,"href":"https:\/\/www.the-escape-room.de\/hildesheim\/wp-json\/wp\/v2\/users\/1"}],"replies":[{"embeddable":true,"href":"https:\/\/www.the-escape-room.de\/hildesheim\/wp-json\/wp\/v2\/comments?post=415"}],"version-history":[{"count":10,"href":"https:\/\/www.the-escape-room.de\/hildesheim\/wp-json\/wp\/v2\/pages\/415\/revisions"}],"predecessor-version":[{"id":1272,"href":"https:\/\/www.the-escape-room.de\/hildesheim\/wp-json\/wp\/v2\/pages\/415\/revisions\/1272"}],"wp:attachment":[{"href":"https:\/\/www.the-escape-room.de\/hildesheim\/wp-json\/wp\/v2\/media?parent=415"}],"curies":[{"name":"wp","href":"https:\/\/api.w.org\/{rel}","templated":true}]}}