{"id":414,"date":"2019-05-23T17:28:28","date_gmt":"2019-05-23T15:28:28","guid":{"rendered":"https:\/\/www.the-escape-room.de\/hildesheim\/?page_id=414"},"modified":"2020-02-05T14:59:36","modified_gmt":"2020-02-05T13:59:36","slug":"teambuilding-coaching","status":"publish","type":"page","link":"https:\/\/www.the-escape-room.de\/hildesheim\/teambuilding-coaching\/","title":{"rendered":"Teambuilding\/ -Coaching"},"content":{"rendered":"<section class=\"l-section wpb_row height_small\"><div class=\"l-section-h i-cf\"><div class=\"g-cols vc_row type_default valign_middle\"><div class=\"vc_col-sm-8 wpb_column vc_column_container\"><div class=\"vc_column-inner\"><div class=\"wpb_wrapper\"><div class=\"wpb_text_column\" ><div class=\"wpb_wrapper\"><h1 style=\"text-align: left;\">Teambuilding\/ -Coaching &amp; Managerseminare<\/h1>\n<h3 style=\"text-align: left;\">Ihr Firmen-Event im Escape Room<\/h3>\n<p>Die Escape Games dienen Ihrem Team als Herausforderung und Chance im Rahmen unserer Seminare, die auf Ihre Bed\u00fcrfnisse zugeschnittenen sind. Sie sind ideal, um ein gut funktionierendes Team zu f\u00f6rdern.<\/p>\n<\/div><\/div><\/div><\/div><\/div><div class=\"vc_col-sm-4 wpb_column vc_column_container\"><div class=\"vc_column-inner\"><div class=\"wpb_wrapper\"><div class=\"aio-icon-component    style_3\"><div id=\"Info-box-wrap-3403\" class=\"aio-icon-box top-icon\" style=\"\"  ><div class=\"aio-icon-top\"><div class=\"ult-just-icon-wrapper  \"><div class=\"align-icon\" style=\"text-align:center;\">\n<div class=\"aio-icon circle \" data-animation=\"swing\" data-animation-delay=\"03\" style=\"color:#bf262a;background:#ffffff;font-size:50px;display:inline-block;\">\n\t<i class=\"Defaults-group users\"><\/i>\n<\/div><\/div><\/div><\/div><\/div> <!-- aio-icon-box --><\/div> <!-- aio-icon-component --><\/div><\/div><\/div><\/div><\/div><\/section><section class=\"l-section wpb_row height_small with_img parallax_fixed\"><div class=\"l-section-img\" style=\"background-image: url(https:\/\/www.the-escape-room.de\/hildesheim\/wp-content\/uploads\/sites\/3\/2018\/03\/faq-header-escape-room-hildesheim.jpg);background-repeat: no-repeat;\" data-img-width=\"1280\" data-img-height=\"1280\"><\/div><div class=\"l-section-h i-cf\"><div class=\"g-cols vc_row type_default valign_middle\"><div class=\"vc_col-sm-3 wpb_column vc_column_container\"><div class=\"vc_column-inner\"><div class=\"wpb_wrapper\"><div class=\"flip-box-wrap\" style=\"\"><div class=\"flip-box ifb-custom-height  vertical_flip_bottom flip-box-custom-height flip-ifb-custom-height\"  style=\"\"  data-min-height='250px'><div class=\"ifb-flip-box\" id=\"flip-box-wrap-9158\"><div class=\"ifb-face ifb-front \" style=\"color:#ffffff;background:#bd2a2b; border-width: 0px;border-style: solid; border-color:#ffffff;\">\r\n\t\t\t\t\t\t\t<div class=\"ifb-flip-box-section ifb-flip-box-section-vertical-middle\">\r\n\t\t\t\t\t\t\t<div class=\"flip-box-icon\"><div class=\"ult-just-icon-wrapper  \"><div class=\"align-icon\" style=\"text-align:center;\">\n<div class=\"aio-icon none \"  style=\"color:#ffffff;font-size:32px;display:inline-block;\">\n\t<i class=\"Defaults-question\"><\/i>\n<\/div><\/div><\/div><\/div><\/div><\/div><!-- END .front -->\r\n\t\t\t\t\t\t<div class=\"ifb-face ifb-back\" style=\"color:#ffffff;background:#bd2a2b; border-width: 0px;border-style: solid; border-color:#ffffff;\">\r\n\t\t\t\t\t\t\t<div class=\"ifb-flip-box-section ifb-flip-box-section-vertical-middle\"><h3 class=\"ult-responsive flipbox_heading\"  data-ultimate-target='#flip-box-wrap-9158 .ult-responsive.flipbox_heading'  data-responsive-json-new='{\"font-size\":\"desktop:24px;\",\"line-height\":\"\"}'  style=\"color:#ffffff; \">Probleml\u00f6sung<\/h3><\/div><\/div><!-- END .back --><\/div> <!-- ifb-flip-box --><\/div> <!-- flip-box --><\/div><!-- End icon block --><div class=\"flip-box-wrap\" style=\"\"><div class=\"flip-box ifb-custom-height  vertical_flip_bottom flip-box-custom-height flip-ifb-custom-height\"  style=\"\"  data-min-height='250px'><div class=\"ifb-flip-box\" id=\"flip-box-wrap-2985\"><div class=\"ifb-face ifb-front \" style=\"color:#ffffff;background:#bd2a2b; border-width: 0px;border-style: solid; border-color:#ffffff;\">\r\n\t\t\t\t\t\t\t<div class=\"ifb-flip-box-section ifb-flip-box-section-vertical-middle\">\r\n\t\t\t\t\t\t\t<div class=\"flip-box-icon\"><div class=\"ult-just-icon-wrapper  \"><div class=\"align-icon\" style=\"text-align:center;\">\n<div class=\"aio-icon none \"  style=\"color:#ffffff;font-size:32px;display:inline-block;\">\n\t<i class=\"Defaults-lightbulb-o\"><\/i>\n<\/div><\/div><\/div><\/div><\/div><\/div><!-- END .front -->\r\n\t\t\t\t\t\t<div class=\"ifb-face ifb-back\" style=\"color:#ffffff;background:#bd2a2b; border-width: 0px;border-style: solid; border-color:#ffffff;\">\r\n\t\t\t\t\t\t\t<div class=\"ifb-flip-box-section ifb-flip-box-section-vertical-middle\"><h3 class=\"ult-responsive flipbox_heading\"  data-ultimate-target='#flip-box-wrap-2985 .ult-responsive.flipbox_heading'  data-responsive-json-new='{\"font-size\":\"desktop:24px;\",\"line-height\":\"\"}'  style=\"color:#ffffff; \">Gemeinsame Nutzung von Ideen<\/h3><\/div><\/div><!-- END .back --><\/div> <!-- ifb-flip-box --><\/div> <!-- flip-box --><\/div><!-- End icon block --><\/div><\/div><\/div><div class=\"vc_col-sm-3 wpb_column vc_column_container\"><div class=\"vc_column-inner\"><div class=\"wpb_wrapper\"><div class=\"flip-box-wrap\" style=\"\"><div class=\"flip-box ifb-custom-height  vertical_flip_bottom flip-box-custom-height flip-ifb-custom-height\"  style=\"\"  data-min-height='250px'><div class=\"ifb-flip-box\" id=\"flip-box-wrap-4091\"><div class=\"ifb-face ifb-front \" style=\"color:#ffffff;background:#bd2a2b; border-width: 0px;border-style: solid; border-color:#ffffff;\">\r\n\t\t\t\t\t\t\t<div class=\"ifb-flip-box-section ifb-flip-box-section-vertical-middle\">\r\n\t\t\t\t\t\t\t<div class=\"flip-box-icon\"><div class=\"ult-just-icon-wrapper  \"><div class=\"align-icon\" style=\"text-align:center;\">\n<div class=\"aio-icon none \"  style=\"color:#ffffff;font-size:32px;display:inline-block;\">\n\t<i class=\"Defaults-comments\"><\/i>\n<\/div><\/div><\/div><\/div><\/div><\/div><!-- END .front -->\r\n\t\t\t\t\t\t<div class=\"ifb-face ifb-back\" style=\"color:#ffffff;background:#bd2a2b; border-width: 0px;border-style: solid; border-color:#ffffff;\">\r\n\t\t\t\t\t\t\t<div class=\"ifb-flip-box-section ifb-flip-box-section-vertical-middle\"><h3 class=\"ult-responsive flipbox_heading\"  data-ultimate-target='#flip-box-wrap-4091 .ult-responsive.flipbox_heading'  data-responsive-json-new='{\"font-size\":\"desktop:24px;\",\"line-height\":\"\"}'  style=\"color:#ffffff; \">Kommunikation<\/h3><\/div><\/div><!-- END .back --><\/div> <!-- ifb-flip-box --><\/div> <!-- flip-box --><\/div><!-- End icon block --><div class=\"flip-box-wrap\" style=\"\"><div class=\"flip-box ifb-custom-height  vertical_flip_bottom flip-box-custom-height flip-ifb-custom-height\"  style=\"\"  data-min-height='250px'><div class=\"ifb-flip-box\" id=\"flip-box-wrap-2670\"><div class=\"ifb-face ifb-front \" style=\"color:#ffffff;background:#bd2a2b; border-width: 0px;border-style: solid; border-color:#ffffff;\">\r\n\t\t\t\t\t\t\t<div class=\"ifb-flip-box-section ifb-flip-box-section-vertical-middle\">\r\n\t\t\t\t\t\t\t<div class=\"flip-box-icon\"><div class=\"ult-just-icon-wrapper  \"><div class=\"align-icon\" style=\"text-align:center;\">\n<div class=\"aio-icon none \"  style=\"color:#ffffff;font-size:32px;display:inline-block;\">\n\t<i class=\"Defaults-clock-o\"><\/i>\n<\/div><\/div><\/div><\/div><\/div><\/div><!-- END .front -->\r\n\t\t\t\t\t\t<div class=\"ifb-face ifb-back\" style=\"color:#ffffff;background:#bd2a2b; border-width: 0px;border-style: solid; border-color:#ffffff;\">\r\n\t\t\t\t\t\t\t<div class=\"ifb-flip-box-section ifb-flip-box-section-vertical-middle\"><h3 class=\"ult-responsive flipbox_heading\"  data-ultimate-target='#flip-box-wrap-2670 .ult-responsive.flipbox_heading'  data-responsive-json-new='{\"font-size\":\"desktop:24px;\",\"line-height\":\"\"}'  style=\"color:#ffffff; \">Mit Stress umgehen<\/h3><\/div><\/div><!-- END .back --><\/div> <!-- ifb-flip-box --><\/div> <!-- flip-box --><\/div><!-- End icon block --><\/div><\/div><\/div><div class=\"vc_col-sm-3 wpb_column vc_column_container\"><div class=\"vc_column-inner\"><div class=\"wpb_wrapper\"><div class=\"flip-box-wrap\" style=\"\"><div class=\"flip-box ifb-custom-height  vertical_flip_bottom flip-box-custom-height flip-ifb-custom-height\"  style=\"\"  data-min-height='250px'><div class=\"ifb-flip-box\" id=\"flip-box-wrap-8120\"><div class=\"ifb-face ifb-front \" style=\"color:#ffffff;background:#bd2a2b; border-width: 0px;border-style: solid; border-color:#ffffff;\">\r\n\t\t\t\t\t\t\t<div class=\"ifb-flip-box-section ifb-flip-box-section-vertical-middle\">\r\n\t\t\t\t\t\t\t<div class=\"flip-box-icon\"><div class=\"ult-just-icon-wrapper  \"><div class=\"align-icon\" style=\"text-align:center;\">\n<div class=\"aio-icon none \"  style=\"color:#ffffff;font-size:32px;display:inline-block;\">\n\t<i class=\"Defaults-th-list\"><\/i>\n<\/div><\/div><\/div><\/div><\/div><\/div><!-- END .front -->\r\n\t\t\t\t\t\t<div class=\"ifb-face ifb-back\" style=\"color:#ffffff;background:#bd2a2b; border-width: 0px;border-style: solid; border-color:#ffffff;\">\r\n\t\t\t\t\t\t\t<div class=\"ifb-flip-box-section ifb-flip-box-section-vertical-middle\"><h3 class=\"ult-responsive flipbox_heading\"  data-ultimate-target='#flip-box-wrap-8120 .ult-responsive.flipbox_heading'  data-responsive-json-new='{\"font-size\":\"desktop:24px;\",\"line-height\":\"\"}'  style=\"color:#ffffff; \">Aufgabenteilung<\/h3><\/div><\/div><!-- END .back --><\/div> <!-- ifb-flip-box --><\/div> <!-- flip-box --><\/div><!-- End icon block --><div class=\"flip-box-wrap\" style=\"\"><div class=\"flip-box ifb-custom-height  vertical_flip_bottom flip-box-custom-height flip-ifb-custom-height\"  style=\"\"  data-min-height='250px'><div class=\"ifb-flip-box\" id=\"flip-box-wrap-9634\"><div class=\"ifb-face ifb-front \" style=\"color:#ffffff;background:#bd2a2b; border-width: 0px;border-style: solid; border-color:#ffffff;\">\r\n\t\t\t\t\t\t\t<div class=\"ifb-flip-box-section ifb-flip-box-section-vertical-middle\">\r\n\t\t\t\t\t\t\t<div class=\"flip-box-icon\"><div class=\"ult-just-icon-wrapper  \"><div class=\"align-icon\" style=\"text-align:center;\">\n<div class=\"aio-icon none \"  style=\"color:#ffffff;font-size:32px;display:inline-block;\">\n\t<i class=\"Defaults-bullhorn\"><\/i>\n<\/div><\/div><\/div><\/div><\/div><\/div><!-- END .front -->\r\n\t\t\t\t\t\t<div class=\"ifb-face ifb-back\" style=\"color:#ffffff;background:#bd2a2b; border-width: 0px;border-style: solid; border-color:#ffffff;\">\r\n\t\t\t\t\t\t\t<div class=\"ifb-flip-box-section ifb-flip-box-section-vertical-middle\"><h3 class=\"ult-responsive flipbox_heading\"  data-ultimate-target='#flip-box-wrap-9634 .ult-responsive.flipbox_heading'  data-responsive-json-new='{\"font-size\":\"desktop:24px;\",\"line-height\":\"\"}'  style=\"color:#ffffff; \">Nach Hilfe fragen<\/h3><\/div><\/div><!-- END .back --><\/div> <!-- ifb-flip-box --><\/div> <!-- flip-box --><\/div><!-- End icon block --><\/div><\/div><\/div><div class=\"vc_col-sm-3 wpb_column vc_column_container\"><div class=\"vc_column-inner\"><div class=\"wpb_wrapper\"><div class=\"flip-box-wrap\" style=\"\"><div class=\"flip-box ifb-custom-height  vertical_flip_bottom flip-box-custom-height flip-ifb-custom-height\"  style=\"\"  data-min-height='250px'><div class=\"ifb-flip-box\" id=\"flip-box-wrap-3106\"><div class=\"ifb-face ifb-front \" style=\"color:#ffffff;background:#bd2a2b; border-width: 0px;border-style: solid; border-color:#ffffff;\">\r\n\t\t\t\t\t\t\t<div class=\"ifb-flip-box-section ifb-flip-box-section-vertical-middle\">\r\n\t\t\t\t\t\t\t<div class=\"flip-box-icon\"><div class=\"ult-just-icon-wrapper  \"><div class=\"align-icon\" style=\"text-align:center;\">\n<div class=\"aio-icon none \"  style=\"color:#ffffff;font-size:32px;display:inline-block;\">\n\t<i class=\"Defaults-group users\"><\/i>\n<\/div><\/div><\/div><\/div><\/div><\/div><!-- END .front -->\r\n\t\t\t\t\t\t<div class=\"ifb-face ifb-back\" style=\"color:#ffffff;background:#bd2a2b; border-width: 0px;border-style: solid; border-color:#ffffff;\">\r\n\t\t\t\t\t\t\t<div class=\"ifb-flip-box-section ifb-flip-box-section-vertical-middle\"><h3 class=\"ult-responsive flipbox_heading\"  data-ultimate-target='#flip-box-wrap-3106 .ult-responsive.flipbox_heading'  data-responsive-json-new='{\"font-size\":\"desktop:24px;\",\"line-height\":\"\"}'  style=\"color:#ffffff; \">F\u00fchrung<\/h3><\/div><\/div><!-- END .back --><\/div> <!-- ifb-flip-box --><\/div> <!-- flip-box --><\/div><!-- End icon block --><div class=\"flip-box-wrap\" style=\"\"><div class=\"flip-box ifb-custom-height  vertical_flip_bottom flip-box-custom-height flip-ifb-custom-height\"  style=\"\"  data-min-height='250px'><div class=\"ifb-flip-box\" id=\"flip-box-wrap-2801\"><div class=\"ifb-face ifb-front \" style=\"color:#ffffff;background:#bd2a2b; border-width: 0px;border-style: solid; border-color:#ffffff;\">\r\n\t\t\t\t\t\t\t<div class=\"ifb-flip-box-section ifb-flip-box-section-vertical-middle\">\r\n\t\t\t\t\t\t\t<div class=\"flip-box-icon\"><div class=\"ult-just-icon-wrapper  \"><div class=\"align-icon\" style=\"text-align:center;\">\n<div class=\"aio-icon none \"  style=\"color:#ffffff;font-size:32px;display:inline-block;\">\n\t<i class=\"Defaults-flag-checkered\"><\/i>\n<\/div><\/div><\/div><\/div><\/div><\/div><!-- END .front -->\r\n\t\t\t\t\t\t<div class=\"ifb-face ifb-back\" style=\"color:#ffffff;background:#bd2a2b; border-width: 0px;border-style: solid; border-color:#ffffff;\">\r\n\t\t\t\t\t\t\t<div class=\"ifb-flip-box-section ifb-flip-box-section-vertical-middle\"><h3 class=\"ult-responsive flipbox_heading\"  data-ultimate-target='#flip-box-wrap-2801 .ult-responsive.flipbox_heading'  data-responsive-json-new='{\"font-size\":\"desktop:24px;\",\"line-height\":\"\"}'  style=\"color:#ffffff; \">Gemeinsames Ziel verfolgen<\/h3><\/div><\/div><!-- END .back --><\/div> <!-- ifb-flip-box --><\/div> <!-- flip-box --><\/div><!-- End icon block --><\/div><\/div><\/div><\/div><\/div><\/section><section class=\"l-section wpb_row height_small\"><div class=\"l-section-h i-cf\"><div class=\"g-cols vc_row type_default valign_middle\"><div class=\"vc_col-sm-12 wpb_column vc_column_container\"><div class=\"vc_column-inner\"><div class=\"wpb_wrapper\"><div class=\"g-cols wpb_row  type_default valign_middle vc_inner\"><div class=\"vc_col-sm-12 wpb_column vc_column_container\"><div class=\"vc_column-inner\"><div class=\"wpb_wrapper\"><div class=\"wpb_text_column\" ><div class=\"wpb_wrapper\"><p style=\"text-align: center;\">Unsere Team-Coachings bieten eine hervorragende Kombination aus theoretischer Schulung und praktischem Spielvergn\u00fcgen. Bei entspannter Atmosph\u00e4re kann Ihr Team Schulungsinhalte direkt bei der Herausforderung unserer \u201eEscape-Games\u201c anwenden und nachhaltig festigen.<\/p>\n<p style=\"text-align: center;\">Diese Spielform erschafft eine anspruchsvolle Situation f\u00fcr Ihr Team. Hierbei wird analytisches Denken unter Zeitdruck gefordert, wodurch Team-Kommunikation, kreative Probleml\u00f6sung und vor allem gemeinsame Freude am Spiel gef\u00f6rdert werden.<\/p>\n<p style=\"text-align: center;\">Entfalten Sie mit uns verborgene Potenziale und Ressourcen, die in Ihrem Team schlummern.<\/p>\n<\/div><\/div><\/div><\/div><\/div><\/div><div class=\"g-cols wpb_row  type_default valign_top vc_inner\"><div class=\"vc_col-sm-12 wpb_column vc_column_container\"><div class=\"vc_column-inner\"><div class=\"wpb_wrapper\"><div class=\"w-separator size_medium with_line width_default thick_1 style_solid color_border align_center\"><div class=\"w-separator-h\"><\/div><\/div><div class=\"wpb_text_column us_custom_8d5aa4e2\" ><div class=\"wpb_wrapper\"><h3 style=\"text-align: center;\">Weitere Informationen findet Ihr auf unsere Seite des Standortes Hannover:<\/h3>\n<\/div><\/div><\/div><\/div><\/div><\/div><div class=\"w-btn-wrapper width_auto align_center\"><a class=\"w-btn us-btn-style_3 us_custom_80a192e9\" href=\"https:\/\/www.the-escape-room.de\/hannover\/\"><span class=\"w-btn-label\">mehr erfahren..<\/span><\/a><\/div><\/div><\/div><\/div><\/div><\/div><\/section><section class=\"l-section wpb_row height_small\"><div class=\"l-section-h i-cf\"><div class=\"g-cols vc_row type_default valign_middle\"><div class=\"vc_col-sm-6 wpb_column vc_column_container\"><div class=\"vc_column-inner\"><div class=\"wpb_wrapper\"><div role=\"form\" class=\"wpcf7\" id=\"wpcf7-f152-o1\" lang=\"de-DE\" dir=\"ltr\">\n<div class=\"screen-reader-response\" role=\"alert\" aria-live=\"polite\"><\/div>\n<form action=\"\/hildesheim\/wp-json\/wp\/v2\/pages\/414#wpcf7-f152-o1\" method=\"post\" class=\"wpcf7-form init\" novalidate=\"novalidate\">\n<div style=\"display: none;\">\n<input type=\"hidden\" name=\"_wpcf7\" value=\"152\" \/>\n<input type=\"hidden\" name=\"_wpcf7_version\" value=\"5.2.2\" \/>\n<input type=\"hidden\" name=\"_wpcf7_locale\" value=\"de_DE\" \/>\n<input type=\"hidden\" name=\"_wpcf7_unit_tag\" value=\"wpcf7-f152-o1\" \/>\n<input type=\"hidden\" name=\"_wpcf7_container_post\" value=\"0\" \/>\n<input type=\"hidden\" name=\"_wpcf7_posted_data_hash\" value=\"\" \/>\n<\/div>\n<div class=\"vc_col-sm-6 k-form\"><span class=\"wpcf7-form-control-wrap vorname\"><input type=\"text\" name=\"vorname\" value=\"\" size=\"40\" class=\"wpcf7-form-control wpcf7-text wpcf7-validates-as-required\" aria-required=\"true\" aria-invalid=\"false\" placeholder=\"Vorname*\" \/><\/span><\/div>\n<div class=\"vc_col-sm-6 k-form\"><span class=\"wpcf7-form-control-wrap nachname\"><input type=\"text\" name=\"nachname\" value=\"\" size=\"40\" class=\"wpcf7-form-control wpcf7-text wpcf7-validates-as-required\" aria-required=\"true\" aria-invalid=\"false\" placeholder=\"Nachname*\" \/><\/span><\/div>\n<div><span class=\"wpcf7-form-control-wrap your-email\"><input type=\"email\" name=\"your-email\" value=\"\" size=\"40\" class=\"wpcf7-form-control wpcf7-text wpcf7-email wpcf7-validates-as-required wpcf7-validates-as-email\" aria-required=\"true\" aria-invalid=\"false\" placeholder=\"Mail*\" \/><\/span><\/div>\n<div><span class=\"wpcf7-form-control-wrap telefon\"><input type=\"tel\" name=\"telefon\" value=\"\" size=\"40\" class=\"wpcf7-form-control wpcf7-text wpcf7-tel wpcf7-validates-as-required wpcf7-validates-as-tel\" aria-required=\"true\" aria-invalid=\"false\" placeholder=\"Telefon*\" \/><\/span><\/div>\n<div><span class=\"wpcf7-form-control-wrap event\"><input type=\"text\" name=\"event\" value=\"\" size=\"40\" class=\"wpcf7-form-control wpcf7-text\" aria-invalid=\"false\" placeholder=\"F\u00fcr welches Event interessierst du dich?\" \/><\/span><\/div>\n<div><span class=\"wpcf7-form-control-wrap your-message\"><textarea name=\"your-message\" cols=\"40\" rows=\"4\" class=\"wpcf7-form-control wpcf7-textarea wpcf7-validates-as-required\" aria-required=\"true\" aria-invalid=\"false\" placeholder=\"Nachricht*\"><\/textarea><\/span><\/div>\n<div style=\"margin-top:10px\"><span class=\"wpcf7-form-control-wrap your-consent\"><span class=\"wpcf7-form-control wpcf7-acceptance\"><span class=\"wpcf7-list-item\"><label><input type=\"checkbox\" name=\"your-consent\" value=\"1\" aria-invalid=\"false\" \/><span class=\"wpcf7-list-item-label\">Ich habe die <a href=\"https:\/\/www.the-escape-room.de\/hildesheim\/datenschutzerklaerung\/\" target=\"_blank\">Datenschutzerkl\u00e4rung<\/a> zur Kenntnis genommen. Ich stimme zu, dass meine Angaben zur Kontaktaufnahme und f\u00fcr R\u00fcckfragen gespeichert werden.<\/span><\/label><\/span><\/span><\/span><\/div>\n<div style=\"text-align: center;color:#ffffff; margin:10px;\"><input type=\"submit\" value=\"Nachricht senden\" class=\"wpcf7-form-control wpcf7-submit\" \/><\/div>\n<div class=\"wpcf7-response-output\" role=\"alert\" aria-hidden=\"true\"><\/div><\/form><\/div><\/div><\/div><\/div><div class=\"vc_col-sm-6 wpb_column vc_column_container\"><div class=\"vc_column-inner\"><div class=\"wpb_wrapper\"><div class=\"wpb_text_column\" ><div class=\"wpb_wrapper\"><p><em>&#8222;Das Team- Event war f\u00fcr uns ein voller Erfolg, da wir sehr viele Parallelen zum Berufsalltag in die Spielsituation feststellen konnten. Insbesondere das Handeln verschiedener Charaktere im Team hat sich hier widergespiegelt. Die Teamcoaches haben die Situationen sehr gut analysiert, reflektiert und auf die Arbeitswelt projiziert. Allen hat es sehr gut Gefallen und viel Spa\u00df gemacht. <\/em> <em>Ich kann es nur weiter empfehlen&#8220;<\/em><\/p>\n<p>TenneT Offshore GmbH<\/p>\n<\/div><\/div><\/div><\/div><\/div><\/div><\/div><\/section><section class=\"l-section wpb_row height_small\"><div class=\"l-section-h i-cf\"><div class=\"g-cols vc_row type_default valign_top\"><div class=\"vc_col-sm-12 wpb_column vc_column_container\"><div class=\"vc_column-inner\"><div class=\"wpb_wrapper\"><div class=\"g-cols wpb_row  us_custom_cc1faf9d type_default valign_top vc_inner\"><div class=\"vc_col-sm-6 wpb_column vc_column_container\"><div class=\"vc_column-inner\"><div class=\"wpb_wrapper\"><div class=\"wpb_text_column\" ><div class=\"wpb_wrapper\"><p style=\"text-align: center;\">Ihr Ansprechpartner: <strong>Arthur Suchann<\/strong><\/p>\n<\/div><\/div><\/div><\/div><\/div><div class=\"vc_col-sm-6 wpb_column vc_column_container\"><div class=\"vc_column-inner\"><div class=\"wpb_wrapper\"><div class=\"wpb_text_column\" ><div class=\"wpb_wrapper\"><p style=\"text-align: center;\">E-Mail: <strong><a href=\"mailto:events@the-escape-room.de\">events@the-escape-room.de<\/a><br \/>\n<\/strong><\/p>\n<\/div><\/div><\/div><\/div><\/div><\/div><\/div><\/div><\/div><\/div><\/div><\/section>\n","protected":false},"excerpt":{"rendered":"Teambuilding\/ -Coaching &amp; Managerseminare Ihr Firmen-Event im Escape Room Die Escape Games dienen Ihrem Team als Herausforderung und Chance im Rahmen unserer Seminare, die auf Ihre Bed\u00fcrfnisse zugeschnittenen sind. Sie sind ideal, um ein gut funktionierendes Team zu f\u00f6rdern. Probleml\u00f6sung Gemeinsame Nutzung von Ideen Kommunikation Mit Stress umgehen Aufgabenteilung Nach Hilfe fragen F\u00fchrung Gemeinsames Ziel...","protected":false},"author":1,"featured_media":0,"parent":0,"menu_order":0,"comment_status":"closed","ping_status":"closed","template":"","meta":[],"yoast_head":"<!-- This site is optimized with the Yoast SEO plugin v15.0 - https:\/\/yoast.com\/wordpress\/plugins\/seo\/ -->\n<title>Teambuilding\/ -Coaching - THE ESCAPE ROOM | Hildesheim<\/title>\n<meta name=\"description\" content=\"Unsere Team-Coachings bieten eine hervorragende Kombination aus theoretischer Schulung und praktischem Spielvergn\u00fcgen. \u2705 Erfahre mehr \u00fcber die M\u00f6glichkeiten\" \/>\n<meta name=\"robots\" content=\"index, follow, max-snippet:-1, max-image-preview:large, max-video-preview:-1\" \/>\n<link rel=\"canonical\" href=\"https:\/\/www.the-escape-room.de\/hildesheim\/teambuilding-coaching\/\" \/>\n<meta property=\"og:locale\" content=\"de_DE\" \/>\n<meta property=\"og:type\" content=\"article\" \/>\n<meta property=\"og:title\" content=\"Teambuilding\/ -Coaching - THE ESCAPE ROOM | Hildesheim\" \/>\n<meta property=\"og:description\" content=\"Unsere Team-Coachings bieten eine hervorragende Kombination aus theoretischer Schulung und praktischem Spielvergn\u00fcgen. \u2705 Erfahre mehr \u00fcber die M\u00f6glichkeiten\" \/>\n<meta property=\"og:url\" content=\"https:\/\/www.the-escape-room.de\/hildesheim\/teambuilding-coaching\/\" \/>\n<meta property=\"og:site_name\" content=\"THE ESCAPE ROOM | Hildesheim\" \/>\n<meta property=\"article:modified_time\" content=\"2020-02-05T13:59:36+00:00\" \/>\n<meta name=\"twitter:card\" content=\"summary_large_image\" \/>\n<script type=\"application\/ld+json\" class=\"yoast-schema-graph\">{\"@context\":\"https:\/\/schema.org\",\"@graph\":[{\"@type\":\"WebSite\",\"@id\":\"https:\/\/www.the-escape-room.de\/hildesheim\/#website\",\"url\":\"https:\/\/www.the-escape-room.de\/hildesheim\/\",\"name\":\"THE ESCAPE ROOM | Hildesheim\",\"description\":\"Das Spiel gegen die Zeit! \\u2705 Authentische R\\u00e4ume mit viel \\u2665 zum Detail. Das besondere Abenteuer f\\u00fcr Freund*innen, Familie und Kolleg*innen in Hildesheim. \\u00dcber 100 positive Bewertungen sprechen f\\u00fcr sich!\",\"potentialAction\":[{\"@type\":\"SearchAction\",\"target\":\"https:\/\/www.the-escape-room.de\/hildesheim\/?s={search_term_string}\",\"query-input\":\"required name=search_term_string\"}],\"inLanguage\":\"de\"},{\"@type\":\"WebPage\",\"@id\":\"https:\/\/www.the-escape-room.de\/hildesheim\/teambuilding-coaching\/#webpage\",\"url\":\"https:\/\/www.the-escape-room.de\/hildesheim\/teambuilding-coaching\/\",\"name\":\"Teambuilding\/ -Coaching - THE ESCAPE ROOM | Hildesheim\",\"isPartOf\":{\"@id\":\"https:\/\/www.the-escape-room.de\/hildesheim\/#website\"},\"datePublished\":\"2019-05-23T15:28:28+00:00\",\"dateModified\":\"2020-02-05T13:59:36+00:00\",\"description\":\"Unsere Team-Coachings bieten eine hervorragende Kombination aus theoretischer Schulung und praktischem Spielvergn\\u00fcgen. \\u2705 Erfahre mehr \\u00fcber die M\\u00f6glichkeiten\",\"inLanguage\":\"de\",\"potentialAction\":[{\"@type\":\"ReadAction\",\"target\":[\"https:\/\/www.the-escape-room.de\/hildesheim\/teambuilding-coaching\/\"]}]}]}<\/script>\n<!-- \/ Yoast SEO plugin. -->","_links":{"self":[{"href":"https:\/\/www.the-escape-room.de\/hildesheim\/wp-json\/wp\/v2\/pages\/414"}],"collection":[{"href":"https:\/\/www.the-escape-room.de\/hildesheim\/wp-json\/wp\/v2\/pages"}],"about":[{"href":"https:\/\/www.the-escape-room.de\/hildesheim\/wp-json\/wp\/v2\/types\/page"}],"author":[{"embeddable":true,"href":"https:\/\/www.the-escape-room.de\/hildesheim\/wp-json\/wp\/v2\/users\/1"}],"replies":[{"embeddable":true,"href":"https:\/\/www.the-escape-room.de\/hildesheim\/wp-json\/wp\/v2\/comments?post=414"}],"version-history":[{"count":10,"href":"https:\/\/www.the-escape-room.de\/hildesheim\/wp-json\/wp\/v2\/pages\/414\/revisions"}],"predecessor-version":[{"id":648,"href":"https:\/\/www.the-escape-room.de\/hildesheim\/wp-json\/wp\/v2\/pages\/414\/revisions\/648"}],"wp:attachment":[{"href":"https:\/\/www.the-escape-room.de\/hildesheim\/wp-json\/wp\/v2\/media?parent=414"}],"curies":[{"name":"wp","href":"https:\/\/api.w.org\/{rel}","templated":true}]}}