{"id":412,"date":"2019-05-23T17:01:54","date_gmt":"2019-05-23T15:01:54","guid":{"rendered":"https:\/\/www.the-escape-room.de\/hildesheim\/?page_id=412"},"modified":"2023-07-13T14:41:05","modified_gmt":"2023-07-13T12:41:05","slug":"klassenausflug-schulausflug-vereine","status":"publish","type":"page","link":"https:\/\/www.the-escape-room.de\/hildesheim\/klassenausflug-schulausflug-vereine\/","title":{"rendered":"Klassenausflug, Schulausflug &#038; Vereine"},"content":{"rendered":"<section class=\"l-section wpb_row height_small\"><div class=\"l-section-h i-cf\"><div class=\"g-cols vc_row type_default valign_top\"><div class=\"vc_col-sm-8 wpb_column vc_column_container\"><div class=\"vc_column-inner\"><div class=\"wpb_wrapper\"><div class=\"wpb_text_column\" ><div class=\"wpb_wrapper\"><h1>Klassenausflug, Schulausflug &amp; Vereinsausflug in den Escape Room Hildesheim<\/h1>\n<p><span style=\"font-weight: 400;\">Ihr habt die Nase voll von langweiligen Ausfl\u00fcgen oder unkreativen Tagesprogrammen?<\/span><\/p>\n<h4><span style=\"font-weight: 400;\">Bei uns findet ihr die Abwechslung, die begeistert!<\/span><\/h4>\n<p><span style=\"font-weight: 400;\">Ob Klassenausflug, Mannschaftsfahrt oder Vereinsausflug: Bei uns seid ihr an der richtigen Adresse! Unser Escape Room in Hildesheim bietet <strong>Nervenkitzel, R\u00e4tselspa\u00df und Teamwork in abenteuerlicher Atmosph\u00e4re<\/strong>. Die kniffligen R\u00e4tsel und versteckten Hinweise fordern und f\u00f6rdern spielerisch logisches Denken, Kreativit\u00e4t, kognitive und kommunikative F\u00e4higkeiten sowie Sozialkompetenz. Nur gemeinsam lassen sich die einzelnen Hinweise zu einem fertigen Plan zusammenf\u00fcgen, der die Gruppe zusammen ins Ziel f\u00fchrt.<\/span><\/p>\n<p><span style=\"font-weight: 400;\">Diese Form von Erlebnisp\u00e4dagogik ist geeignet f\u00fcr <strong>Klassen, Vereine, Mannschaften, Organisationen und Clubs<\/strong>, die auf der Suche nach einem originellen Ausflugsziel in Hildesheim sind.<\/span><\/p>\n<\/div><\/div><div class=\"wpb_text_column\" ><div class=\"wpb_wrapper\"><h5>Was euch bei uns erwartet:<\/h5>\n<\/div><\/div><div class=\"g-cols wpb_row  type_default valign_middle gap-15px vc_inner\"><style>.g-cols.gap-15px{margin:0 calc(-1.5rem - 15px)}.gap-15px > .vc_column_container {padding:15px}<\/style><div class=\"vc_col-sm-6 wpb_column vc_column_container has-fill\"><div class=\"vc_column-inner us_custom_cc1faf9d\"><div class=\"wpb_wrapper\"><div class=\"aio-icon-component    style_1\"><div id=\"Info-box-wrap-7420\" class=\"aio-icon-box top-icon\" style=\"\"  ><div class=\"aio-icon-top\"><div class=\"ult-just-icon-wrapper  \"><div class=\"align-icon\" style=\"text-align:center;\">\n<div class=\"aio-icon circle \"  style=\"color:#bf262a;background:#ffffff;font-size:32px;display:inline-block;\">\n\t<i class=\"Defaults-lightbulb-o\"><\/i>\n<\/div><\/div><\/div><\/div><div class=\"aio-icon-description ult-responsive\"  data-ultimate-target='#Info-box-wrap-7420 .aio-icon-description'  data-responsive-json-new='{\"font-size\":\"\",\"line-height\":\"\"}'  style=\"\">Spannung und Abenteuer f\u00fcr die ganze Gruppe<\/div> <!-- description --><\/div> <!-- aio-icon-box --><\/div> <!-- aio-icon-component --><\/div><\/div><\/div><div class=\"vc_col-sm-6 wpb_column vc_column_container has-fill\"><div class=\"vc_column-inner us_custom_1a3632f4\"><div class=\"wpb_wrapper\"><div class=\"aio-icon-component    style_1\"><div id=\"Info-box-wrap-2129\" class=\"aio-icon-box top-icon\" style=\"\"  ><div class=\"aio-icon-top\"><div class=\"ult-just-icon-wrapper  \"><div class=\"align-icon\" style=\"text-align:center;\">\n<div class=\"aio-icon circle \"  style=\"color:#bf262a;background:#ffffff;font-size:32px;display:inline-block;\">\n\t<i class=\"Defaults-binoculars\"><\/i>\n<\/div><\/div><\/div><\/div><div class=\"aio-icon-description ult-responsive\"  data-ultimate-target='#Info-box-wrap-2129 .aio-icon-description'  data-responsive-json-new='{\"font-size\":\"\",\"line-height\":\"\"}'  style=\"\">aufwendig gestaltete R\u00e4ume und realit\u00e4tsnahe, abenteuerliche Kulissen<\/div> <!-- description --><\/div> <!-- aio-icon-box --><\/div> <!-- aio-icon-component --><\/div><\/div><\/div><\/div><div class=\"g-cols wpb_row  type_default valign_middle gap-17-5px vc_inner\"><style>.g-cols.gap-17-5px{margin:0 calc(-1.5rem - 17.5px)}.gap-17-5px > .vc_column_container {padding:17.5px}<\/style><div class=\"vc_col-sm-6 wpb_column vc_column_container has-fill\"><div class=\"vc_column-inner us_custom_cc1faf9d\"><div class=\"wpb_wrapper\"><div class=\"aio-icon-component    style_1\"><div id=\"Info-box-wrap-5210\" class=\"aio-icon-box top-icon\" style=\"\"  ><div class=\"aio-icon-top\"><div class=\"ult-just-icon-wrapper  \"><div class=\"align-icon\" style=\"text-align:center;\">\n<div class=\"aio-icon circle \"  style=\"color:#bf262a;background:#ffffff;font-size:32px;display:inline-block;\">\n\t<i class=\"Defaults-key\"><\/i>\n<\/div><\/div><\/div><\/div><div class=\"aio-icon-description ult-responsive\"  data-ultimate-target='#Info-box-wrap-5210 .aio-icon-description'  data-responsive-json-new='{\"font-size\":\"\",\"line-height\":\"\"}'  style=\"\">St\u00e4rkung von Teamgeist und Zusammenhalt<\/div> <!-- description --><\/div> <!-- aio-icon-box --><\/div> <!-- aio-icon-component --><\/div><\/div><\/div><div class=\"vc_col-sm-6 wpb_column vc_column_container has-fill\"><div class=\"vc_column-inner us_custom_1a3632f4\"><div class=\"wpb_wrapper\"><div class=\"aio-icon-component    style_1\"><div id=\"Info-box-wrap-3064\" class=\"aio-icon-box top-icon\" style=\"\"  ><div class=\"aio-icon-top\"><div class=\"ult-just-icon-wrapper  \"><div class=\"align-icon\" style=\"text-align:center;\">\n<div class=\"aio-icon circle \"  style=\"color:#bf262a;background:#ffffff;font-size:32px;display:inline-block;\">\n\t<i class=\"Defaults-video-camera\"><\/i>\n<\/div><\/div><\/div><\/div><div class=\"aio-icon-description ult-responsive\"  data-ultimate-target='#Info-box-wrap-3064 .aio-icon-description'  data-responsive-json-new='{\"font-size\":\"\",\"line-height\":\"\"}'  style=\"\">eine interaktive und unterhaltsame Alternative zu herk\u00f6mmlichen Ausflugszielen<\/div> <!-- description --><\/div> <!-- aio-icon-box --><\/div> <!-- aio-icon-component --><\/div><\/div><\/div><\/div><div class=\"g-cols wpb_row  type_default valign_middle vc_inner\"><div class=\"vc_col-sm-12 wpb_column vc_column_container\"><div class=\"vc_column-inner us_custom_5b1892f8\"><div class=\"wpb_wrapper\"><div class=\"wpb_text_column\" ><div class=\"wpb_wrapper\"><h5>Wollt ihr Euch gemeinsam mit Eurem Freunden dieser Herausforderung stellen?<\/h5>\n<p>Wir bieten Events f\u00fcr 2 bis 30 Personen an. Gerne kannst Du die Buchung einfach \u00fcber unsere Homepage durchf\u00fchren oder uns vorab kontaktieren. Wir helfen Dir bei der Auswahl der richtigen R\u00e4ume f\u00fcr Eueren gemeinsamen Ausflug!<\/p>\n<\/div><\/div><\/div><\/div><\/div><\/div><div class=\"g-cols wpb_row  type_default valign_middle vc_inner\"><div class=\"vc_col-sm-4 wpb_column vc_column_container has-fill\"><div class=\"vc_column-inner us_custom_e1755395\"><div class=\"wpb_wrapper\"><div class=\"aio-icon-component  vc_custom_1606298446330   style_1\"><div id=\"Info-box-wrap-7938\" class=\"aio-icon-box left-icon\" style=\"\"  ><div class=\"aio-icon-left\"><div class=\"ult-just-icon-wrapper  \"><div class=\"align-icon\" style=\"text-align:center;\">\n<div class=\"aio-icon none \" data-animation=\"fadeInRight\" data-animation-delay=\"03\" style=\"color:#ffffff;font-size:50px;display:inline-block;\">\n\t<i class=\"Defaults-phone\"><\/i>\n<\/div><\/div><\/div><\/div><div class=\"aio-ibd-block\"><div class=\"aio-icon-header\" ><h3 class=\"aio-icon-title ult-responsive\"  data-ultimate-target='#Info-box-wrap-7938 .aio-icon-title'  data-responsive-json-new='{\"font-size\":\"\",\"line-height\":\"\"}'  style=\"\">05121 \/ 6069785\u202c<\/h3><\/div> <!-- header --><\/div> <!-- aio-ibd-block --><\/div> <!-- aio-icon-box --><\/div> <!-- aio-icon-component --><\/div><\/div><\/div><div class=\"vc_col-sm-4 wpb_column vc_column_container has-fill\"><div class=\"vc_column-inner us_custom_1a3632f4\"><div class=\"wpb_wrapper\"><div class=\"w-btn-wrapper width_auto align_center\"><a class=\"w-btn us-btn-style_5 us_custom_80a192e9\" href=\"https:\/\/www.the-escape-room.de\/hildesheim\/raeume-preise\/\"><span class=\"w-btn-label\">R\u00e4ume buchen<\/span><\/a><\/div><\/div><\/div><\/div><div class=\"vc_col-sm-4 wpb_column vc_column_container has-fill\"><div class=\"vc_column-inner us_custom_8f33e493\"><div class=\"wpb_wrapper\"><div class=\"aio-icon-component  vc_custom_1536833918665   style_1\"><div id=\"Info-box-wrap-2294\" class=\"aio-icon-box left-icon\" style=\"\"  ><div class=\"aio-icon-left\"><div class=\"ult-just-icon-wrapper  \"><div class=\"align-icon\" style=\"text-align:center;\">\n<div class=\"aio-icon none \" data-animation=\"fadeInRight\" data-animation-delay=\"03\" style=\"color:#ffffff;font-size:50px;display:inline-block;\">\n\t<i class=\"Defaults-envelope-o\"><\/i>\n<\/div><\/div><\/div><\/div><div class=\"aio-ibd-block\"><div class=\"aio-icon-header\" ><h3 class=\"aio-icon-title ult-responsive\"  data-ultimate-target='#Info-box-wrap-2294 .aio-icon-title'  data-responsive-json-new='{\"font-size\":\"\",\"line-height\":\"\"}'  style=\"\">hildesheim@the-escape-room.de<\/h3><\/div> <!-- header --><\/div> <!-- aio-ibd-block --><\/div> <!-- aio-icon-box --><\/div> <!-- aio-icon-component --><\/div><\/div><\/div><\/div><div class=\"g-cols wpb_row  us_custom_d2199d32 type_default valign_top vc_inner\"><div class=\"vc_col-sm-12 wpb_column vc_column_container\"><div class=\"vc_column-inner\"><div class=\"wpb_wrapper\"><div class=\"wpb_text_column\" ><div class=\"wpb_wrapper\"><p>Du hast noch Fragen oder w\u00fcnschst einen R\u00fcckruf?<\/p>\n<\/div><\/div><\/div><\/div><\/div><\/div><div role=\"form\" class=\"wpcf7\" id=\"wpcf7-f152-o1\" lang=\"de-DE\" dir=\"ltr\">\n<div class=\"screen-reader-response\" role=\"alert\" aria-live=\"polite\"><\/div>\n<form action=\"\/hildesheim\/wp-json\/wp\/v2\/pages\/412#wpcf7-f152-o1\" method=\"post\" class=\"wpcf7-form init\" novalidate=\"novalidate\">\n<div style=\"display: none;\">\n<input type=\"hidden\" name=\"_wpcf7\" value=\"152\" \/>\n<input type=\"hidden\" name=\"_wpcf7_version\" value=\"5.2.2\" \/>\n<input type=\"hidden\" name=\"_wpcf7_locale\" value=\"de_DE\" \/>\n<input type=\"hidden\" name=\"_wpcf7_unit_tag\" value=\"wpcf7-f152-o1\" \/>\n<input type=\"hidden\" name=\"_wpcf7_container_post\" value=\"0\" \/>\n<input type=\"hidden\" name=\"_wpcf7_posted_data_hash\" value=\"\" \/>\n<\/div>\n<div class=\"vc_col-sm-6 k-form\"><span class=\"wpcf7-form-control-wrap vorname\"><input type=\"text\" name=\"vorname\" value=\"\" size=\"40\" class=\"wpcf7-form-control wpcf7-text wpcf7-validates-as-required\" aria-required=\"true\" aria-invalid=\"false\" placeholder=\"Vorname*\" \/><\/span><\/div>\n<div class=\"vc_col-sm-6 k-form\"><span class=\"wpcf7-form-control-wrap nachname\"><input type=\"text\" name=\"nachname\" value=\"\" size=\"40\" class=\"wpcf7-form-control wpcf7-text wpcf7-validates-as-required\" aria-required=\"true\" aria-invalid=\"false\" placeholder=\"Nachname*\" \/><\/span><\/div>\n<div><span class=\"wpcf7-form-control-wrap your-email\"><input type=\"email\" name=\"your-email\" value=\"\" size=\"40\" class=\"wpcf7-form-control wpcf7-text wpcf7-email wpcf7-validates-as-required wpcf7-validates-as-email\" aria-required=\"true\" aria-invalid=\"false\" placeholder=\"Mail*\" \/><\/span><\/div>\n<div><span class=\"wpcf7-form-control-wrap telefon\"><input type=\"tel\" name=\"telefon\" value=\"\" size=\"40\" class=\"wpcf7-form-control wpcf7-text wpcf7-tel wpcf7-validates-as-required wpcf7-validates-as-tel\" aria-required=\"true\" aria-invalid=\"false\" placeholder=\"Telefon*\" \/><\/span><\/div>\n<div><span class=\"wpcf7-form-control-wrap event\"><input type=\"text\" name=\"event\" value=\"\" size=\"40\" class=\"wpcf7-form-control wpcf7-text\" aria-invalid=\"false\" placeholder=\"F\u00fcr welches Event interessierst du dich?\" \/><\/span><\/div>\n<div><span class=\"wpcf7-form-control-wrap your-message\"><textarea name=\"your-message\" cols=\"40\" rows=\"4\" class=\"wpcf7-form-control wpcf7-textarea wpcf7-validates-as-required\" aria-required=\"true\" aria-invalid=\"false\" placeholder=\"Nachricht*\"><\/textarea><\/span><\/div>\n<div style=\"margin-top:10px\"><span class=\"wpcf7-form-control-wrap your-consent\"><span class=\"wpcf7-form-control wpcf7-acceptance\"><span class=\"wpcf7-list-item\"><label><input type=\"checkbox\" name=\"your-consent\" value=\"1\" aria-invalid=\"false\" \/><span class=\"wpcf7-list-item-label\">Ich habe die <a href=\"https:\/\/www.the-escape-room.de\/hildesheim\/datenschutzerklaerung\/\" target=\"_blank\">Datenschutzerkl\u00e4rung<\/a> zur Kenntnis genommen. Ich stimme zu, dass meine Angaben zur Kontaktaufnahme und f\u00fcr R\u00fcckfragen gespeichert werden.<\/span><\/label><\/span><\/span><\/span><\/div>\n<div style=\"text-align: center;color:#ffffff; margin:10px;\"><input type=\"submit\" value=\"Nachricht senden\" class=\"wpcf7-form-control wpcf7-submit\" \/><\/div>\n<div class=\"wpcf7-response-output\" role=\"alert\" aria-hidden=\"true\"><\/div><\/form><\/div><\/div><\/div><\/div><div class=\"vc_col-sm-4 wpb_column vc_column_container has-fill\"><div class=\"vc_column-inner us_custom_c8143e00\"><div class=\"wpb_wrapper\"><div class=\"wpb_text_column\" ><div class=\"wpb_wrapper\"><h2 style=\"text-align: center;\">Wir versprechen:<br \/>\nSo spannend war Euer Ausflug schon lange nicht mehr!<\/h2>\n<\/div><\/div><div class=\"aio-icon-component    style_1\"><div id=\"Info-box-wrap-7407\" class=\"aio-icon-box top-icon\" style=\"\"  ><div class=\"aio-icon-top\"><div class=\"ult-just-icon-wrapper  \"><div class=\"align-icon\" style=\"text-align:center;\">\n<div class=\"aio-icon none \" data-animation=\"fadeInRight\" data-animation-delay=\"03\" style=\"color:#ffffff;font-size:50px;display:inline-block;\">\n\t<i class=\"Defaults-group users\"><\/i>\n<\/div><\/div><\/div><\/div><div class=\"aio-icon-header\" ><h3 class=\"aio-icon-title ult-responsive\"  data-ultimate-target='#Info-box-wrap-7407 .aio-icon-title'  data-responsive-json-new='{\"font-size\":\"\",\"line-height\":\"\"}'  style=\"\">INDIVIDUELLE SPIELVARIANTEN<\/h3><\/div> <!-- header --><div class=\"aio-icon-description ult-responsive\"  data-ultimate-target='#Info-box-wrap-7407 .aio-icon-description'  data-responsive-json-new='{\"font-size\":\"\",\"line-height\":\"\"}'  style=\"\">F\u00fcr 2 bis 30 Personen<\/div> <!-- description --><\/div> <!-- aio-icon-box --><\/div> <!-- aio-icon-component --><div class=\"w-separator size_custom\" style=\"height:35px\"><\/div><div class=\"aio-icon-component    style_1\"><div id=\"Info-box-wrap-6003\" class=\"aio-icon-box top-icon\" style=\"\"  ><div class=\"aio-icon-top\"><div class=\"ult-just-icon-wrapper  \"><div class=\"align-icon\" style=\"text-align:center;\">\n<div class=\"aio-icon none \" data-animation=\"fadeInRight\" data-animation-delay=\"03\" style=\"color:#ffffff;font-size:50px;display:inline-block;\">\n\t<i class=\"Defaults-heartbeat\"><\/i>\n<\/div><\/div><\/div><\/div><div class=\"aio-icon-header\" ><h3 class=\"aio-icon-title ult-responsive\"  data-ultimate-target='#Info-box-wrap-6003 .aio-icon-title'  data-responsive-json-new='{\"font-size\":\"\",\"line-height\":\"\"}'  style=\"\">5 VERSCHIEDENE SZENARIEN<\/h3><\/div> <!-- header --><div class=\"aio-icon-description ult-responsive\"  data-ultimate-target='#Info-box-wrap-6003 .aio-icon-description'  data-responsive-json-new='{\"font-size\":\"\",\"line-height\":\"\"}'  style=\"\">Lassen das Herz jedes Spielers und jeder Spielerin h\u00f6her schlagen!<\/div> <!-- description --><\/div> <!-- aio-icon-box --><\/div> <!-- aio-icon-component --><div class=\"aio-icon-component    style_1\"><div id=\"Info-box-wrap-6658\" class=\"aio-icon-box top-icon\" style=\"\"  ><div class=\"aio-icon-top\"><div class=\"ult-just-icon-wrapper  \"><div class=\"align-icon\" style=\"text-align:center;\">\n<div class=\"aio-icon none \" data-animation=\"fadeInRight\" data-animation-delay=\"03\" style=\"color:#ffffff;font-size:50px;display:inline-block;\">\n\t<i class=\"Defaults-birthday-cake\"><\/i>\n<\/div><\/div><\/div><\/div><div class=\"aio-icon-header\" ><h3 class=\"aio-icon-title ult-responsive\"  data-ultimate-target='#Info-box-wrap-6658 .aio-icon-title'  data-responsive-json-new='{\"font-size\":\"\",\"line-height\":\"\"}'  style=\"\">F\u00dcR JEDES ALTER GEEIGNET<\/h3><\/div> <!-- header --><div class=\"aio-icon-description ult-responsive\"  data-ultimate-target='#Info-box-wrap-6658 .aio-icon-description'  data-responsive-json-new='{\"font-size\":\"\",\"line-height\":\"\"}'  style=\"\">von 14 &#8211; 99 Jahren<\/div> <!-- description --><\/div> <!-- aio-icon-box --><\/div> <!-- aio-icon-component --><div class=\"aio-icon-component    style_1\"><div id=\"Info-box-wrap-6999\" class=\"aio-icon-box top-icon\" style=\"\"  ><div class=\"aio-icon-top\"><div class=\"ult-just-icon-wrapper  \"><div class=\"align-icon\" style=\"text-align:center;\">\n<div class=\"aio-icon none \" data-animation=\"fadeInRight\" data-animation-delay=\"03\" style=\"color:#ffffff;font-size:50px;display:inline-block;\">\n\t<i class=\"Defaults-info\"><\/i>\n<\/div><\/div><\/div><\/div><div class=\"aio-icon-header\" ><h3 class=\"aio-icon-title ult-responsive\"  data-ultimate-target='#Info-box-wrap-6999 .aio-icon-title'  data-responsive-json-new='{\"font-size\":\"\",\"line-height\":\"\"}'  style=\"\">WEITERE INFORMATIONEN<\/h3><\/div> <!-- header --><div class=\"aio-icon-description ult-responsive\"  data-ultimate-target='#Info-box-wrap-6999 .aio-icon-description'  data-responsive-json-new='{\"font-size\":\"\",\"line-height\":\"\"}'  style=\"\">\n<p>Du willst mehr \u00fcber das Escape Game erfahren?<\/p>\n<\/div> <!-- description --><\/div> <!-- aio-icon-box --><\/div> <!-- aio-icon-component --><div class=\"w-btn-wrapper width_auto align_center\"><a class=\"w-btn us-btn-style_5 us_custom_80a192e9\" href=\"https:\/\/www.the-escape-room.de\/hildesheim\/\"><span class=\"w-btn-label\">Klicke hier!<\/span><\/a><\/div><\/div><\/div><\/div><\/div><\/div><\/section>\n","protected":false},"excerpt":{"rendered":"Klassenausflug, Schulausflug &amp; Vereinsausflug in den Escape Room Hildesheim Ihr habt die Nase voll von langweiligen Ausfl\u00fcgen oder unkreativen Tagesprogrammen? Bei uns findet ihr die Abwechslung, die begeistert! Ob Klassenausflug, Mannschaftsfahrt oder Vereinsausflug: Bei uns seid ihr an der richtigen Adresse! Unser Escape Room in Hildesheim bietet Nervenkitzel, R\u00e4tselspa\u00df und Teamwork in abenteuerlicher Atmosph\u00e4re. Die...","protected":false},"author":1,"featured_media":0,"parent":0,"menu_order":0,"comment_status":"closed","ping_status":"closed","template":"","meta":[],"yoast_head":"<!-- This site is optimized with the Yoast SEO plugin v15.0 - https:\/\/yoast.com\/wordpress\/plugins\/seo\/ -->\n<title>Klassenausflug, Schulausflug &amp; Vereine - THE ESCAPE ROOM | Hildesheim<\/title>\n<meta name=\"description\" content=\"Auf der Suche nach einer besonderen Ausflugsm\u00f6glichkeit? \u2705 Wir bieten Euch eine spannende Herausforderung und authentische R\u00e4ume mit viel \u2665 zum Detail.\" \/>\n<meta name=\"robots\" content=\"index, follow, max-snippet:-1, max-image-preview:large, max-video-preview:-1\" \/>\n<link rel=\"canonical\" href=\"https:\/\/www.the-escape-room.de\/hildesheim\/klassenausflug-schulausflug-vereine\/\" \/>\n<meta property=\"og:locale\" content=\"de_DE\" \/>\n<meta property=\"og:type\" content=\"article\" \/>\n<meta property=\"og:title\" content=\"Klassenausflug, Schulausflug &amp; Vereine - THE ESCAPE ROOM | Hildesheim\" \/>\n<meta property=\"og:description\" content=\"Auf der Suche nach einer besonderen Ausflugsm\u00f6glichkeit? \u2705 Wir bieten Euch eine spannende Herausforderung und authentische R\u00e4ume mit viel \u2665 zum Detail.\" \/>\n<meta property=\"og:url\" content=\"https:\/\/www.the-escape-room.de\/hildesheim\/klassenausflug-schulausflug-vereine\/\" \/>\n<meta property=\"og:site_name\" content=\"THE ESCAPE ROOM | Hildesheim\" \/>\n<meta property=\"article:modified_time\" content=\"2023-07-13T12:41:05+00:00\" \/>\n<meta name=\"twitter:card\" content=\"summary_large_image\" \/>\n<script type=\"application\/ld+json\" class=\"yoast-schema-graph\">{\"@context\":\"https:\/\/schema.org\",\"@graph\":[{\"@type\":\"WebSite\",\"@id\":\"https:\/\/www.the-escape-room.de\/hildesheim\/#website\",\"url\":\"https:\/\/www.the-escape-room.de\/hildesheim\/\",\"name\":\"THE ESCAPE ROOM | Hildesheim\",\"description\":\"Das Spiel gegen die Zeit! \\u2705 Authentische R\\u00e4ume mit viel \\u2665 zum Detail. Das besondere Abenteuer f\\u00fcr Freund*innen, Familie und Kolleg*innen in Hildesheim. \\u00dcber 100 positive Bewertungen sprechen f\\u00fcr sich!\",\"potentialAction\":[{\"@type\":\"SearchAction\",\"target\":\"https:\/\/www.the-escape-room.de\/hildesheim\/?s={search_term_string}\",\"query-input\":\"required name=search_term_string\"}],\"inLanguage\":\"de\"},{\"@type\":\"WebPage\",\"@id\":\"https:\/\/www.the-escape-room.de\/hildesheim\/klassenausflug-schulausflug-vereine\/#webpage\",\"url\":\"https:\/\/www.the-escape-room.de\/hildesheim\/klassenausflug-schulausflug-vereine\/\",\"name\":\"Klassenausflug, Schulausflug & Vereine - THE ESCAPE ROOM | Hildesheim\",\"isPartOf\":{\"@id\":\"https:\/\/www.the-escape-room.de\/hildesheim\/#website\"},\"datePublished\":\"2019-05-23T15:01:54+00:00\",\"dateModified\":\"2023-07-13T12:41:05+00:00\",\"description\":\"Auf der Suche nach einer besonderen Ausflugsm\\u00f6glichkeit? \\u2705 Wir bieten Euch eine spannende Herausforderung und authentische R\\u00e4ume mit viel \\u2665 zum Detail.\",\"inLanguage\":\"de\",\"potentialAction\":[{\"@type\":\"ReadAction\",\"target\":[\"https:\/\/www.the-escape-room.de\/hildesheim\/klassenausflug-schulausflug-vereine\/\"]}]}]}<\/script>\n<!-- \/ Yoast SEO plugin. -->","_links":{"self":[{"href":"https:\/\/www.the-escape-room.de\/hildesheim\/wp-json\/wp\/v2\/pages\/412"}],"collection":[{"href":"https:\/\/www.the-escape-room.de\/hildesheim\/wp-json\/wp\/v2\/pages"}],"about":[{"href":"https:\/\/www.the-escape-room.de\/hildesheim\/wp-json\/wp\/v2\/types\/page"}],"author":[{"embeddable":true,"href":"https:\/\/www.the-escape-room.de\/hildesheim\/wp-json\/wp\/v2\/users\/1"}],"replies":[{"embeddable":true,"href":"https:\/\/www.the-escape-room.de\/hildesheim\/wp-json\/wp\/v2\/comments?post=412"}],"version-history":[{"count":10,"href":"https:\/\/www.the-escape-room.de\/hildesheim\/wp-json\/wp\/v2\/pages\/412\/revisions"}],"predecessor-version":[{"id":923,"href":"https:\/\/www.the-escape-room.de\/hildesheim\/wp-json\/wp\/v2\/pages\/412\/revisions\/923"}],"wp:attachment":[{"href":"https:\/\/www.the-escape-room.de\/hildesheim\/wp-json\/wp\/v2\/media?parent=412"}],"curies":[{"name":"wp","href":"https:\/\/api.w.org\/{rel}","templated":true}]}}