{"id":154,"date":"2018-04-11T16:50:09","date_gmt":"2018-04-11T14:50:09","guid":{"rendered":"https:\/\/www.the-escape-room.de\/hildesheim\/?page_id=154"},"modified":"2023-07-05T14:37:41","modified_gmt":"2023-07-05T12:37:41","slug":"kontakt","status":"publish","type":"page","link":"https:\/\/www.the-escape-room.de\/hildesheim\/kontakt\/","title":{"rendered":"Kontakt"},"content":{"rendered":"<section class=\"l-section wpb_row height_small\"><div class=\"l-section-h i-cf\"><div class=\"g-cols vc_row type_default valign_top\"><div class=\"vc_col-sm-6 wpb_column vc_column_container\"><div class=\"vc_column-inner\"><div class=\"wpb_wrapper\"><div class=\"g-cols wpb_row  us_custom_18977f22 type_default valign_top vc_inner\"><div class=\"vc_col-sm-12 wpb_column vc_column_container\"><div class=\"vc_column-inner\"><div class=\"wpb_wrapper\">[vc_raw_html]JTNDZGl2JTIwaXRlbXNjb3BlJTIwaXRlbXR5cGUlM0QlMjJodHRwJTNBJTJGJTJGc2NoZW1hLm9yZyUyRkxvY2FsQnVzaW5lc3MlMjIlM0UlMEElM0NoMSUzRSUzQ3NwYW4lMjBpdGVtcHJvcCUzRCUyMm5hbWUlMjIlM0VUaGUlMjBFc2NhcGUlMjBSb29tJTIwSGlsZGVzaGVpbSUzQyUyRnNwYW4lM0UlM0MlMkZoMSUzRSUwQSUwQSUzQ2RpdiUyMGl0ZW1wcm9wJTNEJTIyYWRkcmVzcyUyMiUyMGl0ZW1zY29wZSUyMGl0ZW10eXBlJTNEJTIyaHR0cCUzQSUyRiUyRnNjaGVtYS5vcmclMkZQb3N0YWxBZGRyZXNzJTIyJTNFJTBBJTBBJTNDaSUyMGNsYXNzJTNEJTIyZmElMjBmYS1ob21lJTIyJTIwc3R5bGUlM0QlMjJtYXJnaW4tcmlnaHQlM0ElMjAxNXB4JTNCJTIyJTNFJTNDJTJGaSUzRSUzQ3NwYW4lMjBpdGVtcHJvcCUzRCUyMnN0cmVldEFkZHJlc3MlMjIlM0VTcGVpY2hlcnN0cmElQzMlOUZlJTIwOSUzQyUyRnNwYW4lM0UlMkMlMjAlM0NzcGFuJTIwaXRlbXByb3AlM0QlMjJQb3N0YWxDb2RlJTIyJTNFMzExMzQlM0MlMkZzcGFuJTNFJTBBJTNDc3BhbiUyMGl0ZW1wcm9wJTNEJTIyYWRkcmVzc0xvY2FsaXR5JTIyJTNFSGlsZGVzaGVpbSUzQyUyRnNwYW4lM0UlM0NiciUzRSUwQSUzQ2JyJTNFJTBBJTNDaSUyMGNsYXNzJTNEJTIyZmElMjBmYS1waG9uZSUyMiUyMHN0eWxlJTNEJTIybWFyZ2luLXJpZ2h0JTNBJTIwMTVweCUzQiUyMiUzRSUzQyUyRmklM0UlM0NhJTIwaHJlZiUzRCUyMnRlbCUzQTA1MTIxNjA2OTc4NSVFMiU4MCVBQyUyMiUzRVRlbGVmb25udW1tZXIlM0ElMjAlM0NzcGFuJTIwaXRlbXByb3AlM0QlMjJ0ZWxlcGhvbmUlMjIlMjBjb250ZW50JTNEJTIyMDUxMjElMjAlMkYlMjA2MDY5Nzg1JUUyJTgwJUFDJTIyJTNFMDUxMjElMjAlMkYlMjA2MDY5Nzg1JUUyJTgwJUFDJTNDJTJGc3BhbiUzRSUzQyUyRmElM0UlM0NiciUzRSUwQSUzQ2JyJTNFJTBBJTNDaSUyMGNsYXNzJTNEJTIyZmElMjBmYS1lbnZlbG9wZSUyMiUyMHN0eWxlJTNEJTIybWFyZ2luLXJpZ2h0JTNBJTIwMTVweCUzQiUyMiUzRSUzQyUyRmklM0UlM0NhJTIwaHJlZiUzRCUyMm1haWx0byUzQWhpbGRlc2hlaW0lNDB0aGUtZXNjYXBlLXJvb20uZGUlMjIlMjBpdGVtcHJvcCUzRCUyMmVtYWlsJTIyJTNFaGlsZGVzaGVpbSU0MHRoZS1lc2NhcGUtcm9vbS5kZSUzQyUyRmElM0UlMEElM0MlMkZkaXYlM0UlMEElM0MlMkZkaXYlM0U=[\/vc_raw_html]<\/div><\/div><\/div><\/div><div class=\"w-separator size_medium with_line width_default thick_1 style_solid color_border align_center with_content\"><div class=\"w-separator-h\"><i class=\"fas fa-lock\"><\/i><\/div><\/div><div class=\"g-cols wpb_row  type_default valign_middle vc_inner\"><div class=\"vc_col-sm-6 wpb_column vc_column_container\"><div class=\"vc_column-inner\"><div class=\"wpb_wrapper\"><div class=\"wpb_text_column\" ><div class=\"wpb_wrapper\"><h3>Unsere Buchungszeiten:<\/h3>\n<\/div><\/div><\/div><\/div><\/div><div class=\"vc_col-sm-6 wpb_column vc_column_container\"><div class=\"vc_column-inner\"><div class=\"wpb_wrapper\"><div class=\"wpb_text_column\" ><div class=\"wpb_wrapper\"><p style=\"text-align: center;\">Mo. \u2013 Fr.: 14:30 &#8211; 22:15<br \/>\nSa. \u2013 So.: 10:00 &#8211; 22:15<\/p>\n<\/div><\/div><\/div><\/div><\/div><\/div><div class=\"g-cols wpb_row  type_default valign_top vc_inner\"><div class=\"vc_col-sm-12 wpb_column vc_column_container\"><div class=\"vc_column-inner us_custom_b2452879\"><div class=\"wpb_wrapper\"><div class=\"wpb_text_column\" ><div class=\"wpb_wrapper\"><p>Bitte beachte, dass unsere \u00d6ffnungszeiten sich nach der Buchungslage richten und unser Gesch\u00e4ft daher nicht immer besetzt ist.<br \/>\nWenn Du wissen m\u00f6chtest ob unser Gesch\u00e4ft besetzt ist, ruf am besten vorher einmal an.<\/p>\n<\/div><\/div><\/div><\/div><\/div><\/div><div class=\"w-separator size_medium with_line width_default thick_1 style_solid color_border align_center with_content\"><div class=\"w-separator-h\"><i class=\"fas fa-key\"><\/i><\/div><\/div><div class=\"g-cols wpb_row  type_default valign_top vc_inner\"><div class=\"vc_col-sm-6 wpb_column vc_column_container\"><div class=\"vc_column-inner\"><div class=\"wpb_wrapper\"><div class=\"wpb_text_column\" ><div class=\"wpb_wrapper\"><h3>Folge uns auf:<\/h3>\n<\/div><\/div><\/div><\/div><\/div><div class=\"vc_col-sm-6 wpb_column vc_column_container\"><div class=\"vc_column-inner\"><div class=\"wpb_wrapper\"><div class=\"w-socials us_custom_12d35e64 color_text shape_square style_outlined hover_fade\"><div class=\"w-socials-list\" style=\"margin:-0.1em;\"><div class=\"w-socials-item email\" style=\"padding:0.1em;\"><a class=\"w-socials-item-link\" rel=\"noopener nofollow\" href=\"mailto:hildesheim@the-escape-room.de\" title=\"E-Mail-Adresse\" aria-label=\"E-Mail-Adresse\"><span class=\"w-socials-item-link-hover\"><\/span><\/a><div class=\"w-socials-item-popup\"><span>E-Mail-Adresse<\/span><\/div><\/div><div class=\"w-socials-item facebook\" style=\"padding:0.1em;\"><a class=\"w-socials-item-link\" rel=\"noopener nofollow\" target=\"_blank\" href=\"https:\/\/www.facebook.com\/TheEscapeRoomHildesheim\/\" title=\"Facebook\" aria-label=\"Facebook\"><span class=\"w-socials-item-link-hover\"><\/span><\/a><div class=\"w-socials-item-popup\"><span>Facebook<\/span><\/div><\/div><div class=\"w-socials-item instagram\" style=\"padding:0.1em;\"><a class=\"w-socials-item-link\" rel=\"noopener nofollow\" target=\"_blank\" href=\"https:\/\/www.instagram.com\/theescaperoomhildesheim\/\" title=\"Instagram\" aria-label=\"Instagram\"><span class=\"w-socials-item-link-hover\"><\/span><\/a><div class=\"w-socials-item-popup\"><span>Instagram<\/span><\/div><\/div><div class=\"w-socials-item tripadvisor\" style=\"padding:0.1em;\"><a class=\"w-socials-item-link\" rel=\"noopener nofollow\" target=\"_blank\" href=\"https:\/\/www.tripadvisor.de\/Attraction_Review-g187352-d14013410-Reviews-The_Escape_Room_Hildesheim-Hildesheim_Lower_Saxony.html\" title=\"Tripadvisor\" aria-label=\"Tripadvisor\"><span class=\"w-socials-item-link-hover\"><\/span><\/a><div class=\"w-socials-item-popup\"><span>Tripadvisor<\/span><\/div><\/div><\/div><\/div><\/div><\/div><\/div><\/div><div class=\"g-cols wpb_row  type_default valign_top vc_inner\" id=\"kontakt\"><div class=\"vc_col-sm-12 wpb_column vc_column_container\"><div class=\"vc_column-inner\"><div class=\"wpb_wrapper\"><div class=\"w-separator size_medium with_line width_default thick_1 style_solid color_border align_center with_content\"><div class=\"w-separator-h\"><i class=\"fas fa-lock\"><\/i><\/div><\/div><div class=\"wpb_text_column\" ><div class=\"wpb_wrapper\"><h3>Kontaktformular<\/h3>\n<\/div><\/div><div role=\"form\" class=\"wpcf7\" id=\"wpcf7-f152-o1\" lang=\"de-DE\" dir=\"ltr\">\n<div class=\"screen-reader-response\" role=\"alert\" aria-live=\"polite\"><\/div>\n<form action=\"\/hildesheim\/wp-json\/wp\/v2\/pages\/154#wpcf7-f152-o1\" method=\"post\" class=\"wpcf7-form init\" novalidate=\"novalidate\">\n<div style=\"display: none;\">\n<input type=\"hidden\" name=\"_wpcf7\" value=\"152\" \/>\n<input type=\"hidden\" name=\"_wpcf7_version\" value=\"5.2.2\" \/>\n<input type=\"hidden\" name=\"_wpcf7_locale\" value=\"de_DE\" \/>\n<input type=\"hidden\" name=\"_wpcf7_unit_tag\" value=\"wpcf7-f152-o1\" \/>\n<input type=\"hidden\" name=\"_wpcf7_container_post\" value=\"0\" \/>\n<input type=\"hidden\" name=\"_wpcf7_posted_data_hash\" value=\"\" \/>\n<\/div>\n<div class=\"vc_col-sm-6 k-form\"><span class=\"wpcf7-form-control-wrap vorname\"><input type=\"text\" name=\"vorname\" value=\"\" size=\"40\" class=\"wpcf7-form-control wpcf7-text wpcf7-validates-as-required\" aria-required=\"true\" aria-invalid=\"false\" placeholder=\"Vorname*\" \/><\/span><\/div>\n<div class=\"vc_col-sm-6 k-form\"><span class=\"wpcf7-form-control-wrap nachname\"><input type=\"text\" name=\"nachname\" value=\"\" size=\"40\" class=\"wpcf7-form-control wpcf7-text wpcf7-validates-as-required\" aria-required=\"true\" aria-invalid=\"false\" placeholder=\"Nachname*\" \/><\/span><\/div>\n<div><span class=\"wpcf7-form-control-wrap your-email\"><input type=\"email\" name=\"your-email\" value=\"\" size=\"40\" class=\"wpcf7-form-control wpcf7-text wpcf7-email wpcf7-validates-as-required wpcf7-validates-as-email\" aria-required=\"true\" aria-invalid=\"false\" placeholder=\"Mail*\" \/><\/span><\/div>\n<div><span class=\"wpcf7-form-control-wrap telefon\"><input type=\"tel\" name=\"telefon\" value=\"\" size=\"40\" class=\"wpcf7-form-control wpcf7-text wpcf7-tel wpcf7-validates-as-required wpcf7-validates-as-tel\" aria-required=\"true\" aria-invalid=\"false\" placeholder=\"Telefon*\" \/><\/span><\/div>\n<div><span class=\"wpcf7-form-control-wrap event\"><input type=\"text\" name=\"event\" value=\"\" size=\"40\" class=\"wpcf7-form-control wpcf7-text\" aria-invalid=\"false\" placeholder=\"F\u00fcr welches Event interessierst du dich?\" \/><\/span><\/div>\n<div><span class=\"wpcf7-form-control-wrap your-message\"><textarea name=\"your-message\" cols=\"40\" rows=\"4\" class=\"wpcf7-form-control wpcf7-textarea wpcf7-validates-as-required\" aria-required=\"true\" aria-invalid=\"false\" placeholder=\"Nachricht*\"><\/textarea><\/span><\/div>\n<div style=\"margin-top:10px\"><span class=\"wpcf7-form-control-wrap your-consent\"><span class=\"wpcf7-form-control wpcf7-acceptance\"><span class=\"wpcf7-list-item\"><label><input type=\"checkbox\" name=\"your-consent\" value=\"1\" aria-invalid=\"false\" \/><span class=\"wpcf7-list-item-label\">Ich habe die <a href=\"https:\/\/www.the-escape-room.de\/hildesheim\/datenschutzerklaerung\/\" target=\"_blank\">Datenschutzerkl\u00e4rung<\/a> zur Kenntnis genommen. Ich stimme zu, dass meine Angaben zur Kontaktaufnahme und f\u00fcr R\u00fcckfragen gespeichert werden.<\/span><\/label><\/span><\/span><\/span><\/div>\n<div style=\"text-align: center;color:#ffffff; margin:10px;\"><input type=\"submit\" value=\"Nachricht senden\" class=\"wpcf7-form-control wpcf7-submit\" \/><\/div>\n<div class=\"wpcf7-response-output\" role=\"alert\" aria-hidden=\"true\"><\/div><\/form><\/div><\/div><\/div><\/div><\/div><\/div><\/div><\/div><div class=\"vc_col-sm-6 wpb_column vc_column_container\"><div class=\"vc_column-inner\"><div class=\"wpb_wrapper\"><div id='wrap_map_69e7696509c2f' class='ultimate-map-wrapper ult-adjust-bottom-margin ' style=' height:870px;'><div id='map_69e7696509c2f' data-map_override='0' class='ultimate_google_map wpb_content_element page_margin_top' style='width:100%;height:870px;'><\/div><\/div><script type='text\/javascript'>\r\n\t\t\t(function($) {\r\n  \t\t\t'use strict';\r\n\t\t\tvar map_map_69e7696509c2f = null;\r\n\t\t\tvar coordinate_map_69e7696509c2f;\r\n\t\t\tvar isDraggable = $(document).width() > 641 ? true : true;\r\n\t\t\ttry\r\n\t\t\t{\r\n\t\t\t\tvar map_map_69e7696509c2f = null;\r\n\t\t\t\tvar coordinate_map_69e7696509c2f;\r\n\t\t\t\tcoordinate_map_69e7696509c2f=new google.maps.LatLng(52.15592, 9.94820);\r\n\t\t\t\tvar mapOptions=\r\n\t\t\t\t{\r\n\t\t\t\t\tzoom: 14,\r\n\t\t\t\t\tcenter: coordinate_map_69e7696509c2f,\r\n\t\t\t\t\tscaleControl: true,\r\n\t\t\t\t\tstreetViewControl: false,\r\n\t\t\t\t\tmapTypeControl: false,\r\n\t\t\t\t\tpanControl: false,\r\n\t\t\t\t\tzoomControl: false,\r\n\t\t\t\t\tscrollwheel: false,\r\n\t\t\t\t\tdraggable: isDraggable,\r\n\t\t\t\t\tzoomControlOptions: {\r\n\t\t\t\t\t\tposition: google.maps.ControlPosition.RIGHT_BOTTOM\r\n\t\t\t\t\t}, mapTypeControlOptions: {\r\n\t\t\t\t\t  \t\tmapTypeIds: [google.maps.MapTypeId.ROADMAP, 'map_style']\r\n\t\t\t\t\t\t}};var styles = [{\"featureType\":\"administrative\",\"elementType\":\"geometry.fill\",\"stylers\":[{\"visibility\":\"on\"},{\"weight\":\"1.15\"}]},{\"featureType\":\"administrative\",\"elementType\":\"labels.text.fill\",\"stylers\":[{\"color\":\"#444444\"}]},{\"featureType\":\"landscape\",\"elementType\":\"all\",\"stylers\":[{\"color\":\"#f2f2f2\"}]},{\"featureType\":\"landscape.man_made\",\"elementType\":\"geometry.fill\",\"stylers\":[{\"visibility\":\"simplified\"}]},{\"featureType\":\"landscape.natural.terrain\",\"elementType\":\"all\",\"stylers\":[{\"visibility\":\"off\"}]},{\"featureType\":\"poi\",\"elementType\":\"all\",\"stylers\":[{\"visibility\":\"off\"}]},{\"featureType\":\"road\",\"elementType\":\"all\",\"stylers\":[{\"saturation\":-100},{\"lightness\":45}]},{\"featureType\":\"road.highway\",\"elementType\":\"all\",\"stylers\":[{\"visibility\":\"simplified\"}]},{\"featureType\":\"road.arterial\",\"elementType\":\"labels.icon\",\"stylers\":[{\"visibility\":\"off\"}]},{\"featureType\":\"transit\",\"elementType\":\"all\",\"stylers\":[{\"visibility\":\"off\"}]},{\"featureType\":\"water\",\"elementType\":\"all\",\"stylers\":[{\"color\":\"#323f53\"},{\"visibility\":\"on\"}]}];\r\n\t\t\t\t\t\tvar styledMap = new google.maps.StyledMapType(styles,\r\n\t\t\t\t\t    \t{name: \"Styled Map\"});var map_map_69e7696509c2f = new google.maps.Map(document.getElementById('map_69e7696509c2f'),mapOptions);map_map_69e7696509c2f.mapTypes.set('map_style', styledMap);\r\n \t\t\t\t\t\t\t map_map_69e7696509c2f.setMapTypeId('map_style');\r\n\t\t\t\t\t\tvar x = 'infowindow_open_value';\r\n\t\t\t\t\t\tvar marker_map_69e7696509c2f = new google.maps.Marker({\r\n\t\t\t\t\t\tposition: new google.maps.LatLng(52.15592, 9.94820),\r\n\t\t\t\t\t\tanimation:  google.maps.Animation.DROP,\r\n\t\t\t\t\t\tmap: map_map_69e7696509c2f,\r\n\t\t\t\t\t\ticon: ''\r\n\t\t\t\t\t});\r\n\t\t\t\t\tgoogle.maps.event.addListener(marker_map_69e7696509c2f, 'click', toggleBounce);}\r\n\t\t\tcatch(e){};\r\n\t\t\tjQuery(document).ready(function($){\r\n\t\t\t\tgoogle.maps.event.trigger(map_map_69e7696509c2f, 'resize');\r\n\t\t\t\t$(window).resize(function(){\r\n\t\t\t\t\tgoogle.maps.event.trigger(map_map_69e7696509c2f, 'resize');\r\n\t\t\t\t\tif(map_map_69e7696509c2f!=null)\r\n\t\t\t\t\t\tmap_map_69e7696509c2f.setCenter(coordinate_map_69e7696509c2f);\r\n\t\t\t\t});\r\n\t\t\t\t$('.ui-tabs').bind('tabsactivate', function(event, ui) {\r\n\t\t\t\t   if($(this).find('.ultimate-map-wrapper').length > 0)\r\n\t\t\t\t\t{\r\n\t\t\t\t\t\tsetTimeout(function(){\r\n\t\t\t\t\t\t\t$(window).trigger('resize');\r\n\t\t\t\t\t\t},200);\r\n\t\t\t\t\t}\r\n\t\t\t\t});\r\n\t\t\t\t$('.ui-accordion').bind('accordionactivate', function(event, ui) {\r\n\t\t\t\t   if($(this).find('.ultimate-map-wrapper').length > 0)\r\n\t\t\t\t\t{\r\n\t\t\t\t\t\tsetTimeout(function(){\r\n\t\t\t\t\t\t\t$(window).trigger('resize');\r\n\t\t\t\t\t\t},200);\r\n\t\t\t\t\t}\r\n\t\t\t\t});\r\n\t\t\t\t$(window).load(function(){\r\n\t\t\t\t\tsetTimeout(function(){\r\n\t\t\t\t\t\t$(window).trigger('resize');\r\n\t\t\t\t\t},200);\r\n\t\t\t\t});\r\n\t\t\t\t$('.ult_exp_section').select(function(){\r\n\t\t\t\t\tif($(map_map_69e7696509c2f).parents('.ult_exp_section'))\r\n\t\t\t\t\t{\r\n\t\t\t\t\t\tsetTimeout(function(){\r\n\t\t\t\t\t\t\t$(window).trigger('resize');\r\n\t\t\t\t\t\t},200);\r\n\t\t\t\t\t}\r\n\t\t\t\t});\r\n\t\t\t\t$(document).on('onUVCModalPopupOpen', function(){\r\n\t\t\t\t\tif($(map_map_69e7696509c2f).parents('.ult_modal-content'))\r\n\t\t\t\t\t{\r\n\t\t\t\t\t\tsetTimeout(function(){\r\n\t\t\t\t\t\t\t$(window).trigger('resize');\r\n\t\t\t\t\t\t},200);\r\n\t\t\t\t\t}\r\n\t\t\t\t});\r\n\t\t\t\t$(document).on('click','.ult_tab_li',function(){\r\n\t\t\t\t\t$(window).trigger('resize');\r\n\t\t\t\t\tsetTimeout(function(){\r\n\t\t\t\t\t\t$(window).trigger('resize');\r\n\t\t\t\t\t},200);\r\n\t\t\t\t});\r\n\t\t\t});\r\n\t\t\tfunction toggleBounce() {\r\n\t\t\t  if (marker_map_69e7696509c2f.getAnimation() != null) {\r\n\t\t\t\tmarker_map_69e7696509c2f.setAnimation(null);\r\n\t\t\t  } else {\r\n\t\t\t\tmarker_map_69e7696509c2f.setAnimation(google.maps.Animation.BOUNCE);\r\n\t\t\t  }\r\n\t\t\t}\r\n\t\t\t})(jQuery);\r\n\t\t\t<\/script><\/div><\/div><\/div><\/div><\/div><\/section>\n","protected":false},"excerpt":{"rendered":"[vc_raw_html]JTNDZGl2JTIwaXRlbXNjb3BlJTIwaXRlbXR5cGUlM0QlMjJodHRwJTNBJTJGJTJGc2NoZW1hLm9yZyUyRkxvY2FsQnVzaW5lc3MlMjIlM0UlMEElM0NoMSUzRSUzQ3NwYW4lMjBpdGVtcHJvcCUzRCUyMm5hbWUlMjIlM0VUaGUlMjBFc2NhcGUlMjBSb29tJTIwSGlsZGVzaGVpbSUzQyUyRnNwYW4lM0UlM0MlMkZoMSUzRSUwQSUwQSUzQ2RpdiUyMGl0ZW1wcm9wJTNEJTIyYWRkcmVzcyUyMiUyMGl0ZW1zY29wZSUyMGl0ZW10eXBlJTNEJTIyaHR0cCUzQSUyRiUyRnNjaGVtYS5vcmclMkZQb3N0YWxBZGRyZXNzJTIyJTNFJTBBJTBBJTNDaSUyMGNsYXNzJTNEJTIyZmElMjBmYS1ob21lJTIyJTIwc3R5bGUlM0QlMjJtYXJnaW4tcmlnaHQlM0ElMjAxNXB4JTNCJTIyJTNFJTNDJTJGaSUzRSUzQ3NwYW4lMjBpdGVtcHJvcCUzRCUyMnN0cmVldEFkZHJlc3MlMjIlM0VTcGVpY2hlcnN0cmElQzMlOUZlJTIwOSUzQyUyRnNwYW4lM0UlMkMlMjAlM0NzcGFuJTIwaXRlbXByb3AlM0QlMjJQb3N0YWxDb2RlJTIyJTNFMzExMzQlM0MlMkZzcGFuJTNFJTBBJTNDc3BhbiUyMGl0ZW1wcm9wJTNEJTIyYWRkcmVzc0xvY2FsaXR5JTIyJTNFSGlsZGVzaGVpbSUzQyUyRnNwYW4lM0UlM0NiciUzRSUwQSUzQ2JyJTNFJTBBJTNDaSUyMGNsYXNzJTNEJTIyZmElMjBmYS1waG9uZSUyMiUyMHN0eWxlJTNEJTIybWFyZ2luLXJpZ2h0JTNBJTIwMTVweCUzQiUyMiUzRSUzQyUyRmklM0UlM0NhJTIwaHJlZiUzRCUyMnRlbCUzQTA1MTIxNjA2OTc4NSVFMiU4MCVBQyUyMiUzRVRlbGVmb25udW1tZXIlM0ElMjAlM0NzcGFuJTIwaXRlbXByb3AlM0QlMjJ0ZWxlcGhvbmUlMjIlMjBjb250ZW50JTNEJTIyMDUxMjElMjAlMkYlMjA2MDY5Nzg1JUUyJTgwJUFDJTIyJTNFMDUxMjElMjAlMkYlMjA2MDY5Nzg1JUUyJTgwJUFDJTNDJTJGc3BhbiUzRSUzQyUyRmElM0UlM0NiciUzRSUwQSUzQ2JyJTNFJTBBJTNDaSUyMGNsYXNzJTNEJTIyZmElMjBmYS1lbnZlbG9wZSUyMiUyMHN0eWxlJTNEJTIybWFyZ2luLXJpZ2h0JTNBJTIwMTVweCUzQiUyMiUzRSUzQyUyRmklM0UlM0NhJTIwaHJlZiUzRCUyMm1haWx0byUzQWhpbGRlc2hlaW0lNDB0aGUtZXNjYXBlLXJvb20uZGUlMjIlMjBpdGVtcHJvcCUzRCUyMmVtYWlsJTIyJTNFaGlsZGVzaGVpbSU0MHRoZS1lc2NhcGUtcm9vbS5kZSUzQyUyRmElM0UlMEElM0MlMkZkaXYlM0UlMEElM0MlMkZkaXYlM0U=[\/vc_raw_html]Unsere Buchungszeiten: Mo. \u2013 Fr.: 14:30 &#8211; 22:15 Sa. \u2013 So.: 10:00 &#8211; 22:15 Bitte beachte, dass unsere \u00d6ffnungszeiten sich nach der Buchungslage richten und unser Gesch\u00e4ft daher nicht immer besetzt ist. Wenn Du wissen m\u00f6chtest ob unser Gesch\u00e4ft besetzt ist, ruf am besten vorher einmal an. Folge uns auf: E-Mail-AdresseFacebookInstagramTripadvisorKontaktformular Ich habe die Datenschutzerkl\u00e4rung...","protected":false},"author":1,"featured_media":0,"parent":0,"menu_order":0,"comment_status":"closed","ping_status":"closed","template":"","meta":[],"yoast_head":"<!-- This site is optimized with the Yoast SEO plugin v15.0 - https:\/\/yoast.com\/wordpress\/plugins\/seo\/ -->\n<title>Kontakt - THE ESCAPE ROOM | Hildesheim<\/title>\n<meta name=\"description\" content=\"Du willst Dein Erlebnis buchen oder hast noch Fragen zum Escape Room in Hildesheim? \u2705 Nimm Kontakt mit uns und wir helfen Dir gerne weiter!\" \/>\n<meta name=\"robots\" content=\"index, follow, max-snippet:-1, max-image-preview:large, max-video-preview:-1\" \/>\n<link rel=\"canonical\" href=\"https:\/\/www.the-escape-room.de\/hildesheim\/kontakt\/\" \/>\n<meta property=\"og:locale\" content=\"de_DE\" \/>\n<meta property=\"og:type\" content=\"article\" \/>\n<meta property=\"og:title\" content=\"Kontakt - THE ESCAPE ROOM | Hildesheim\" \/>\n<meta property=\"og:description\" content=\"Du willst Dein Erlebnis buchen oder hast noch Fragen zum Escape Room in Hildesheim? \u2705 Nimm Kontakt mit uns und wir helfen Dir gerne weiter!\" \/>\n<meta property=\"og:url\" content=\"https:\/\/www.the-escape-room.de\/hildesheim\/kontakt\/\" \/>\n<meta property=\"og:site_name\" content=\"THE ESCAPE ROOM | Hildesheim\" \/>\n<meta property=\"article:modified_time\" content=\"2023-07-05T12:37:41+00:00\" \/>\n<meta name=\"twitter:card\" content=\"summary_large_image\" \/>\n<script type=\"application\/ld+json\" class=\"yoast-schema-graph\">{\"@context\":\"https:\/\/schema.org\",\"@graph\":[{\"@type\":\"WebSite\",\"@id\":\"https:\/\/www.the-escape-room.de\/hildesheim\/#website\",\"url\":\"https:\/\/www.the-escape-room.de\/hildesheim\/\",\"name\":\"THE ESCAPE ROOM | Hildesheim\",\"description\":\"Das Spiel gegen die Zeit! \\u2705 Authentische R\\u00e4ume mit viel \\u2665 zum Detail. Das besondere Abenteuer f\\u00fcr Freund*innen, Familie und Kolleg*innen in Hildesheim. \\u00dcber 100 positive Bewertungen sprechen f\\u00fcr sich!\",\"potentialAction\":[{\"@type\":\"SearchAction\",\"target\":\"https:\/\/www.the-escape-room.de\/hildesheim\/?s={search_term_string}\",\"query-input\":\"required name=search_term_string\"}],\"inLanguage\":\"de\"},{\"@type\":\"WebPage\",\"@id\":\"https:\/\/www.the-escape-room.de\/hildesheim\/kontakt\/#webpage\",\"url\":\"https:\/\/www.the-escape-room.de\/hildesheim\/kontakt\/\",\"name\":\"Kontakt - THE ESCAPE ROOM | Hildesheim\",\"isPartOf\":{\"@id\":\"https:\/\/www.the-escape-room.de\/hildesheim\/#website\"},\"datePublished\":\"2018-04-11T14:50:09+00:00\",\"dateModified\":\"2023-07-05T12:37:41+00:00\",\"description\":\"Du willst Dein Erlebnis buchen oder hast noch Fragen zum Escape Room in Hildesheim? \\u2705 Nimm Kontakt mit uns und wir helfen Dir gerne weiter!\",\"inLanguage\":\"de\",\"potentialAction\":[{\"@type\":\"ReadAction\",\"target\":[\"https:\/\/www.the-escape-room.de\/hildesheim\/kontakt\/\"]}]}]}<\/script>\n<!-- \/ Yoast SEO plugin. -->","_links":{"self":[{"href":"https:\/\/www.the-escape-room.de\/hildesheim\/wp-json\/wp\/v2\/pages\/154"}],"collection":[{"href":"https:\/\/www.the-escape-room.de\/hildesheim\/wp-json\/wp\/v2\/pages"}],"about":[{"href":"https:\/\/www.the-escape-room.de\/hildesheim\/wp-json\/wp\/v2\/types\/page"}],"author":[{"embeddable":true,"href":"https:\/\/www.the-escape-room.de\/hildesheim\/wp-json\/wp\/v2\/users\/1"}],"replies":[{"embeddable":true,"href":"https:\/\/www.the-escape-room.de\/hildesheim\/wp-json\/wp\/v2\/comments?post=154"}],"version-history":[{"count":10,"href":"https:\/\/www.the-escape-room.de\/hildesheim\/wp-json\/wp\/v2\/pages\/154\/revisions"}],"predecessor-version":[{"id":903,"href":"https:\/\/www.the-escape-room.de\/hildesheim\/wp-json\/wp\/v2\/pages\/154\/revisions\/903"}],"wp:attachment":[{"href":"https:\/\/www.the-escape-room.de\/hildesheim\/wp-json\/wp\/v2\/media?parent=154"}],"curies":[{"name":"wp","href":"https:\/\/api.w.org\/{rel}","templated":true}]}}