{"id":134,"date":"2018-04-11T16:50:06","date_gmt":"2018-04-11T14:50:06","guid":{"rendered":"https:\/\/www.the-escape-room.de\/hildesheim\/?page_id=134"},"modified":"2022-05-16T11:58:25","modified_gmt":"2022-05-16T09:58:25","slug":"buchen","status":"publish","type":"page","link":"https:\/\/www.the-escape-room.de\/hildesheim\/buchen\/","title":{"rendered":"Event Buchen"},"content":{"rendered":"<section class=\"l-section wpb_row height_small\"><div class=\"l-section-h i-cf\"><div class=\"g-cols vc_row type_default valign_top\"><div class=\"vc_col-sm-12 wpb_column vc_column_container\"><div class=\"vc_column-inner\"><div class=\"wpb_wrapper\"><\/div><\/div><\/div><\/div><\/div><\/section><section class=\"l-section wpb_row height_small color_primary\"><div class=\"l-section-h i-cf\"><div class=\"g-cols vc_row type_default valign_top\"><div class=\"vc_col-sm-12 wpb_column vc_column_container\"><div class=\"vc_column-inner\"><div class=\"wpb_wrapper\"><div class=\"wpb_text_column\" ><div class=\"wpb_wrapper\"><h1 style=\"text-align: center;\">Buche Dein Escape Room Erlebnis in Hildesheim:<\/h1>\n<\/div><\/div><section class=\"l-section wpb_row height_small\"><div class=\"l-section-h i-cf\"><div class=\"g-cols vc_row type_default valign_top\"><div class=\"vc_col-sm-12 wpb_column vc_column_container\"><div class=\"vc_column-inner\"><div class=\"wpb_wrapper\"><div class=\"wpb_text_column\" ><div class=\"wpb_wrapper\"><p style=\"text-align: center;\">Buchungen sind bis 24 Stunden vor Spielbeginn m\u00f6glich. N\u00e4heres zu spontanen Buchungen findest Du unter <a href=\"https:\/\/www.the-escape-room.de\/hildesheim\/haeufig-gestellte-fragen-faq\/\"><strong>&#8222;H\u00e4ufig gestellte Fragen&#8220;.<\/strong><\/a><\/p>\n<p style=\"text-align: center;\"><strong>Jugendtarif f\u00fcr unsere Escape Rooms: Bei Buchungen mit Jugendlichen bis einschlie\u00dflich 16 Jahren gibt es 10% auf den Raumpreis!<br \/>\n(gilt nicht f\u00fcr unsere Outdoor-Touren und den Raum Grand Hotel Rose) Rabattcode: JUGEND10<\/strong><\/p>\n<p style=\"text-align: center;\"><span style=\"text-decoration: underline;\">Bitte beachte: Bei uns ist ausschlie\u00dflich Kartenzahlung m\u00f6glich!<\/span><\/p>\n<\/div><\/div><\/div><\/div><\/div><\/div><\/div><\/section><section class=\"l-section wpb_row height_small\"><div class=\"l-section-h i-cf\"><div class=\"g-cols vc_row type_default valign_top\"><div class=\"vc_col-sm-12 wpb_column vc_column_container\"><div class=\"vc_column-inner\"><div class=\"wpb_wrapper\">[vc_raw_js]JTNDc2NyaXB0JTIwc3JjJTNEJTIyaHR0cHMlM0ElMkYlMkZjZG4ucXVpbmJvb2suY29tJTJGc2hvcC5qcyUyMiUyMGRhdGEtc2hvcGlkJTNEJTIyNzdmOTU5ZjExOWY0ZmIyMzIxZTljZTgwMWUyZjUxNjMlMjIlM0UlM0MlMkZzY3JpcHQlM0U=[\/vc_raw_js]<\/div><\/div><\/div><\/div><\/div><\/section><section class=\"l-section wpb_row height_small color_secondary\"><div class=\"l-section-h i-cf\"><div class=\"g-cols vc_row type_default valign_middle\"><div class=\"vc_col-sm-12 wpb_column vc_column_container\"><div class=\"vc_column-inner\"><div class=\"wpb_wrapper\"><div class=\"g-cols wpb_row  type_default valign_middle vc_inner\"><div class=\"vc_col-sm-6 wpb_column vc_column_container\"><div class=\"vc_column-inner\"><div class=\"wpb_wrapper\"><div class=\"wpb_text_column\" ><div class=\"wpb_wrapper\"><h3><strong>Unsere Getr\u00e4nke- und R\u00e4tselboxen:<\/strong><\/h3>\n<p>F\u00fcr eurer Escape Room Erlebnis habt ihr die M\u00f6glichkeit zus\u00e4tzlich zwei verschiedene Aktionsboxen hinzuzuf\u00fcgen:<\/p>\n<h5><strong>ERFRISCHUNGSPAKET<\/strong><\/h5>\n<p>Mit diesem Paket bekommt ihr zus\u00e4tzlich zu eurem Escape Room Erlebnis die Erfrischung, die ihr braucht, um beim R\u00e4tseln einen k\u00fchlen Kopf zu bewahren. Das Paket enth\u00e4lt sechs Erfrischungsgetr\u00e4nke nach Wahl aus unserem Sortiment aus Limos und Schorlen, Wasser, Bier und Sekt.\u00a0<strong>Au\u00dferdem werden im Raum \u201eKurze\u201c (Lik\u00f6re) f\u00fcr alle<\/strong>\u00a0Mitspieler*innen zu finden sein, die f\u00fcr\u00a0<strong>feucht-fr\u00f6hliche Abwechslung<\/strong> (Alternativ: S\u00fc\u00dfigkeiten) sorgen.\u00a0\u00a0Dieses Paket sorgt f\u00fcr<strong> zus\u00e4tzliche \u00dcberraschungen<\/strong> bei eurem Escape Room Erlebnis. Ideal f\u00fcr Junggesell*innenabschiede oder Geburtstage.<\/p>\n<p>Preis: Eintrittspreis + 35 Euro<\/p>\n<h5><strong>PERSONALISIERTE R\u00c4TSELBOX<\/strong><\/h5>\n<p>Mit diesem Paket bekommt ihr die erfrischenden Getr\u00e4nke aus der oben genannten Variante in einer zus\u00e4tzlichen <strong>geheimnisvollen R\u00e4tselbox<\/strong>, welche verschlossen im Spielraum steht. Ihr gelangt nur an den Inhalt, wenn es euch als Team gelingt das zus\u00e4tzliche und ganz <strong>pers\u00f6nliche R\u00e4tsel<\/strong> zu l\u00f6sen. Bei der Buchung erh\u00e4ltst du eine Vorlage zugesendet. So kannst du ganz einfach euer personalisiertes R\u00e4tsel erstellen. Das sorgt zus\u00e4tzlich f\u00fcr <strong>individuellen R\u00e4tselspa\u00df und \u00dcberraschungen<\/strong>. Ihr habt dar\u00fcber hinaus die <strong>M\u00f6glichkeit eigene \u00dcberraschungen mit in die verschlossene Box<\/strong> zu legen, daher ist die R\u00e4tselbox vor allem f\u00fcr Geburtstag und Junggesell*innenabschiede oder auch Heiratsantr\u00e4ge eine ideale Erweiterung.<\/p>\n<p>Preis: Eintrittspreis + 55 Euro<\/p>\n<\/div><\/div><div class=\"wpb_text_column\" ><div class=\"wpb_wrapper\"><\/div><\/div><\/div><\/div><\/div><div class=\"vc_col-sm-6 wpb_column vc_column_container\"><div class=\"vc_column-inner\"><div class=\"wpb_wrapper\"><div class=\"w-image align_center\"><div class=\"w-image-h\"><img width=\"450\" height=\"600\" src=\"https:\/\/www.the-escape-room.de\/hildesheim\/wp-content\/uploads\/sites\/3\/2022\/11\/Getra\u0308nkebox-The-Escape-Room.jpeg\" class=\"attachment-us_768_0 size-us_768_0\" alt=\"\" loading=\"lazy\" srcset=\"https:\/\/www.the-escape-room.de\/hildesheim\/wp-content\/uploads\/sites\/3\/2022\/11\/Getra\u0308nkebox-The-Escape-Room.jpeg 450w, https:\/\/www.the-escape-room.de\/hildesheim\/wp-content\/uploads\/sites\/3\/2022\/11\/Getra\u0308nkebox-The-Escape-Room-225x300.jpeg 225w\" sizes=\"(max-width: 450px) 100vw, 450px\" \/><\/div><\/div><\/div><\/div><\/div><\/div><\/div><\/div><\/div><\/div><\/div><\/section>\n<\/div><\/div><\/div><\/div><\/div><\/section>\n","protected":false},"excerpt":{"rendered":"Buche Dein Escape Room Erlebnis in Hildesheim: Buchungen sind bis 24 Stunden vor Spielbeginn m\u00f6glich. N\u00e4heres zu spontanen Buchungen findest Du unter &#8222;H\u00e4ufig gestellte Fragen&#8220;. Jugendtarif f\u00fcr unsere Escape Rooms: Bei Buchungen mit Jugendlichen bis einschlie\u00dflich 16 Jahren gibt es 10% auf den Raumpreis! (gilt nicht f\u00fcr unsere Outdoor-Touren und den Raum Grand Hotel Rose)...","protected":false},"author":1,"featured_media":0,"parent":0,"menu_order":0,"comment_status":"closed","ping_status":"closed","template":"","meta":[],"yoast_head":"<!-- This site is optimized with the Yoast SEO plugin v15.0 - https:\/\/yoast.com\/wordpress\/plugins\/seo\/ -->\n<title>Event Buchen - THE ESCAPE ROOM | Hildesheim<\/title>\n<meta name=\"description\" content=\"Buche das abenteuerliche Erlebnis im The Escape Room Hildesheim. \u2705 Das Spiel gegen die Zeit! \u25b7 Das besondere Abenteuer f\u00fcr Freunde, Familie und Kollegen.\" \/>\n<meta name=\"robots\" content=\"index, follow, max-snippet:-1, max-image-preview:large, max-video-preview:-1\" \/>\n<link rel=\"canonical\" href=\"https:\/\/www.the-escape-room.de\/hildesheim\/buchen\/\" \/>\n<meta property=\"og:locale\" content=\"de_DE\" \/>\n<meta property=\"og:type\" content=\"article\" \/>\n<meta property=\"og:title\" content=\"Event Buchen - THE ESCAPE ROOM | Hildesheim\" \/>\n<meta property=\"og:description\" content=\"Buche das abenteuerliche Erlebnis im The Escape Room Hildesheim. \u2705 Das Spiel gegen die Zeit! \u25b7 Das besondere Abenteuer f\u00fcr Freunde, Familie und Kollegen.\" \/>\n<meta property=\"og:url\" content=\"https:\/\/www.the-escape-room.de\/hildesheim\/buchen\/\" \/>\n<meta property=\"og:site_name\" content=\"THE ESCAPE ROOM | Hildesheim\" \/>\n<meta property=\"article:modified_time\" content=\"2022-05-16T09:58:25+00:00\" \/>\n<meta name=\"twitter:card\" content=\"summary_large_image\" \/>\n<script type=\"application\/ld+json\" class=\"yoast-schema-graph\">{\"@context\":\"https:\/\/schema.org\",\"@graph\":[{\"@type\":\"WebSite\",\"@id\":\"https:\/\/www.the-escape-room.de\/hildesheim\/#website\",\"url\":\"https:\/\/www.the-escape-room.de\/hildesheim\/\",\"name\":\"THE ESCAPE ROOM | Hildesheim\",\"description\":\"Das Spiel gegen die Zeit! \\u2705 Authentische R\\u00e4ume mit viel \\u2665 zum Detail. Das besondere Abenteuer f\\u00fcr Freund*innen, Familie und Kolleg*innen in Hildesheim. \\u00dcber 100 positive Bewertungen sprechen f\\u00fcr sich!\",\"potentialAction\":[{\"@type\":\"SearchAction\",\"target\":\"https:\/\/www.the-escape-room.de\/hildesheim\/?s={search_term_string}\",\"query-input\":\"required name=search_term_string\"}],\"inLanguage\":\"de\"},{\"@type\":\"WebPage\",\"@id\":\"https:\/\/www.the-escape-room.de\/hildesheim\/buchen\/#webpage\",\"url\":\"https:\/\/www.the-escape-room.de\/hildesheim\/buchen\/\",\"name\":\"Event Buchen - THE ESCAPE ROOM | Hildesheim\",\"isPartOf\":{\"@id\":\"https:\/\/www.the-escape-room.de\/hildesheim\/#website\"},\"datePublished\":\"2018-04-11T14:50:06+00:00\",\"dateModified\":\"2022-05-16T09:58:25+00:00\",\"description\":\"Buche das abenteuerliche Erlebnis im The Escape Room Hildesheim. \\u2705 Das Spiel gegen die Zeit! \\u25b7 Das besondere Abenteuer f\\u00fcr Freunde, Familie und Kollegen.\",\"inLanguage\":\"de\",\"potentialAction\":[{\"@type\":\"ReadAction\",\"target\":[\"https:\/\/www.the-escape-room.de\/hildesheim\/buchen\/\"]}]}]}<\/script>\n<!-- \/ Yoast SEO plugin. -->","_links":{"self":[{"href":"https:\/\/www.the-escape-room.de\/hildesheim\/wp-json\/wp\/v2\/pages\/134"}],"collection":[{"href":"https:\/\/www.the-escape-room.de\/hildesheim\/wp-json\/wp\/v2\/pages"}],"about":[{"href":"https:\/\/www.the-escape-room.de\/hildesheim\/wp-json\/wp\/v2\/types\/page"}],"author":[{"embeddable":true,"href":"https:\/\/www.the-escape-room.de\/hildesheim\/wp-json\/wp\/v2\/users\/1"}],"replies":[{"embeddable":true,"href":"https:\/\/www.the-escape-room.de\/hildesheim\/wp-json\/wp\/v2\/comments?post=134"}],"version-history":[{"count":10,"href":"https:\/\/www.the-escape-room.de\/hildesheim\/wp-json\/wp\/v2\/pages\/134\/revisions"}],"predecessor-version":[{"id":197,"href":"https:\/\/www.the-escape-room.de\/hildesheim\/wp-json\/wp\/v2\/pages\/134\/revisions\/197"}],"wp:attachment":[{"href":"https:\/\/www.the-escape-room.de\/hildesheim\/wp-json\/wp\/v2\/media?parent=134"}],"curies":[{"name":"wp","href":"https:\/\/api.w.org\/{rel}","templated":true}]}}