{"id":60,"date":"2017-11-08T22:15:16","date_gmt":"2017-11-08T21:15:16","guid":{"rendered":"https:\/\/www.the-escape-room.de\/hannover\/?page_id=60"},"modified":"2020-11-25T11:36:59","modified_gmt":"2020-11-25T10:36:59","slug":"kontakt","status":"publish","type":"page","link":"https:\/\/www.the-escape-room.de\/hannover\/kontakt\/","title":{"rendered":"Kontakt"},"content":{"rendered":"<section class=\"l-section wpb_row height_small\"><div class=\"l-section-h i-cf\"><div class=\"g-cols vc_row type_default valign_top\"><div class=\"vc_col-sm-6 wpb_column vc_column_container\"><div class=\"vc_column-inner\"><div class=\"wpb_wrapper\"><div class=\"g-cols wpb_row  us_custom_b27c5fa6 type_default valign_top vc_inner\"><div class=\"vc_col-sm-12 wpb_column vc_column_container\"><div class=\"vc_column-inner\"><div class=\"wpb_wrapper\">[vc_raw_html]JTNDZGl2JTIwaXRlbXNjb3BlJTIwaXRlbXR5cGUlM0QlMjJodHRwJTNBJTJGJTJGc2NoZW1hLm9yZyUyRkxvY2FsQnVzaW5lc3MlMjIlM0UlMEElM0NoMSUzRSUzQ3NwYW4lMjBpdGVtcHJvcCUzRCUyMm5hbWUlMjIlM0VUaGUlMjBFc2NhcGUlMjBSb29tJTIwSGFubm92ZXIlM0MlMkZzcGFuJTNFJTNDJTJGaDElM0UlMEElMEElM0NkaXYlMjBpdGVtcHJvcCUzRCUyMmFkZHJlc3MlMjIlMjBpdGVtc2NvcGUlMjBpdGVtdHlwZSUzRCUyMmh0dHAlM0ElMkYlMkZzY2hlbWEub3JnJTJGUG9zdGFsQWRkcmVzcyUyMiUzRSUwQSUwQSUzQ2klMjBjbGFzcyUzRCUyMmZhJTIwZmEtaG9tZSUyMiUyMHN0eWxlJTNEJTIybWFyZ2luLXJpZ2h0JTNBJTIwMTVweCUzQiUyMiUzRSUzQyUyRmklM0UlM0NzcGFuJTIwaXRlbXByb3AlM0QlMjJzdHJlZXRBZGRyZXNzJTIyJTNFUiVDMyVCNnNlbGVyc3RyYSVDMyU5RmUlMjAxYSUzQyUyRnNwYW4lM0UlMkMlMjAlM0NzcGFuJTIwaXRlbXByb3AlM0QlMjJQb3N0YWxDb2RlJTIyJTNFMzAxNTklM0MlMkZzcGFuJTNFJTBBJTNDc3BhbiUyMGl0ZW1wcm9wJTNEJTIyYWRkcmVzc0xvY2FsaXR5JTIyJTNFSGFubm92ZXIlM0MlMkZzcGFuJTNFJTNDYnIlM0UlMEElM0NiciUzRSUwQSUzQ2klMjBjbGFzcyUzRCUyMmZhJTIwZmEtcGhvbmUlMjIlMjBzdHlsZSUzRCUyMm1hcmdpbi1yaWdodCUzQSUyMDE1cHglM0IlMjIlM0UlM0MlMkZpJTNFJTNDYSUyMGhyZWYlM0QlMjJ0ZWwlM0EwNTExJTJGNzI3MzEzODMlMjIlM0VUZWxlZm9ubnVtbWVyJTNBJTIwJTNDc3BhbiUyMGl0ZW1wcm9wJTNEJTIydGVsZXBob25lJTIyJTIwY29udGVudCUzRCUyMiVFMiU4MCVBRDA1MTElMjAlMkYlMjA1MTUyNjAzMCVFMiU4MCVBQyUyMiUzRTA1MTElMjAlMkYlMjA1MTUyNjAzMCUzQyUyRnNwYW4lM0UlM0MlMkZhJTNFJTNDYnIlM0UlMEElM0NiciUzRSUwQSUzQ2klMjBjbGFzcyUzRCUyMmZhJTIwZmEtZW52ZWxvcGUlMjIlMjBzdHlsZSUzRCUyMm1hcmdpbi1yaWdodCUzQSUyMDE1cHglM0IlMjIlM0UlM0MlMkZpJTNFJTNDYSUyMGhyZWYlM0QlMjJtYWlsdG8lM0FoYW5ub3ZlciU0MHRoZS1lc2NhcGUtcm9vbS5kZSUyMiUyMGl0ZW1wcm9wJTNEJTIyZW1haWwlMjIlM0VoYW5ub3ZlciU0MHRoZS1lc2NhcGUtcm9vbS5kZSUzQyUyRmElM0UlMEElM0MlMkZkaXYlM0UlMEElM0MlMkZkaXYlM0U=[\/vc_raw_html]<\/div><\/div><\/div><\/div><div class=\"w-separator size_medium with_line width_default thick_1 style_solid color_border align_center with_content\"><div class=\"w-separator-h\"><i class=\"fas fa-key\"><\/i><\/div><\/div><div class=\"g-cols wpb_row  type_default valign_top vc_inner\"><div class=\"vc_col-sm-6 wpb_column vc_column_container\"><div class=\"vc_column-inner\"><div class=\"wpb_wrapper\"><div class=\"wpb_text_column\" ><div class=\"wpb_wrapper\"><h3>Folge uns auf:<\/h3>\n<\/div><\/div><\/div><\/div><\/div><div class=\"vc_col-sm-6 wpb_column vc_column_container\"><div class=\"vc_column-inner\"><div class=\"wpb_wrapper\"><div class=\"w-socials us_custom_a5c88937 align_center color_text shape_square style_outlined hover_fade\"><div class=\"w-socials-list\" style=\"margin:-0.1em;\"><div class=\"w-socials-item facebook\" style=\"padding:0.1em;\"><a class=\"w-socials-item-link\" rel=\"noopener nofollow\" target=\"_blank\" href=\"https:\/\/www.facebook.com\/TheEscapeRoomHannover\/\" title=\"Facebook\" aria-label=\"Facebook\"><span class=\"w-socials-item-link-hover\"><\/span><\/a><div class=\"w-socials-item-popup\"><span>Facebook<\/span><\/div><\/div><div class=\"w-socials-item instagram\" style=\"padding:0.1em;\"><a class=\"w-socials-item-link\" rel=\"noopener nofollow\" target=\"_blank\" href=\"https:\/\/www.instagram.com\/theescaperoom.de\/\" title=\"Instagram\" aria-label=\"Instagram\"><span class=\"w-socials-item-link-hover\"><\/span><\/a><div class=\"w-socials-item-popup\"><span>Instagram<\/span><\/div><\/div><div class=\"w-socials-item tripadvisor\" style=\"padding:0.1em;\"><a class=\"w-socials-item-link\" rel=\"noopener nofollow\" target=\"_blank\" href=\"https:\/\/www.tripadvisor.de\/Attraction_Review-g187351-d8703252-Reviews-The_Escape_Room-Hannover_Lower_Saxony.html\" title=\"Tripadvisor\" aria-label=\"Tripadvisor\"><span class=\"w-socials-item-link-hover\"><\/span><\/a><div class=\"w-socials-item-popup\"><span>Tripadvisor<\/span><\/div><\/div><\/div><\/div><\/div><\/div><\/div><\/div><div class=\"g-cols wpb_row  type_default valign_top vc_inner\"><div class=\"vc_col-sm-12 wpb_column vc_column_container\"><div class=\"vc_column-inner\"><div class=\"wpb_wrapper\"><div class=\"w-separator size_medium with_line width_default thick_1 style_solid color_border align_center with_content\"><div class=\"w-separator-h\"><i class=\"fas fa-lock\"><\/i><\/div><\/div><div class=\"wpb_text_column\" ><div class=\"wpb_wrapper\"><h3>Kontaktformular<\/h3>\n<\/div><\/div><div role=\"form\" class=\"wpcf7\" id=\"wpcf7-f10-o1\" lang=\"de-DE\" dir=\"ltr\">\n<div class=\"screen-reader-response\" role=\"alert\" aria-live=\"polite\"><\/div>\n<form action=\"\/hannover\/wp-json\/wp\/v2\/pages\/60#wpcf7-f10-o1\" method=\"post\" class=\"wpcf7-form init\" novalidate=\"novalidate\">\n<div style=\"display: none;\">\n<input type=\"hidden\" name=\"_wpcf7\" value=\"10\" \/>\n<input type=\"hidden\" name=\"_wpcf7_version\" value=\"5.2.2\" \/>\n<input type=\"hidden\" name=\"_wpcf7_locale\" value=\"de_DE\" \/>\n<input type=\"hidden\" name=\"_wpcf7_unit_tag\" value=\"wpcf7-f10-o1\" \/>\n<input type=\"hidden\" name=\"_wpcf7_container_post\" value=\"0\" \/>\n<input type=\"hidden\" name=\"_wpcf7_posted_data_hash\" value=\"\" \/>\n<\/div>\n<div class=\"vc_col-sm-6 k-form\"><span class=\"wpcf7-form-control-wrap vorname\"><input type=\"text\" name=\"vorname\" value=\"\" size=\"40\" class=\"wpcf7-form-control wpcf7-text wpcf7-validates-as-required\" aria-required=\"true\" aria-invalid=\"false\" placeholder=\"Vorname*\" \/><\/span><\/div>\n<div class=\"vc_col-sm-6 k-form\"><span class=\"wpcf7-form-control-wrap nachname\"><input type=\"text\" name=\"nachname\" value=\"\" size=\"40\" class=\"wpcf7-form-control wpcf7-text wpcf7-validates-as-required\" aria-required=\"true\" aria-invalid=\"false\" placeholder=\"Nachname*\" \/><\/span><\/div>\n<div><span class=\"wpcf7-form-control-wrap your-email\"><input type=\"email\" name=\"your-email\" value=\"\" size=\"40\" class=\"wpcf7-form-control wpcf7-text wpcf7-email wpcf7-validates-as-required wpcf7-validates-as-email\" aria-required=\"true\" aria-invalid=\"false\" placeholder=\"Mail*\" \/><\/span><\/div>\n<div><span class=\"wpcf7-form-control-wrap telefon\"><input type=\"tel\" name=\"telefon\" value=\"\" size=\"40\" class=\"wpcf7-form-control wpcf7-text wpcf7-tel wpcf7-validates-as-required wpcf7-validates-as-tel\" aria-required=\"true\" aria-invalid=\"false\" placeholder=\"Telefon*\" \/><\/span><\/div>\n<div><span class=\"wpcf7-form-control-wrap event\"><input type=\"text\" name=\"event\" value=\"\" size=\"40\" class=\"wpcf7-form-control wpcf7-text\" aria-invalid=\"false\" placeholder=\"F\u00fcr welches Event interessierst du dich?\" \/><\/span><\/div>\n<div><span class=\"wpcf7-form-control-wrap your-message\"><textarea name=\"your-message\" cols=\"40\" rows=\"4\" class=\"wpcf7-form-control wpcf7-textarea wpcf7-validates-as-required\" aria-required=\"true\" aria-invalid=\"false\" placeholder=\"Nachricht*\"><\/textarea><\/span><\/div>\n<div style=\"margin-top:10px\"><span class=\"wpcf7-form-control-wrap your-consent\"><span class=\"wpcf7-form-control wpcf7-acceptance\"><span class=\"wpcf7-list-item\"><label><input type=\"checkbox\" name=\"your-consent\" value=\"1\" aria-invalid=\"false\" \/><span class=\"wpcf7-list-item-label\">Ich habe die <a href=\"https:\/\/www.the-escape-room.de\/hannover\/datenschutzerklaerung\/\" target=\"_blank\">Datenschutzerkl\u00e4rung<\/a> zur Kenntnis genommen. Ich stimme zu, dass meine Angaben zur Kontaktaufnahme und f\u00fcr R\u00fcckfragen gespeichert werden.<\/span><\/label><\/span><\/span><\/span><\/div>\n<div style=\"text-align: center;color:#ffffff; margin:10px;\"><input type=\"submit\" value=\"Nachricht senden\" class=\"wpcf7-form-control wpcf7-submit\" \/><\/div>\n<div class=\"wpcf7-response-output\" role=\"alert\" aria-hidden=\"true\"><\/div><\/form><\/div><\/div><\/div><\/div><\/div><\/div><\/div><\/div><div class=\"vc_col-sm-6 wpb_column vc_column_container\"><div class=\"vc_column-inner\"><div class=\"wpb_wrapper\"><div id='wrap_map_69eb257559b75' class='ultimate-map-wrapper ult-adjust-bottom-margin ' style=' height:870px;'><div id='map_69eb257559b75' data-map_override='0' class='ultimate_google_map wpb_content_element page_margin_top' style='width:100%;height:870px;'><\/div><\/div><script type='text\/javascript'>\r\n\t\t\t(function($) {\r\n  \t\t\t'use strict';\r\n\t\t\tvar map_map_69eb257559b75 = null;\r\n\t\t\tvar coordinate_map_69eb257559b75;\r\n\t\t\tvar isDraggable = $(document).width() > 641 ? true : true;\r\n\t\t\ttry\r\n\t\t\t{\r\n\t\t\t\tvar map_map_69eb257559b75 = null;\r\n\t\t\t\tvar coordinate_map_69eb257559b75;\r\n\t\t\t\tcoordinate_map_69eb257559b75=new google.maps.LatLng(52.37120, 9.73832);\r\n\t\t\t\tvar mapOptions=\r\n\t\t\t\t{\r\n\t\t\t\t\tzoom: 15,\r\n\t\t\t\t\tcenter: coordinate_map_69eb257559b75,\r\n\t\t\t\t\tscaleControl: true,\r\n\t\t\t\t\tstreetViewControl: false,\r\n\t\t\t\t\tmapTypeControl: false,\r\n\t\t\t\t\tpanControl: false,\r\n\t\t\t\t\tzoomControl: true,\r\n\t\t\t\t\tscrollwheel: false,\r\n\t\t\t\t\tdraggable: isDraggable,\r\n\t\t\t\t\tzoomControlOptions: {\r\n\t\t\t\t\t\tposition: google.maps.ControlPosition.RIGHT_BOTTOM\r\n\t\t\t\t\t}, mapTypeControlOptions: {\r\n\t\t\t\t\t  \t\tmapTypeIds: [google.maps.MapTypeId.ROADMAP, 'map_style']\r\n\t\t\t\t\t\t}};var styles = [{\"featureType\":\"administrative\",\"elementType\":\"geometry.fill\",\"stylers\":[{\"visibility\":\"on\"},{\"weight\":\"1.15\"}]},{\"featureType\":\"administrative\",\"elementType\":\"labels.text.fill\",\"stylers\":[{\"color\":\"#444444\"}]},{\"featureType\":\"landscape\",\"elementType\":\"all\",\"stylers\":[{\"color\":\"#f2f2f2\"}]},{\"featureType\":\"landscape.man_made\",\"elementType\":\"geometry.fill\",\"stylers\":[{\"visibility\":\"simplified\"}]},{\"featureType\":\"landscape.natural.terrain\",\"elementType\":\"all\",\"stylers\":[{\"visibility\":\"off\"}]},{\"featureType\":\"poi\",\"elementType\":\"all\",\"stylers\":[{\"visibility\":\"off\"}]},{\"featureType\":\"road\",\"elementType\":\"all\",\"stylers\":[{\"saturation\":-100},{\"lightness\":45}]},{\"featureType\":\"road.highway\",\"elementType\":\"all\",\"stylers\":[{\"visibility\":\"simplified\"}]},{\"featureType\":\"road.arterial\",\"elementType\":\"labels.icon\",\"stylers\":[{\"visibility\":\"off\"}]},{\"featureType\":\"transit\",\"elementType\":\"all\",\"stylers\":[{\"visibility\":\"off\"}]},{\"featureType\":\"water\",\"elementType\":\"all\",\"stylers\":[{\"color\":\"#323f53\"},{\"visibility\":\"on\"}]}];\r\n\t\t\t\t\t\tvar styledMap = new google.maps.StyledMapType(styles,\r\n\t\t\t\t\t    \t{name: \"Styled Map\"});var map_map_69eb257559b75 = new google.maps.Map(document.getElementById('map_69eb257559b75'),mapOptions);map_map_69eb257559b75.mapTypes.set('map_style', styledMap);\r\n \t\t\t\t\t\t\t map_map_69eb257559b75.setMapTypeId('map_style');\r\n\t\t\t\t\t\tvar x = 'infowindow_open_value';\r\n\t\t\t\t\t\tvar marker_map_69eb257559b75 = new google.maps.Marker({\r\n\t\t\t\t\t\tposition: new google.maps.LatLng(52.37120, 9.73832),\r\n\t\t\t\t\t\tanimation:  google.maps.Animation.DROP,\r\n\t\t\t\t\t\tmap: map_map_69eb257559b75,\r\n\t\t\t\t\t\ticon: ''\r\n\t\t\t\t\t});\r\n\t\t\t\t\tgoogle.maps.event.addListener(marker_map_69eb257559b75, 'click', toggleBounce);}\r\n\t\t\tcatch(e){};\r\n\t\t\tjQuery(document).ready(function($){\r\n\t\t\t\tgoogle.maps.event.trigger(map_map_69eb257559b75, 'resize');\r\n\t\t\t\t$(window).resize(function(){\r\n\t\t\t\t\tgoogle.maps.event.trigger(map_map_69eb257559b75, 'resize');\r\n\t\t\t\t\tif(map_map_69eb257559b75!=null)\r\n\t\t\t\t\t\tmap_map_69eb257559b75.setCenter(coordinate_map_69eb257559b75);\r\n\t\t\t\t});\r\n\t\t\t\t$('.ui-tabs').bind('tabsactivate', function(event, ui) {\r\n\t\t\t\t   if($(this).find('.ultimate-map-wrapper').length > 0)\r\n\t\t\t\t\t{\r\n\t\t\t\t\t\tsetTimeout(function(){\r\n\t\t\t\t\t\t\t$(window).trigger('resize');\r\n\t\t\t\t\t\t},200);\r\n\t\t\t\t\t}\r\n\t\t\t\t});\r\n\t\t\t\t$('.ui-accordion').bind('accordionactivate', function(event, ui) {\r\n\t\t\t\t   if($(this).find('.ultimate-map-wrapper').length > 0)\r\n\t\t\t\t\t{\r\n\t\t\t\t\t\tsetTimeout(function(){\r\n\t\t\t\t\t\t\t$(window).trigger('resize');\r\n\t\t\t\t\t\t},200);\r\n\t\t\t\t\t}\r\n\t\t\t\t});\r\n\t\t\t\t$(window).load(function(){\r\n\t\t\t\t\tsetTimeout(function(){\r\n\t\t\t\t\t\t$(window).trigger('resize');\r\n\t\t\t\t\t},200);\r\n\t\t\t\t});\r\n\t\t\t\t$('.ult_exp_section').select(function(){\r\n\t\t\t\t\tif($(map_map_69eb257559b75).parents('.ult_exp_section'))\r\n\t\t\t\t\t{\r\n\t\t\t\t\t\tsetTimeout(function(){\r\n\t\t\t\t\t\t\t$(window).trigger('resize');\r\n\t\t\t\t\t\t},200);\r\n\t\t\t\t\t}\r\n\t\t\t\t});\r\n\t\t\t\t$(document).on('onUVCModalPopupOpen', function(){\r\n\t\t\t\t\tif($(map_map_69eb257559b75).parents('.ult_modal-content'))\r\n\t\t\t\t\t{\r\n\t\t\t\t\t\tsetTimeout(function(){\r\n\t\t\t\t\t\t\t$(window).trigger('resize');\r\n\t\t\t\t\t\t},200);\r\n\t\t\t\t\t}\r\n\t\t\t\t});\r\n\t\t\t\t$(document).on('click','.ult_tab_li',function(){\r\n\t\t\t\t\t$(window).trigger('resize');\r\n\t\t\t\t\tsetTimeout(function(){\r\n\t\t\t\t\t\t$(window).trigger('resize');\r\n\t\t\t\t\t},200);\r\n\t\t\t\t});\r\n\t\t\t});\r\n\t\t\tfunction toggleBounce() {\r\n\t\t\t  if (marker_map_69eb257559b75.getAnimation() != null) {\r\n\t\t\t\tmarker_map_69eb257559b75.setAnimation(null);\r\n\t\t\t  } else {\r\n\t\t\t\tmarker_map_69eb257559b75.setAnimation(google.maps.Animation.BOUNCE);\r\n\t\t\t  }\r\n\t\t\t}\r\n\t\t\t})(jQuery);\r\n\t\t\t<\/script><\/div><\/div><\/div><\/div><\/div><\/section>\n","protected":false},"excerpt":{"rendered":"[vc_raw_html]JTNDZGl2JTIwaXRlbXNjb3BlJTIwaXRlbXR5cGUlM0QlMjJodHRwJTNBJTJGJTJGc2NoZW1hLm9yZyUyRkxvY2FsQnVzaW5lc3MlMjIlM0UlMEElM0NoMSUzRSUzQ3NwYW4lMjBpdGVtcHJvcCUzRCUyMm5hbWUlMjIlM0VUaGUlMjBFc2NhcGUlMjBSb29tJTIwSGFubm92ZXIlM0MlMkZzcGFuJTNFJTNDJTJGaDElM0UlMEElMEElM0NkaXYlMjBpdGVtcHJvcCUzRCUyMmFkZHJlc3MlMjIlMjBpdGVtc2NvcGUlMjBpdGVtdHlwZSUzRCUyMmh0dHAlM0ElMkYlMkZzY2hlbWEub3JnJTJGUG9zdGFsQWRkcmVzcyUyMiUzRSUwQSUwQSUzQ2klMjBjbGFzcyUzRCUyMmZhJTIwZmEtaG9tZSUyMiUyMHN0eWxlJTNEJTIybWFyZ2luLXJpZ2h0JTNBJTIwMTVweCUzQiUyMiUzRSUzQyUyRmklM0UlM0NzcGFuJTIwaXRlbXByb3AlM0QlMjJzdHJlZXRBZGRyZXNzJTIyJTNFUiVDMyVCNnNlbGVyc3RyYSVDMyU5RmUlMjAxYSUzQyUyRnNwYW4lM0UlMkMlMjAlM0NzcGFuJTIwaXRlbXByb3AlM0QlMjJQb3N0YWxDb2RlJTIyJTNFMzAxNTklM0MlMkZzcGFuJTNFJTBBJTNDc3BhbiUyMGl0ZW1wcm9wJTNEJTIyYWRkcmVzc0xvY2FsaXR5JTIyJTNFSGFubm92ZXIlM0MlMkZzcGFuJTNFJTNDYnIlM0UlMEElM0NiciUzRSUwQSUzQ2klMjBjbGFzcyUzRCUyMmZhJTIwZmEtcGhvbmUlMjIlMjBzdHlsZSUzRCUyMm1hcmdpbi1yaWdodCUzQSUyMDE1cHglM0IlMjIlM0UlM0MlMkZpJTNFJTNDYSUyMGhyZWYlM0QlMjJ0ZWwlM0EwNTExJTJGNzI3MzEzODMlMjIlM0VUZWxlZm9ubnVtbWVyJTNBJTIwJTNDc3BhbiUyMGl0ZW1wcm9wJTNEJTIydGVsZXBob25lJTIyJTIwY29udGVudCUzRCUyMiVFMiU4MCVBRDA1MTElMjAlMkYlMjA1MTUyNjAzMCVFMiU4MCVBQyUyMiUzRTA1MTElMjAlMkYlMjA1MTUyNjAzMCUzQyUyRnNwYW4lM0UlM0MlMkZhJTNFJTNDYnIlM0UlMEElM0NiciUzRSUwQSUzQ2klMjBjbGFzcyUzRCUyMmZhJTIwZmEtZW52ZWxvcGUlMjIlMjBzdHlsZSUzRCUyMm1hcmdpbi1yaWdodCUzQSUyMDE1cHglM0IlMjIlM0UlM0MlMkZpJTNFJTNDYSUyMGhyZWYlM0QlMjJtYWlsdG8lM0FoYW5ub3ZlciU0MHRoZS1lc2NhcGUtcm9vbS5kZSUyMiUyMGl0ZW1wcm9wJTNEJTIyZW1haWwlMjIlM0VoYW5ub3ZlciU0MHRoZS1lc2NhcGUtcm9vbS5kZSUzQyUyRmElM0UlMEElM0MlMkZkaXYlM0UlMEElM0MlMkZkaXYlM0U=[\/vc_raw_html]Folge uns auf: FacebookInstagramTripadvisorKontaktformular Ich habe die Datenschutzerkl\u00e4rung zur Kenntnis genommen. Ich stimme zu, dass meine Angaben zur Kontaktaufnahme und f\u00fcr R\u00fcckfragen gespeichert werden.","protected":false},"author":1,"featured_media":0,"parent":0,"menu_order":0,"comment_status":"closed","ping_status":"closed","template":"","meta":[],"yoast_head":"<!-- This site is optimized with the Yoast SEO plugin v15.0 - https:\/\/yoast.com\/wordpress\/plugins\/seo\/ -->\n<title>Kontakt - THE ESCAPE ROOM | Hannover<\/title>\n<meta name=\"description\" content=\"Du willst Dein Erlebnis buchen oder hast noch Fragen zum Escape Room in Hannover? \u2705 Nimm Kontakt mit uns und wir helfen Dir gerne weiter!\" \/>\n<meta name=\"robots\" content=\"index, follow, max-snippet:-1, max-image-preview:large, max-video-preview:-1\" \/>\n<link rel=\"canonical\" href=\"https:\/\/www.the-escape-room.de\/hannover\/kontakt\/\" \/>\n<meta property=\"og:locale\" content=\"de_DE\" \/>\n<meta property=\"og:type\" content=\"article\" \/>\n<meta property=\"og:title\" content=\"Kontakt - THE ESCAPE ROOM | Hannover\" \/>\n<meta property=\"og:description\" content=\"Du willst Dein Erlebnis buchen oder hast noch Fragen zum Escape Room in Hannover? \u2705 Nimm Kontakt mit uns und wir helfen Dir gerne weiter!\" \/>\n<meta property=\"og:url\" content=\"https:\/\/www.the-escape-room.de\/hannover\/kontakt\/\" \/>\n<meta property=\"og:site_name\" content=\"THE ESCAPE ROOM | Hannover\" \/>\n<meta property=\"article:modified_time\" content=\"2020-11-25T10:36:59+00:00\" \/>\n<meta name=\"twitter:card\" content=\"summary_large_image\" \/>\n<script type=\"application\/ld+json\" class=\"yoast-schema-graph\">{\"@context\":\"https:\/\/schema.org\",\"@graph\":[{\"@type\":\"WebSite\",\"@id\":\"https:\/\/www.the-escape-room.de\/hannover\/#website\",\"url\":\"https:\/\/www.the-escape-room.de\/hannover\/\",\"name\":\"THE ESCAPE ROOM | Hannover\",\"description\":\"Das Spiel gegen die Zeit! \\u2705 Authentische R\\u00e4ume mit viel \\u2665 zum Detail. Das besondere Abenteuer f\\u00fcr Freunde, Familie und Kollegen.\",\"potentialAction\":[{\"@type\":\"SearchAction\",\"target\":\"https:\/\/www.the-escape-room.de\/hannover\/?s={search_term_string}\",\"query-input\":\"required name=search_term_string\"}],\"inLanguage\":\"de\"},{\"@type\":\"WebPage\",\"@id\":\"https:\/\/www.the-escape-room.de\/hannover\/kontakt\/#webpage\",\"url\":\"https:\/\/www.the-escape-room.de\/hannover\/kontakt\/\",\"name\":\"Kontakt - THE ESCAPE ROOM | Hannover\",\"isPartOf\":{\"@id\":\"https:\/\/www.the-escape-room.de\/hannover\/#website\"},\"datePublished\":\"2017-11-08T21:15:16+00:00\",\"dateModified\":\"2020-11-25T10:36:59+00:00\",\"description\":\"Du willst Dein Erlebnis buchen oder hast noch Fragen zum Escape Room in Hannover? \\u2705 Nimm Kontakt mit uns und wir helfen Dir gerne weiter!\",\"inLanguage\":\"de\",\"potentialAction\":[{\"@type\":\"ReadAction\",\"target\":[\"https:\/\/www.the-escape-room.de\/hannover\/kontakt\/\"]}]}]}<\/script>\n<!-- \/ Yoast SEO plugin. -->","_links":{"self":[{"href":"https:\/\/www.the-escape-room.de\/hannover\/wp-json\/wp\/v2\/pages\/60"}],"collection":[{"href":"https:\/\/www.the-escape-room.de\/hannover\/wp-json\/wp\/v2\/pages"}],"about":[{"href":"https:\/\/www.the-escape-room.de\/hannover\/wp-json\/wp\/v2\/types\/page"}],"author":[{"embeddable":true,"href":"https:\/\/www.the-escape-room.de\/hannover\/wp-json\/wp\/v2\/users\/1"}],"replies":[{"embeddable":true,"href":"https:\/\/www.the-escape-room.de\/hannover\/wp-json\/wp\/v2\/comments?post=60"}],"version-history":[{"count":10,"href":"https:\/\/www.the-escape-room.de\/hannover\/wp-json\/wp\/v2\/pages\/60\/revisions"}],"predecessor-version":[{"id":863,"href":"https:\/\/www.the-escape-room.de\/hannover\/wp-json\/wp\/v2\/pages\/60\/revisions\/863"}],"wp:attachment":[{"href":"https:\/\/www.the-escape-room.de\/hannover\/wp-json\/wp\/v2\/media?parent=60"}],"curies":[{"name":"wp","href":"https:\/\/api.w.org\/{rel}","templated":true}]}}