{"id":390,"date":"2019-05-23T15:44:22","date_gmt":"2019-05-23T13:44:22","guid":{"rendered":"https:\/\/www.the-escape-room.de\/hannover\/?page_id=390"},"modified":"2022-07-19T11:11:12","modified_gmt":"2022-07-19T09:11:12","slug":"jga","status":"publish","type":"page","link":"https:\/\/www.the-escape-room.de\/hannover\/jga\/","title":{"rendered":"Junggesellinnen- &#038; Junggesellenabschied"},"content":{"rendered":"<section class=\"l-section wpb_row height_small\"><div class=\"l-section-h i-cf\"><div class=\"g-cols vc_row type_default valign_top\"><div class=\"vc_col-sm-8 wpb_column vc_column_container\"><div class=\"vc_column-inner\"><div class=\"wpb_wrapper\"><div class=\"wpb_text_column\" ><div class=\"wpb_wrapper\"><h1><strong>Junggesellinnen- &amp; <\/strong><strong>Junggesellenabschied<\/strong><\/h1>\n<h1>im Escape Room Hannover<\/h1>\n<\/div><\/div><div class=\"wpb_text_column\" ><div class=\"wpb_wrapper\"><p>Eure beste Freundin oder euer bester Freund wird heiraten und ihr wollt <strong>vor der Hochzeit<\/strong> noch einmal gemeinsam einen ganz besonderen Tag erleben? Ihr habt keine au\u00dfergew\u00f6hnliche Idee f\u00fcr einen <strong>JGA in Hannover<\/strong>?<\/p>\n<h4>Dann seid ihr bei uns genau richtig!<\/h4>\n<p>In unserem <strong>Escape Room<\/strong> k\u00f6nnt ihr euer <strong>ultimatives JGA-Abenteuer f\u00fcr Frauen und M\u00e4nner<\/strong> erleben. Stellt euch zusammen der Herausforderung, folgt den versteckten Hinweisen und l\u00f6st gemeinsam alle R\u00e4tsel, bevor die Zeit abgelaufen ist!<\/p>\n<p>Seid ihr bereit, die Geheimnisse, die unsere R\u00e4ume verbergen, zu l\u00fcften und zu beweisen, dass ihr als Team dieser Challenge gewachsen seid?<\/p>\n<p>Dann bucht jetzt euer <strong>JGA-Event<\/strong> und sorgt daf\u00fcr, dass die Junggesellin bzw. der Junggeselle den letzten Tag in Freiheit so schnell nicht wieder vergessen wird!<\/p>\n<\/div><\/div><div class=\"g-cols wpb_row  type_default valign_middle gap-15px vc_inner\"><style>.g-cols.gap-15px{margin:0 calc(-1.5rem - 15px)}.gap-15px > .vc_column_container {padding:15px}<\/style><div class=\"vc_col-sm-6 wpb_column vc_column_container has-fill\"><div class=\"vc_column-inner us_custom_cc1faf9d\"><div class=\"wpb_wrapper\"><div class=\"aio-icon-component    style_1\"><div id=\"Info-box-wrap-4229\" class=\"aio-icon-box top-icon\" style=\"\"  ><div class=\"aio-icon-top\"><div class=\"ult-just-icon-wrapper  \"><div class=\"align-icon\" style=\"text-align:center;\">\n<div class=\"aio-icon circle \"  style=\"color:#bf262a;background:#ffffff;font-size:32px;display:inline-block;\">\n\t<i class=\"Defaults-group users\"><\/i>\n<\/div><\/div><\/div><\/div><div class=\"aio-icon-description ult-responsive\"  data-ultimate-target='#Info-box-wrap-4229 .aio-icon-description'  data-responsive-json-new='{\"font-size\":\"\",\"line-height\":\"\"}'  style=\"\"><span style=\"font-weight: 400;\">Spannung, Spa\u00df und Spiel f\u00fcr die ganze Gruppe &#8211; <\/span><span style=\"font-weight: 400;\"><strong>Junggesellenabschied mal anders!<\/strong><\/span><\/div> <!-- description --><\/div> <!-- aio-icon-box --><\/div> <!-- aio-icon-component --><\/div><\/div><\/div><div class=\"vc_col-sm-6 wpb_column vc_column_container has-fill\"><div class=\"vc_column-inner us_custom_1a3632f4\"><div class=\"wpb_wrapper\"><div class=\"aio-icon-component    style_1\"><div id=\"Info-box-wrap-2806\" class=\"aio-icon-box top-icon\" style=\"\"  ><div class=\"aio-icon-top\"><div class=\"ult-just-icon-wrapper  \"><div class=\"align-icon\" style=\"text-align:center;\">\n<div class=\"aio-icon circle \"  style=\"color:#bf262a;background:#ffffff;font-size:32px;display:inline-block;\">\n\t<i class=\"Defaults-lightbulb-o\"><\/i>\n<\/div><\/div><\/div><\/div><div class=\"aio-icon-description ult-responsive\"  data-ultimate-target='#Info-box-wrap-2806 .aio-icon-description'  data-responsive-json-new='{\"font-size\":\"\",\"line-height\":\"\"}'  style=\"\"><span style=\"font-weight: 400;\">attraktive Angebote, speziell f\u00fcr <strong>Junggesellenabschiede<\/strong><\/span><\/div> <!-- description --><\/div> <!-- aio-icon-box --><\/div> <!-- aio-icon-component --><\/div><\/div><\/div><\/div><div class=\"g-cols wpb_row  type_default valign_middle gap-17-5px vc_inner\"><style>.g-cols.gap-17-5px{margin:0 calc(-1.5rem - 17.5px)}.gap-17-5px > .vc_column_container {padding:17.5px}<\/style><div class=\"vc_col-sm-6 wpb_column vc_column_container has-fill\"><div class=\"vc_column-inner us_custom_cc1faf9d\"><div class=\"wpb_wrapper\"><div class=\"aio-icon-component    style_1\"><div id=\"Info-box-wrap-1177\" class=\"aio-icon-box top-icon\" style=\"\"  ><div class=\"aio-icon-top\"><div class=\"ult-just-icon-wrapper  \"><div class=\"align-icon\" style=\"text-align:center;\">\n<div class=\"aio-icon circle \"  style=\"color:#bf262a;background:#ffffff;font-size:32px;display:inline-block;\">\n\t<i class=\"Defaults-key\"><\/i>\n<\/div><\/div><\/div><\/div><div class=\"aio-icon-description ult-responsive\"  data-ultimate-target='#Info-box-wrap-1177 .aio-icon-description'  data-responsive-json-new='{\"font-size\":\"\",\"line-height\":\"\"}'  style=\"\">eine <strong>interaktive und unterhaltsame Alternative<\/strong> zu herk\u00f6mmlichen JGA-Aktivit\u00e4ten<\/div> <!-- description --><\/div> <!-- aio-icon-box --><\/div> <!-- aio-icon-component --><\/div><\/div><\/div><div class=\"vc_col-sm-6 wpb_column vc_column_container has-fill\"><div class=\"vc_column-inner us_custom_1a3632f4\"><div class=\"wpb_wrapper\"><div class=\"aio-icon-component    style_1\"><div id=\"Info-box-wrap-3024\" class=\"aio-icon-box top-icon\" style=\"\"  ><div class=\"aio-icon-top\"><div class=\"ult-just-icon-wrapper  \"><div class=\"align-icon\" style=\"text-align:center;\">\n<div class=\"aio-icon circle \"  style=\"color:#bf262a;background:#ffffff;font-size:32px;display:inline-block;\">\n\t<i class=\"Defaults-glass\"><\/i>\n<\/div><\/div><\/div><\/div><div class=\"aio-icon-description ult-responsive\"  data-ultimate-target='#Info-box-wrap-3024 .aio-icon-description'  data-responsive-json-new='{\"font-size\":\"\",\"line-height\":\"\"}'  style=\"\"><strong>leckere Erfrischungsgetr\u00e4nke<\/strong> wie Limonaden, Bier und Sekt<\/div> <!-- description --><\/div> <!-- aio-icon-box --><\/div> <!-- aio-icon-component --><\/div><\/div><\/div><\/div><div class=\"g-cols wpb_row  type_default valign_middle vc_inner\"><div class=\"vc_col-sm-12 wpb_column vc_column_container\"><div class=\"vc_column-inner us_custom_5b1892f8\"><div class=\"wpb_wrapper\"><div class=\"wpb_text_column\" ><div class=\"wpb_wrapper\"><h5><strong>Wollt ihr Euch gemeinsam mit Eurem Team dieser Herausforderung stellen?<\/strong><\/h5>\n<p>Wir bieten Junggesellenabschied f\u00fcr <strong>2 bis 48 Personen<\/strong> an. Gerne kannst Du die Buchung einfach \u00fcber unsere Homepage durchf\u00fchren oder uns vorab kontaktieren. Wir helfen Dir bei der Auswahl der richtigen R\u00e4ume f\u00fcr Euere unvergesslichen Junggesellenabschied.<\/p>\n<\/div><\/div><\/div><\/div><\/div><\/div><div class=\"g-cols wpb_row  type_default valign_middle vc_inner\"><div class=\"vc_col-sm-4 wpb_column vc_column_container has-fill\"><div class=\"vc_column-inner us_custom_e1755395\"><div class=\"wpb_wrapper\"><div class=\"aio-icon-component  vc_custom_1606300372197   style_1\"><div id=\"Info-box-wrap-9104\" class=\"aio-icon-box left-icon\" style=\"\"  ><div class=\"aio-icon-left\"><div class=\"ult-just-icon-wrapper  \"><div class=\"align-icon\" style=\"text-align:center;\">\n<div class=\"aio-icon none \" data-animation=\"fadeInRight\" data-animation-delay=\"03\" style=\"color:#ffffff;font-size:50px;display:inline-block;\">\n\t<i class=\"Defaults-phone\"><\/i>\n<\/div><\/div><\/div><\/div><div class=\"aio-ibd-block\"><div class=\"aio-icon-header\" ><h3 class=\"aio-icon-title ult-responsive\"  data-ultimate-target='#Info-box-wrap-9104 .aio-icon-title'  data-responsive-json-new='{\"font-size\":\"\",\"line-height\":\"\"}'  style=\"\">\u202d0511 \/ 51526030\u202c<\/h3><\/div> <!-- header --><\/div> <!-- aio-ibd-block --><\/div> <!-- aio-icon-box --><\/div> <!-- aio-icon-component --><\/div><\/div><\/div><div class=\"vc_col-sm-4 wpb_column vc_column_container has-fill\"><div class=\"vc_column-inner us_custom_1a3632f4\"><div class=\"wpb_wrapper\"><div class=\"w-btn-wrapper width_auto align_center\"><a class=\"w-btn us-btn-style_3 us_custom_80a192e9\" href=\"https:\/\/www.the-escape-room.de\/hannover\/raeume-preise\/\"><span class=\"w-btn-label\">R\u00e4ume buchen<\/span><\/a><\/div><\/div><\/div><\/div><div class=\"vc_col-sm-4 wpb_column vc_column_container has-fill\"><div class=\"vc_column-inner us_custom_8f33e493\"><div class=\"wpb_wrapper\"><div class=\"aio-icon-component  vc_custom_1536833918665   style_1\"><div id=\"Info-box-wrap-3733\" class=\"aio-icon-box left-icon\" style=\"\"  ><div class=\"aio-icon-left\"><div class=\"ult-just-icon-wrapper  \"><div class=\"align-icon\" style=\"text-align:center;\">\n<div class=\"aio-icon none \" data-animation=\"fadeInRight\" data-animation-delay=\"03\" style=\"color:#ffffff;font-size:50px;display:inline-block;\">\n\t<i class=\"Defaults-envelope-o\"><\/i>\n<\/div><\/div><\/div><\/div><div class=\"aio-ibd-block\"><div class=\"aio-icon-header\" ><h3 class=\"aio-icon-title ult-responsive\"  data-ultimate-target='#Info-box-wrap-3733 .aio-icon-title'  data-responsive-json-new='{\"font-size\":\"\",\"line-height\":\"\"}'  style=\"\">hannover@the-escape-room.de<\/h3><\/div> <!-- header --><\/div> <!-- aio-ibd-block --><\/div> <!-- aio-icon-box --><\/div> <!-- aio-icon-component --><\/div><\/div><\/div><\/div><div class=\"g-cols wpb_row  us_custom_d2199d32 type_default valign_top vc_inner\"><div class=\"vc_col-sm-12 wpb_column vc_column_container\"><div class=\"vc_column-inner\"><div class=\"wpb_wrapper\"><div class=\"wpb_text_column\" ><div class=\"wpb_wrapper\"><h2>Du hast noch Fragen oder w\u00fcnschst einen R\u00fcckruf?<\/h2>\n<\/div><\/div><\/div><\/div><\/div><\/div><div role=\"form\" class=\"wpcf7\" id=\"wpcf7-f10-o1\" lang=\"de-DE\" dir=\"ltr\">\n<div class=\"screen-reader-response\" role=\"alert\" aria-live=\"polite\"><\/div>\n<form action=\"\/hannover\/wp-json\/wp\/v2\/pages\/390#wpcf7-f10-o1\" method=\"post\" class=\"wpcf7-form init\" novalidate=\"novalidate\">\n<div style=\"display: none;\">\n<input type=\"hidden\" name=\"_wpcf7\" value=\"10\" \/>\n<input type=\"hidden\" name=\"_wpcf7_version\" value=\"5.2.2\" \/>\n<input type=\"hidden\" name=\"_wpcf7_locale\" value=\"de_DE\" \/>\n<input type=\"hidden\" name=\"_wpcf7_unit_tag\" value=\"wpcf7-f10-o1\" \/>\n<input type=\"hidden\" name=\"_wpcf7_container_post\" value=\"0\" \/>\n<input type=\"hidden\" name=\"_wpcf7_posted_data_hash\" value=\"\" \/>\n<\/div>\n<div class=\"vc_col-sm-6 k-form\"><span class=\"wpcf7-form-control-wrap vorname\"><input type=\"text\" name=\"vorname\" value=\"\" size=\"40\" class=\"wpcf7-form-control wpcf7-text wpcf7-validates-as-required\" aria-required=\"true\" aria-invalid=\"false\" placeholder=\"Vorname*\" \/><\/span><\/div>\n<div class=\"vc_col-sm-6 k-form\"><span class=\"wpcf7-form-control-wrap nachname\"><input type=\"text\" name=\"nachname\" value=\"\" size=\"40\" class=\"wpcf7-form-control wpcf7-text wpcf7-validates-as-required\" aria-required=\"true\" aria-invalid=\"false\" placeholder=\"Nachname*\" \/><\/span><\/div>\n<div><span class=\"wpcf7-form-control-wrap your-email\"><input type=\"email\" name=\"your-email\" value=\"\" size=\"40\" class=\"wpcf7-form-control wpcf7-text wpcf7-email wpcf7-validates-as-required wpcf7-validates-as-email\" aria-required=\"true\" aria-invalid=\"false\" placeholder=\"Mail*\" \/><\/span><\/div>\n<div><span class=\"wpcf7-form-control-wrap telefon\"><input type=\"tel\" name=\"telefon\" value=\"\" size=\"40\" class=\"wpcf7-form-control wpcf7-text wpcf7-tel wpcf7-validates-as-required wpcf7-validates-as-tel\" aria-required=\"true\" aria-invalid=\"false\" placeholder=\"Telefon*\" \/><\/span><\/div>\n<div><span class=\"wpcf7-form-control-wrap event\"><input type=\"text\" name=\"event\" value=\"\" size=\"40\" class=\"wpcf7-form-control wpcf7-text\" aria-invalid=\"false\" placeholder=\"F\u00fcr welches Event interessierst du dich?\" \/><\/span><\/div>\n<div><span class=\"wpcf7-form-control-wrap your-message\"><textarea name=\"your-message\" cols=\"40\" rows=\"4\" class=\"wpcf7-form-control wpcf7-textarea wpcf7-validates-as-required\" aria-required=\"true\" aria-invalid=\"false\" placeholder=\"Nachricht*\"><\/textarea><\/span><\/div>\n<div style=\"margin-top:10px\"><span class=\"wpcf7-form-control-wrap your-consent\"><span class=\"wpcf7-form-control wpcf7-acceptance\"><span class=\"wpcf7-list-item\"><label><input type=\"checkbox\" name=\"your-consent\" value=\"1\" aria-invalid=\"false\" \/><span class=\"wpcf7-list-item-label\">Ich habe die <a href=\"https:\/\/www.the-escape-room.de\/hannover\/datenschutzerklaerung\/\" target=\"_blank\">Datenschutzerkl\u00e4rung<\/a> zur Kenntnis genommen. Ich stimme zu, dass meine Angaben zur Kontaktaufnahme und f\u00fcr R\u00fcckfragen gespeichert werden.<\/span><\/label><\/span><\/span><\/span><\/div>\n<div style=\"text-align: center;color:#ffffff; margin:10px;\"><input type=\"submit\" value=\"Nachricht senden\" class=\"wpcf7-form-control wpcf7-submit\" \/><\/div>\n<div class=\"wpcf7-response-output\" role=\"alert\" aria-hidden=\"true\"><\/div><\/form><\/div><\/div><\/div><\/div><div class=\"vc_col-sm-4 wpb_column vc_column_container has-fill\"><div class=\"vc_column-inner us_custom_c8143e00\"><div class=\"wpb_wrapper\"><div class=\"wpb_text_column\" ><div class=\"wpb_wrapper\"><h2 style=\"text-align: center;\">Wir versprechen:<\/h2>\n<h2 style=\"text-align: center;\">So spannend war der JGA noch nie!<\/h2>\n<\/div><\/div><div class=\"aio-icon-component    style_1\"><div id=\"Info-box-wrap-5883\" class=\"aio-icon-box top-icon\" style=\"\"  ><div class=\"aio-icon-top\"><div class=\"ult-just-icon-wrapper  \"><div class=\"align-icon\" style=\"text-align:center;\">\n<div class=\"aio-icon none \" data-animation=\"fadeInRight\" data-animation-delay=\"03\" style=\"color:#ffffff;font-size:50px;display:inline-block;\">\n\t<i class=\"Defaults-group users\"><\/i>\n<\/div><\/div><\/div><\/div><div class=\"aio-icon-header\" ><h3 class=\"aio-icon-title ult-responsive\"  data-ultimate-target='#Info-box-wrap-5883 .aio-icon-title'  data-responsive-json-new='{\"font-size\":\"\",\"line-height\":\"\"}'  style=\"\">INDIVIDUELLE SPIELVARIANTEN<\/h3><\/div> <!-- header --><div class=\"aio-icon-description ult-responsive\"  data-ultimate-target='#Info-box-wrap-5883 .aio-icon-description'  data-responsive-json-new='{\"font-size\":\"\",\"line-height\":\"\"}'  style=\"\">\n<p style=\"text-align: center;\"><strong>F\u00fcr 2 bis 48 Personen<\/strong><\/p>\n<\/div> <!-- description --><\/div> <!-- aio-icon-box --><\/div> <!-- aio-icon-component --><div class=\"w-separator size_custom\" style=\"height:35px\"><\/div><div class=\"aio-icon-component    style_1\"><div id=\"Info-box-wrap-7997\" class=\"aio-icon-box top-icon\" style=\"\"  ><div class=\"aio-icon-top\"><div class=\"ult-just-icon-wrapper  \"><div class=\"align-icon\" style=\"text-align:center;\">\n<div class=\"aio-icon none \" data-animation=\"fadeInRight\" data-animation-delay=\"03\" style=\"color:#ffffff;font-size:50px;display:inline-block;\">\n\t<i class=\"Defaults-heartbeat\"><\/i>\n<\/div><\/div><\/div><\/div><div class=\"aio-icon-header\" ><h3 class=\"aio-icon-title ult-responsive\"  data-ultimate-target='#Info-box-wrap-7997 .aio-icon-title'  data-responsive-json-new='{\"font-size\":\"\",\"line-height\":\"\"}'  style=\"\">6 VERSCHIEDENE SZENARIEN<\/h3><\/div> <!-- header --><div class=\"aio-icon-description ult-responsive\"  data-ultimate-target='#Info-box-wrap-7997 .aio-icon-description'  data-responsive-json-new='{\"font-size\":\"\",\"line-height\":\"\"}'  style=\"\">Lassen das Herz jedes Spielers und jeder Spielerin h\u00f6her schlagen!<\/div> <!-- description --><\/div> <!-- aio-icon-box --><\/div> <!-- aio-icon-component --><div class=\"aio-icon-component    style_1\"><div id=\"Info-box-wrap-4624\" class=\"aio-icon-box top-icon\" style=\"\"  ><div class=\"aio-icon-top\"><div class=\"ult-just-icon-wrapper  \"><div class=\"align-icon\" style=\"text-align:center;\">\n<div class=\"aio-icon none \" data-animation=\"fadeInRight\" data-animation-delay=\"03\" style=\"color:#ffffff;font-size:50px;display:inline-block;\">\n\t<i class=\"Defaults-birthday-cake\"><\/i>\n<\/div><\/div><\/div><\/div><div class=\"aio-icon-header\" ><h3 class=\"aio-icon-title ult-responsive\"  data-ultimate-target='#Info-box-wrap-4624 .aio-icon-title'  data-responsive-json-new='{\"font-size\":\"\",\"line-height\":\"\"}'  style=\"\">F\u00dcR JEDES ALTER GEEIGNET<\/h3><\/div> <!-- header --><div class=\"aio-icon-description ult-responsive\"  data-ultimate-target='#Info-box-wrap-4624 .aio-icon-description'  data-responsive-json-new='{\"font-size\":\"\",\"line-height\":\"\"}'  style=\"\"><strong>von 14 &#8211; 99 Jahren<\/strong><\/div> <!-- description --><\/div> <!-- aio-icon-box --><\/div> <!-- aio-icon-component --><div class=\"aio-icon-component    style_1\"><div id=\"Info-box-wrap-4770\" class=\"aio-icon-box top-icon\" style=\"\"  ><div class=\"aio-icon-top\"><div class=\"ult-just-icon-wrapper  \"><div class=\"align-icon\" style=\"text-align:center;\">\n<div class=\"aio-icon none \" data-animation=\"fadeInRight\" data-animation-delay=\"03\" style=\"color:#ffffff;font-size:50px;display:inline-block;\">\n\t<i class=\"Defaults-info\"><\/i>\n<\/div><\/div><\/div><\/div><div class=\"aio-icon-header\" ><h3 class=\"aio-icon-title ult-responsive\"  data-ultimate-target='#Info-box-wrap-4770 .aio-icon-title'  data-responsive-json-new='{\"font-size\":\"\",\"line-height\":\"\"}'  style=\"\">WEITERE INFORMATIONEN<\/h3><\/div> <!-- header --><div class=\"aio-icon-description ult-responsive\"  data-ultimate-target='#Info-box-wrap-4770 .aio-icon-description'  data-responsive-json-new='{\"font-size\":\"\",\"line-height\":\"\"}'  style=\"\">\n<p style=\"text-align: center;\">Du willst mehr \u00fcber das Escape Game erfahren?<\/p>\n<\/div> <!-- description --><\/div> <!-- aio-icon-box --><\/div> <!-- aio-icon-component --><div class=\"w-btn-wrapper width_auto align_center\"><a class=\"w-btn us-btn-style_3 us_custom_80a192e9\" href=\"https:\/\/www.the-escape-room.de\/hannover\/\"><span class=\"w-btn-label\">Klicke hier!<\/span><\/a><\/div><\/div><\/div><\/div><\/div><\/div><\/section>\n","protected":false},"excerpt":{"rendered":"Junggesellinnen- &amp; Junggesellenabschied im Escape Room Hannover Eure beste Freundin oder euer bester Freund wird heiraten und ihr wollt vor der Hochzeit noch einmal gemeinsam einen ganz besonderen Tag erleben? Ihr habt keine au\u00dfergew\u00f6hnliche Idee f\u00fcr einen JGA in Hannover? Dann seid ihr bei uns genau richtig! In unserem Escape Room k\u00f6nnt ihr euer ultimatives...","protected":false},"author":1,"featured_media":0,"parent":0,"menu_order":0,"comment_status":"closed","ping_status":"closed","template":"","meta":[],"yoast_head":"<!-- This site is optimized with the Yoast SEO plugin v15.0 - https:\/\/yoast.com\/wordpress\/plugins\/seo\/ -->\n<title>Junggesellinnen- &amp; Junggesellenabschied - THE ESCAPE ROOM | Hannover<\/title>\n<meta name=\"description\" content=\"Ihr habt keine au\u00dfergew\u00f6hnliche Idee f\u00fcr einen Junggesellenabschied in Hannover? \u2705 Wir bieten euch individuelle M\u00f6glichkeiten f\u00fcr einen unvergesslichen JGA!\" \/>\n<meta name=\"robots\" content=\"index, follow, max-snippet:-1, max-image-preview:large, max-video-preview:-1\" \/>\n<link rel=\"canonical\" href=\"https:\/\/www.the-escape-room.de\/hannover\/jga\/\" \/>\n<meta property=\"og:locale\" content=\"de_DE\" \/>\n<meta property=\"og:type\" content=\"article\" \/>\n<meta property=\"og:title\" content=\"Junggesellinnen- &amp; Junggesellenabschied - THE ESCAPE ROOM | Hannover\" \/>\n<meta property=\"og:description\" content=\"Ihr habt keine au\u00dfergew\u00f6hnliche Idee f\u00fcr einen Junggesellenabschied in Hannover? \u2705 Wir bieten euch individuelle M\u00f6glichkeiten f\u00fcr einen unvergesslichen JGA!\" \/>\n<meta property=\"og:url\" content=\"https:\/\/www.the-escape-room.de\/hannover\/jga\/\" \/>\n<meta property=\"og:site_name\" content=\"THE ESCAPE ROOM | Hannover\" \/>\n<meta property=\"article:modified_time\" content=\"2022-07-19T09:11:12+00:00\" \/>\n<meta name=\"twitter:card\" content=\"summary_large_image\" \/>\n<script type=\"application\/ld+json\" class=\"yoast-schema-graph\">{\"@context\":\"https:\/\/schema.org\",\"@graph\":[{\"@type\":\"WebSite\",\"@id\":\"https:\/\/www.the-escape-room.de\/hannover\/#website\",\"url\":\"https:\/\/www.the-escape-room.de\/hannover\/\",\"name\":\"THE ESCAPE ROOM | Hannover\",\"description\":\"Das Spiel gegen die Zeit! \\u2705 Authentische R\\u00e4ume mit viel \\u2665 zum Detail. Das besondere Abenteuer f\\u00fcr Freunde, Familie und Kollegen.\",\"potentialAction\":[{\"@type\":\"SearchAction\",\"target\":\"https:\/\/www.the-escape-room.de\/hannover\/?s={search_term_string}\",\"query-input\":\"required name=search_term_string\"}],\"inLanguage\":\"de\"},{\"@type\":\"WebPage\",\"@id\":\"https:\/\/www.the-escape-room.de\/hannover\/jga\/#webpage\",\"url\":\"https:\/\/www.the-escape-room.de\/hannover\/jga\/\",\"name\":\"Junggesellinnen- & Junggesellenabschied - THE ESCAPE ROOM | Hannover\",\"isPartOf\":{\"@id\":\"https:\/\/www.the-escape-room.de\/hannover\/#website\"},\"datePublished\":\"2019-05-23T13:44:22+00:00\",\"dateModified\":\"2022-07-19T09:11:12+00:00\",\"description\":\"Ihr habt keine au\\u00dfergew\\u00f6hnliche Idee f\\u00fcr einen Junggesellenabschied in Hannover? \\u2705 Wir bieten euch individuelle M\\u00f6glichkeiten f\\u00fcr einen unvergesslichen JGA!\",\"inLanguage\":\"de\",\"potentialAction\":[{\"@type\":\"ReadAction\",\"target\":[\"https:\/\/www.the-escape-room.de\/hannover\/jga\/\"]}]}]}<\/script>\n<!-- \/ Yoast SEO plugin. -->","_links":{"self":[{"href":"https:\/\/www.the-escape-room.de\/hannover\/wp-json\/wp\/v2\/pages\/390"}],"collection":[{"href":"https:\/\/www.the-escape-room.de\/hannover\/wp-json\/wp\/v2\/pages"}],"about":[{"href":"https:\/\/www.the-escape-room.de\/hannover\/wp-json\/wp\/v2\/types\/page"}],"author":[{"embeddable":true,"href":"https:\/\/www.the-escape-room.de\/hannover\/wp-json\/wp\/v2\/users\/1"}],"replies":[{"embeddable":true,"href":"https:\/\/www.the-escape-room.de\/hannover\/wp-json\/wp\/v2\/comments?post=390"}],"version-history":[{"count":10,"href":"https:\/\/www.the-escape-room.de\/hannover\/wp-json\/wp\/v2\/pages\/390\/revisions"}],"predecessor-version":[{"id":907,"href":"https:\/\/www.the-escape-room.de\/hannover\/wp-json\/wp\/v2\/pages\/390\/revisions\/907"}],"wp:attachment":[{"href":"https:\/\/www.the-escape-room.de\/hannover\/wp-json\/wp\/v2\/media?parent=390"}],"curies":[{"name":"wp","href":"https:\/\/api.w.org\/{rel}","templated":true}]}}